{"id":7286,"date":"2018-07-11T05:09:15","date_gmt":"2018-07-11T05:09:15","guid":{"rendered":"https:\/\/www.cdecb.ca\/home\/"},"modified":"2023-03-28T18:31:22","modified_gmt":"2023-03-28T18:31:22","slug":"accueil","status":"publish","type":"page","link":"https:\/\/www.cdecb.ca\/fr\/","title":{"rendered":"Accueil"},"content":{"rendered":"\n\n\t\t\t<h1>Le Conseil Canadien d&rsquo;agr\u00e9ment des \u00e9ducateurs en diab\u00e8te<\/h1>\t\t\t\n\t\t\t<h3>Trouvez un \u00c9AD\u00ae dans votre communaut\u00e9<\/h3>\t\t\t\n\t\t\t\t<p>Utilisez notre outil \u00abTrouver un \u00c9AD\u00ae \u00bb pour acc\u00e9der \u00e0 un \u00c9AD\u00ae \u00a0dans votre communaut\u00e9 locale. Seuls les \u00c9AD\u00ae participant \u00e0 ce programme seront affich\u00e9s.<\/p>\n\t\t\t<a href=\"https:\/\/systems.cdecb.ca\/findCDE\" target=\"_self\" role=\"button\" aria-label=\"Rechercher Maintenant\" rel=\"noopener\">\n\t\t\t\t\t\t\tRechercher Maintenant\n\t\t<\/a>\n\t\t\t\t<img decoding=\"async\" src=\"https:\/\/www.cdecb.ca\/wp-content\/uploads\/2019\/08\/young-nurse-working-at-the-hospital-1000x750.jpg\" alt=\"Young nurse working at the hospital\" title=\"Young nurse working at the hospital\" itemprop=\"image\"  \/>\n\t\t\t<h2>Qu&rsquo;est-ce qu&rsquo;un \u00c9AD\u00ae?<\/h2>\t\t\t\n<p>Un Certified Diabetes Educator (CDE)\u00ae \/ <strong>\u00c9ducateur agr\u00e9\u00e9 en diab\u00e8te (EAD)\u00ae<\/strong>, est un professionnel de la sant\u00e9, vou\u00e9 \u00e0 l&rsquo;excellence dans l&rsquo;\u00e9ducation au diab\u00e8te, qui poss\u00e8de une solide base de connaissances en soins \/ gestion du diab\u00e8te et processus d&rsquo;\u00e9ducation, ainsi que de bonnes comp\u00e9tences en communication et qui a \u00e9t\u00e9 agr\u00e9\u00e9 \u00e0 titre d&rsquo;\u00e9ducateur canadien en diab\u00e8te suite \u00e0 l&rsquo;examen du Conseil (CCAED).<\/p>\n<p>Le processus d&rsquo;agr\u00e9ment des \u00e9ducateurs en diab\u00e8te est con\u00e7u pour les professionnels de la sant\u00e9 admissibles qui pratiquent actuellement l&rsquo;\u00e9ducation en diab\u00e8te au Canada.<\/p>\n<p>Le titre de comp\u00e9tence CDE\u00ae\/EAD\u00ae n&rsquo;est valide et autoris\u00e9 \u00e0 \u00eatre utilis\u00e9 que lorsque le candidat poss\u00e8de une licence compl\u00e8te et valide lui permettant d&rsquo;exercer en tant que professionnel de la sant\u00e9 r\u00e9glement\u00e9.<\/p>\n\t\t\t<a href=\"https:\/\/www.cdecb.ca\/fr\/comment-un-ead-peut-il-aider\/\" target=\"_self\" role=\"button\" aria-label=\"En savoir plus comment devenir un \u00c9AD\u00ae\" rel=\"noopener\">\n\t\t\t\t\t\t\tEn savoir plus comment devenir un \u00c9AD\u00ae\n\t\t<\/a>\n\t<p><a href=\"https:\/\/www.cdecb.ca\/comment-un-ead-peut-il-aider\/?lang=fr\">J&rsquo;ai le diab\u00e8te, comment un EAD\u00ae peut-il m&rsquo;aider?<\/a><\/p>\n\t\t<h3>Confirmer la d\u00e9signation \u00c9AD\u00ae<\/h3>\n\t\t<p>Utilisez \u00abConfirmer la d\u00e9signation \u00c9AD\u00ae\u00bb pour d\u00e9terminer si un professionnel de la sant\u00e9 poss\u00e8de une d\u00e9signation \u00c9AD\u00ae<\/p>\n<p>Trouvez tous les professionnels de la sant\u00e9 qui poss\u00e8dent le titre de \u00c9AD\u00ae par l&rsquo;entremise de ce moteur de recherche.<\/p>\n\t\t\t<a href=\"http:\/\/systems.cdecb.ca\/search\" target=\"_self\" role=\"button\" rel=\"noopener\">\n\t\t\t\t\t\t\tRechercher maintenant\n\t\t\t<\/a>\n\t\t\t<h2>Notre Mission<\/h2>\t\t\t\n\t\t\t\t<p>Le Canadian Diabetes Educator Certification Board (Conseil canadien d&rsquo;agr\u00e9ment des \u00e9ducateurs en diab\u00e8te) (CDECB) est responsable du d\u00e9veloppement et de l&rsquo;administration du programme d&rsquo;agr\u00e9ment pour les \u00e9ducateurs agr\u00e9\u00e9s en diab\u00e8te au Canada. Il \u00a0 est ind\u00e9pendant et distinct de toutes les autres organisations et associations li\u00e9es au diab\u00e8te.<\/p>\n\t\t\t\t<img decoding=\"async\" src=\"https:\/\/www.cdecb.ca\/wp-content\/uploads\/2018\/09\/icon02-free-img.png\" alt=\"icon02-free-img.png\" title=\"icon02-free-img.png\" itemprop=\"image\"\/>\n\t\t<h5>Vision<\/h5>\t\t\t\n\t\t\t\t<p>Tous les professionnels de la sant\u00e9 admissibles qui dispensent de l&rsquo;\u00e9ducation en diab\u00e8te obtiendront le titre d&rsquo;\u00e9ducateur agr\u00e9\u00e9 en diab\u00e8te (\u00c9AD\u00ae).<\/p>\n\t\t\t\t<img decoding=\"async\" src=\"https:\/\/www.cdecb.ca\/wp-content\/uploads\/2018\/09\/icon04-free-img.png\" alt=\"icon04-free-img.png\" title=\"icon04-free-img.png\" itemprop=\"image\"\/>\n\t\t<h5>Mission<\/h5>\t\t\t\n\t\t\t\t<p>Offrir un processus par lequel les professionnels de la sant\u00e9 admissibles peuvent devenir \u00e9ducateurs agr\u00e9\u00e9s en diab\u00e8te et renouveler, par la suite, leur agr\u00e9ment en satisfaisant aux exigences \u00e9tablies par le Conseil canadien d&rsquo;agr\u00e9ment des \u00e9ducateurs en diab\u00e8te. CDE\u00ae et \u00c9AD\u00ae sont des marques d\u00e9pos\u00e9es du Conseil Canadien d&rsquo;agr\u00e9ment des \u00e9ducateurs en diab\u00e8te.<\/p>\n\t\t\t<h2>Nouvelles et  annonces<\/h2>\t\t\t\n\t\t\t21 janvier 2022\t\t\t\n\t\t\t | \t\t\t\t\t\n\t\t\t\t\t\t\t\t\t<a href=\"https:\/\/www.cdecb.ca\/fr\/category\/evenements\/\" rel=\"category tag\">\u00c9v\u00e9nements<\/a>\t\t\t\t\n\t\t\t\t\t\t\t<h4>\n\t\t\t\t<a href=https:\/\/www.cdecb.ca\/fr\/events\/7th-annual-bc-pediatric-diabetes-day-is-taking-place-feb-4-5-2022\/ title=\"7th Annual BC Pediatric Diabetes Day is taking place Feb 4-5, 2022\" tabindex=\"0\">7th Annual BC Pediatric Diabetes Day is taking place Feb 4-5, 2022<\/a>\t\t\t<\/h4>\n\t\t\t\t\t\t\t\t<p>For more information on the 7th Annual BC Pediatric Diabetes Day please <a href=\"https:\/\/ubccpd.ca\/learn\/learning-activities\/course?eventtemplate=226-7th-annual-bc-pediatric-diabetes-day\">Click Here<\/a><\/p>\n\t\t\t28 octobre 2022\t\t\t\n\t\t\t | \t\t\t\t\t\n\t\t\t\t\t\t\t\t\t<a href=\"https:\/\/www.cdecb.ca\/fr\/category\/bulletins\/\" rel=\"category tag\">Bulletins<\/a>\t\t\t\t\n\t\t\t\t\t\t\t<h4>\n\t\t\t\t<a href=https:\/\/www.cdecb.ca\/fr\/announcements\/uohi-diabetes-day-wednesday-november-16-2022\/ title=\"UOHI Diabetes Day &#8211; Wednesday, November 16, 2022\" tabindex=\"0\">UOHI Diabetes Day &#8211; Wednesday, November 16, 2022<\/a>\t\t\t<\/h4>\n\t\t\t<a href=\"https:\/\/www.cdecb.ca\/fr\/announcements\/uohi-diabetes-day-wednesday-november-16-2022\/\" target=\"_self\" rel=\"noopener\">Lire plus &#8594;<\/a>\t\t\n\t\t\t18 mai 2022\t\t\t\n\t\t\t | \t\t\t\t\t\n\t\t\t\t\t\t\t\t\t<a href=\"https:\/\/www.cdecb.ca\/fr\/category\/bulletins\/\" rel=\"category tag\">Bulletins<\/a>\t\t\t\t\n\t\t\t\t\t\t\t<h4>\n\t\t\t\t<a href=https:\/\/www.cdecb.ca\/fr\/announcements\/22021-recipient-of-the-cdecbs-outstanding-award-of-excellence-and-dedication-cynthia-keith\/ title=\"2021 Recipient of the CDECB's Outstanding Award of Excellence and Dedication  &#8211; Cynthia Keith\" tabindex=\"0\">2021 Recipient of the CDECB&rsquo;s Outstanding Award of Excellence and Dedication  &#8211; Cynthia Keith<\/a>\t\t\t<\/h4>\n\t\t\t<a href=\"https:\/\/www.cdecb.ca\/fr\/announcements\/22021-recipient-of-the-cdecbs-outstanding-award-of-excellence-and-dedication-cynthia-keith\/\" target=\"_self\" rel=\"noopener\">Lire plus &#8594;<\/a>\t\t\n\t\t\t21 janvier 2022\t\t\t\n\t\t\t | \t\t\t\t\t\n\t\t\t\t\t\t\t\t\t<a href=\"https:\/\/www.cdecb.ca\/fr\/category\/bulletins\/\" rel=\"category tag\">Bulletins<\/a>\t\t\t\t\n\t\t\t\t\t\t\t<h4>\n\t\t\t\t<a href=https:\/\/www.cdecb.ca\/fr\/announcements\/charles-h-best-diabetes-centre-announces-the-launch-of-a-professional-development-program\/ title=\"Charles H. Best Diabetes Centre announces the launch of a Professional Development program\" tabindex=\"0\">Charles H. Best Diabetes Centre announces the launch of a Professional Development program<\/a>\t\t\t<\/h4>\n\t\t\t<a href=\"https:\/\/www.cdecb.ca\/fr\/announcements\/charles-h-best-diabetes-centre-announces-the-launch-of-a-professional-development-program\/\" target=\"_self\" rel=\"noopener\">Lire plus &#8594;<\/a>\t\t\n\t\t\t<a href=\"https:\/\/www.cdecb.ca\/fr\/actualites-et-bulletins\/\" target=\"_self\" role=\"button\" aria-label=\"Plus de nouvelles et annonces\" rel=\"noopener\">\n\t\t\t\t\t\t\tPlus de nouvelles et annonces\n\t\t<\/a>\n\t\t\t<h3>Int\u00e9ress\u00e9 \u00e0 devenir un \u00c9AD\u00ae?<\/h3>\t\t\t\n\t\t\t<a href=\"https:\/\/www.cdecb.ca\/fr\/professionnels\/comment-devenir-un-ead\/\" target=\"_self\" role=\"button\" aria-label=\"Apprendre comment\" rel=\"noopener\">\n\t\t\t\t\t\t\tApprendre comment\n\t\t<\/a>\n\t\t<h5>Autres demandes de renseignements<\/h5><h2>Envoie-nous un message<\/h2>\t\t\t\n\t\t\t\t<p>Nous voulons de vos nouvelles. Veuillez nous envoyer vos questions, commentaires o\u00f9 un suivi.<\/p>\n\n","protected":false},"excerpt":{"rendered":"<p>Le Conseil Canadien d&rsquo;agr\u00e9ment des \u00e9ducateurs en diab\u00e8te Trouvez un \u00c9AD\u00ae dans votre communaut\u00e9 Utilisez notre outil \u00abTrouver un \u00c9AD\u00ae \u00bb pour acc\u00e9der \u00e0 un \u00c9AD\u00ae \u00a0dans votre communaut\u00e9 locale. Seuls les \u00c9AD\u00ae participant \u00e0 ce programme seront affich\u00e9s. Rechercher Maintenant Qu&rsquo;est-ce qu&rsquo;un \u00c9AD\u00ae? Un Certified Diabetes Educator (CDE)\u00ae \/ \u00c9ducateur agr\u00e9\u00e9 en diab\u00e8te (EAD)\u00ae, [&hellip;]<\/p>\n","protected":false},"author":1,"featured_media":0,"parent":0,"menu_order":0,"comment_status":"closed","ping_status":"closed","template":"","meta":{"_acf_changed":false,"site-sidebar-layout":"no-sidebar","site-content-layout":"page-builder","ast-site-content-layout":"default","site-content-style":"default","site-sidebar-style":"default","ast-global-header-display":"","ast-banner-title-visibility":"","ast-main-header-display":"","ast-hfb-above-header-display":"","ast-hfb-below-header-display":"","ast-hfb-mobile-header-display":"","site-post-title":"disabled","ast-breadcrumbs-content":"","ast-featured-img":"disabled","footer-sml-layout":"","ast-disable-related-posts":"","theme-transparent-header-meta":"enabled","adv-header-id-meta":"","stick-header-meta":"default","header-above-stick-meta":"","header-main-stick-meta":"","header-below-stick-meta":"","astra-migrate-meta-layouts":"default","ast-page-background-enabled":"default","ast-page-background-meta":{"desktop":{"background-color":"","background-image":"","background-repeat":"repeat","background-position":"center center","background-size":"auto","background-attachment":"scroll","background-type":"","background-media":"","overlay-type":"","overlay-color":"","overlay-opacity":"","overlay-gradient":""},"tablet":{"background-color":"","background-image":"","background-repeat":"repeat","background-position":"center center","background-size":"auto","background-attachment":"scroll","background-type":"","background-media":"","overlay-type":"","overlay-color":"","overlay-opacity":"","overlay-gradient":""},"mobile":{"background-color":"","background-image":"","background-repeat":"repeat","background-position":"center center","background-size":"auto","background-attachment":"scroll","background-type":"","background-media":"","overlay-type":"","overlay-color":"","overlay-opacity":"","overlay-gradient":""}},"ast-content-background-meta":{"desktop":{"background-color":"var(--ast-global-color-5)","background-image":"","background-repeat":"repeat","background-position":"center center","background-size":"auto","background-attachment":"scroll","background-type":"","background-media":"","overlay-type":"","overlay-color":"","overlay-opacity":"","overlay-gradient":""},"tablet":{"background-color":"var(--ast-global-color-5)","background-image":"","background-repeat":"repeat","background-position":"center center","background-size":"auto","background-attachment":"scroll","background-type":"","background-media":"","overlay-type":"","overlay-color":"","overlay-opacity":"","overlay-gradient":""},"mobile":{"background-color":"var(--ast-global-color-5)","background-image":"","background-repeat":"repeat","background-position":"center center","background-size":"auto","background-attachment":"scroll","background-type":"","background-media":"","overlay-type":"","overlay-color":"","overlay-opacity":"","overlay-gradient":""}},"footnotes":""},"class_list":["post-7286","page","type-page","status-publish","hentry"],"acf":[],"_links":{"self":[{"href":"https:\/\/www.cdecb.ca\/fr\/wp-json\/wp\/v2\/pages\/7286","targetHints":{"allow":["GET"]}}],"collection":[{"href":"https:\/\/www.cdecb.ca\/fr\/wp-json\/wp\/v2\/pages"}],"about":[{"href":"https:\/\/www.cdecb.ca\/fr\/wp-json\/wp\/v2\/types\/page"}],"author":[{"embeddable":true,"href":"https:\/\/www.cdecb.ca\/fr\/wp-json\/wp\/v2\/users\/1"}],"replies":[{"embeddable":true,"href":"https:\/\/www.cdecb.ca\/fr\/wp-json\/wp\/v2\/comments?post=7286"}],"version-history":[{"count":10,"href":"https:\/\/www.cdecb.ca\/fr\/wp-json\/wp\/v2\/pages\/7286\/revisions"}],"predecessor-version":[{"id":10901,"href":"https:\/\/www.cdecb.ca\/fr\/wp-json\/wp\/v2\/pages\/7286\/revisions\/10901"}],"wp:attachment":[{"href":"https:\/\/www.cdecb.ca\/fr\/wp-json\/wp\/v2\/media?parent=7286"}],"curies":[{"name":"wp","href":"https:\/\/api.w.org\/{rel}","templated":true}]}}