{"id":7299,"date":"2018-07-11T05:09:30","date_gmt":"2018-07-11T05:09:30","guid":{"rendered":"https:\/\/www.cdecb.ca\/what-is-a-cde\/"},"modified":"2022-12-05T17:23:23","modified_gmt":"2022-12-05T17:23:23","slug":"quest-ce-quun-ead","status":"publish","type":"page","link":"https:\/\/www.cdecb.ca\/fr\/quest-ce-quun-ead\/","title":{"rendered":"Qu&rsquo;est-ce qu&rsquo;un \u00c9AD\u00ae?"},"content":{"rendered":"\n\n\t\t\t<h1>Qu&rsquo;est-ce qu&rsquo;un \u00c9AD\u00ae?<\/h1>\t\t\t\n\t\t\t\t<p>Un <strong>Certified Diabetes Educator (CDE)<\/strong><strong>\u00ae \/ \u00c9ducateur agr\u00e9\u00e9 en diab\u00e8tes (EAD)\u00ae<\/strong>, est un professionnel de la sant\u00e9, vou\u00e9 \u00e0 l&rsquo;excellence dans l&rsquo;\u00e9ducation au diab\u00e8te, qui poss\u00e8de une solide base de connaissances en soins \/ gestion du diab\u00e8te et processus d&rsquo;\u00e9ducation, ainsi que de bonnes comp\u00e9tences en communication et qui a \u00e9t\u00e9 agr\u00e9\u00e9 \u00e0 titre d&rsquo;\u00e9ducateur canadien en diab\u00e8te. Examen du Conseil (CCAED).<\/p>\n<p>Le mandat du Conseil Canadien d&rsquo;agr\u00e9ment des \u00e9ducateurs en diab\u00e8te\u00a0est de fournir un processus volontaire, accessible, valide et pertinent qui reconna\u00eet les sp\u00e9cialistes de l&rsquo;\u00e9ducation multidisciplinaire du diab\u00e8te qui s&rsquo;engagent \u00e0 promouvoir les normes nationales de soins pour les personnes et les communaut\u00e9s touch\u00e9es par le diab\u00e8te.<\/p>\n<p>Le titre agr\u00e9\u00e9 d&rsquo;\u00e9ducateur en diab\u00e8te reconna\u00eet l&rsquo;exp\u00e9rience et l&rsquo;excellence en mati\u00e8re d&rsquo;\u00e9ducation sur le diab\u00e8te et v\u00e9rifie qu&rsquo;une personne poss\u00e8de les connaissances, les comp\u00e9tences et les capacit\u00e9s n\u00e9cessaires pour exercer efficacement et en toute s\u00e9curit\u00e9 dans le cadre de sa profession et conform\u00e9ment aux Normes canadiennes d&rsquo;\u00e9ducation sur le diab\u00e8te.<\/p>\n<p>Le Conseil Canadien d&rsquo;agr\u00e9ment des \u00e9ducateurs en diab\u00e8te r\u00e9pond aux questions des professionnels de la sant\u00e9, y compris les podologues et les infirmi\u00e8res auxiliaires autoris\u00e9es, qui participent \u00e0 l&rsquo;\u00e9ducation sur le diab\u00e8te au sein d&rsquo;une \u00e9quipe multidisciplinaire et ont re\u00e7u des demandes pour obtenir le statut d&rsquo;\u00e9ducateur agr\u00e9\u00e9 en diab\u00e8te pour soutenir le travail. qu&rsquo;ils font avec les personnes atteintes de diab\u00e8te et leurs familles.<\/p>\n<p>Le processus de certification des \u00e9ducateurs en diab\u00e8te est con\u00e7u pour les professionnels de la sant\u00e9 admissibles qui pratiquent actuellement l&rsquo;\u00e9ducation en diab\u00e8te au Canada.\u00a0 Le titre de comp\u00e9tence CDE\u00ae\/EAD\u00ae n&rsquo;est valide et autoris\u00e9 \u00e0 \u00eatre utilis\u00e9 que lorsque le candidat poss\u00e8de une licence compl\u00e8te et valide lui permettant d&rsquo;exercer en tant que professionnel de la sant\u00e9 r\u00e9glement\u00e9.<\/p>\n<p>\u00c0 partir de 1991, les professionnels de la sant\u00e9 qui sont agr\u00e9\u00e9s par un organisme de r\u00e9glementation au Canada et qui ont accumul\u00e9 800 heures d&rsquo;exp\u00e9rience en \u00e9ducation au diab\u00e8te au cours des 3 derni\u00e8res ann\u00e9es englobant un large \u00e9ventail de comp\u00e9tences \u00e9tablies, peuvent demander \u00e0 passer l&rsquo;examen de certification des \u00e9ducateurs en diab\u00e8te. Les candidats retenus peuvent utiliser les titres de comp\u00e9tence Certified Diabetes Educator (CDE\u00ae) \/ \u00c9ducateur agr\u00e9\u00e9 en diab\u00e8tes (EAD\u00ae) pour une p\u00e9riode de 5 ans. Par la suite, la maintenance de l&rsquo;agr\u00e9ment est disponible par examen ou par option de portefeuille de cr\u00e9dits.<\/p>\n<p>Pour devenir un \u00c9ducateur agr\u00e9\u00e9 en diab\u00e8tes (EAD\u00ae), chaque candidat doit r\u00e9ussir l&rsquo;examen du Conseil Canadien d&rsquo;agr\u00e9ment des \u00e9ducateurs en diab\u00e8te (CDECB) qui est administr\u00e9 chaque ann\u00e9e, le samedi suivant les vacances de la f\u00eate de la Reine en mai. Chaque\u00a0 EAD\u00ae doit \u00eatre enti\u00e8rement enregistr\u00e9 et agr\u00e9\u00e9 aupr\u00e8s d&rsquo;un organisme de r\u00e9glementation au Canada en tant que professionnel de la sant\u00e9 et avoir travaill\u00e9 au moins 800 heures de\u00a0 pratique en \u00e9ducation sur le diab\u00e8te.\u00a0<\/p>\n<p>Pour plus d&rsquo;informations, veuillez consulter le\u00a0 <a href=\"https:\/\/www.cdecb.ca\/professionals\/exam\/handbook-and-documentation\/\">manuel d&rsquo;examen.<\/a><\/p>\n\t\t\t\t\t\t<p>\u00a0\u00bb Devenir un \u00c9AD\u00ae a \u00e9norm\u00e9ment am\u00e9lior\u00e9 mes connaissances sur le diab\u00e8te. Je me sens beaucoup plus confiant dans ma connaissance des soins du diab\u00e8te depuis l&rsquo;obtention de mon \u00c9AD\u00ae.\u00a0\u00ab\u00a0<\/p>\t\t\t\t\t\n\t\t\t\t\t\t\t<h6 class='uabb-testimonial-author-name testimonial-author-name'>\u00c9AD\u00ae &#8211; Section professionnelle de la Saskatchewan Nord de Diab\u00e8te Canada<\/h6>\t\t\t\t\t\t\t\n\t\t\t\t\t\t<p>\u00a0\u00bb Le fait d&rsquo;avoir mon \u00c9AD\u00ae me donne la confiance et les connaissances n\u00e9cessaires pour aider les gens \u00e0 g\u00e9rer leur diab\u00e8te. Comme pour toute sp\u00e9cialit\u00e9, je crois qu&rsquo;il est important et devrait \u00eatre une norme pour obtenir votre \u00c9AD\u00ae. \u00ab\u00a0<\/p>\t\t\t\t\t\n\t\t\t\t\t\t\t<h6 class='uabb-testimonial-author-name testimonial-author-name'>\u00c9AD\u00ae &#8211; Section professionnelle de la Saskatchewan Nord de Diab\u00e8te Canada<\/h6>\t\t\t\t\t\t\t\n\t\t\t<h3>Int\u00e9ress\u00e9 \u00e0 devenir un \u00c9AD\u00ae?<\/h3>\t\t\t\n\t\t\t<a href=\"https:\/\/www.cdecb.ca\/fr\/professionnels\/comment-devenir-un-ead\/\" target=\"_self\" role=\"button\" aria-label=\"Apprendre comment\" rel=\"noopener\">\n\t\t\t\t\t\t\tApprendre comment\n\t\t<\/a>\n\t\t<h5>Autres demandes de renseignements<\/h5><h2>Envoie-nous un message<\/h2>\t\t\t\n\t\t\t\t<p>Nous voulons de vos nouvelles. Veuillez nous envoyer vos questions, commentaires o\u00f9 un suivi.<\/p>\n\n","protected":false},"excerpt":{"rendered":"<p>Qu&rsquo;est-ce qu&rsquo;un \u00c9AD\u00ae? Un Certified Diabetes Educator (CDE)\u00ae \/ \u00c9ducateur agr\u00e9\u00e9 en diab\u00e8tes (EAD)\u00ae, est un professionnel de la sant\u00e9, vou\u00e9 \u00e0 l&rsquo;excellence dans l&rsquo;\u00e9ducation au diab\u00e8te, qui poss\u00e8de une solide base de connaissances en soins \/ gestion du diab\u00e8te et processus d&rsquo;\u00e9ducation, ainsi que de bonnes comp\u00e9tences en communication et qui a \u00e9t\u00e9 agr\u00e9\u00e9 [&hellip;]<\/p>\n","protected":false},"author":1,"featured_media":0,"parent":0,"menu_order":0,"comment_status":"closed","ping_status":"closed","template":"","meta":{"_acf_changed":false,"site-sidebar-layout":"no-sidebar","site-content-layout":"page-builder","ast-site-content-layout":"default","site-content-style":"default","site-sidebar-style":"default","ast-global-header-display":"","ast-banner-title-visibility":"","ast-main-header-display":"","ast-hfb-above-header-display":"","ast-hfb-below-header-display":"","ast-hfb-mobile-header-display":"","site-post-title":"disabled","ast-breadcrumbs-content":"","ast-featured-img":"disabled","footer-sml-layout":"","ast-disable-related-posts":"","theme-transparent-header-meta":"enabled","adv-header-id-meta":"","stick-header-meta":"default","header-above-stick-meta":"","header-main-stick-meta":"","header-below-stick-meta":"","astra-migrate-meta-layouts":"default","ast-page-background-enabled":"default","ast-page-background-meta":{"desktop":{"background-color":"","background-image":"","background-repeat":"repeat","background-position":"center center","background-size":"auto","background-attachment":"scroll","background-type":"","background-media":"","overlay-type":"","overlay-color":"","overlay-opacity":"","overlay-gradient":""},"tablet":{"background-color":"","background-image":"","background-repeat":"repeat","background-position":"center center","background-size":"auto","background-attachment":"scroll","background-type":"","background-media":"","overlay-type":"","overlay-color":"","overlay-opacity":"","overlay-gradient":""},"mobile":{"background-color":"","background-image":"","background-repeat":"repeat","background-position":"center center","background-size":"auto","background-attachment":"scroll","background-type":"","background-media":"","overlay-type":"","overlay-color":"","overlay-opacity":"","overlay-gradient":""}},"ast-content-background-meta":{"desktop":{"background-color":"var(--ast-global-color-5)","background-image":"","background-repeat":"repeat","background-position":"center center","background-size":"auto","background-attachment":"scroll","background-type":"","background-media":"","overlay-type":"","overlay-color":"","overlay-opacity":"","overlay-gradient":""},"tablet":{"background-color":"var(--ast-global-color-5)","background-image":"","background-repeat":"repeat","background-position":"center center","background-size":"auto","background-attachment":"scroll","background-type":"","background-media":"","overlay-type":"","overlay-color":"","overlay-opacity":"","overlay-gradient":""},"mobile":{"background-color":"var(--ast-global-color-5)","background-image":"","background-repeat":"repeat","background-position":"center center","background-size":"auto","background-attachment":"scroll","background-type":"","background-media":"","overlay-type":"","overlay-color":"","overlay-opacity":"","overlay-gradient":""}},"footnotes":""},"class_list":["post-7299","page","type-page","status-publish","hentry"],"acf":[],"_links":{"self":[{"href":"https:\/\/www.cdecb.ca\/fr\/wp-json\/wp\/v2\/pages\/7299","targetHints":{"allow":["GET"]}}],"collection":[{"href":"https:\/\/www.cdecb.ca\/fr\/wp-json\/wp\/v2\/pages"}],"about":[{"href":"https:\/\/www.cdecb.ca\/fr\/wp-json\/wp\/v2\/types\/page"}],"author":[{"embeddable":true,"href":"https:\/\/www.cdecb.ca\/fr\/wp-json\/wp\/v2\/users\/1"}],"replies":[{"embeddable":true,"href":"https:\/\/www.cdecb.ca\/fr\/wp-json\/wp\/v2\/comments?post=7299"}],"version-history":[{"count":8,"href":"https:\/\/www.cdecb.ca\/fr\/wp-json\/wp\/v2\/pages\/7299\/revisions"}],"predecessor-version":[{"id":10352,"href":"https:\/\/www.cdecb.ca\/fr\/wp-json\/wp\/v2\/pages\/7299\/revisions\/10352"}],"wp:attachment":[{"href":"https:\/\/www.cdecb.ca\/fr\/wp-json\/wp\/v2\/media?parent=7299"}],"curies":[{"name":"wp","href":"https:\/\/api.w.org\/{rel}","templated":true}]}}