{"id":7303,"date":"2019-08-15T00:02:04","date_gmt":"2019-08-15T00:02:04","guid":{"rendered":"https:\/\/www.cdecb.ca\/how-to-become-a-cde\/"},"modified":"2022-11-15T16:32:59","modified_gmt":"2022-11-15T16:32:59","slug":"comment-devenir-un-ead","status":"publish","type":"page","link":"https:\/\/www.cdecb.ca\/fr\/professionnels\/comment-devenir-un-ead\/","title":{"rendered":"Comment devenir un \u00e9ducateur certifi\u00e9 en diab\u00e8te"},"content":{"rendered":"\n\n\t\t\t\t<p>Int\u00e9ress\u00e9 \u00e0 devenir un EAD\u00ae ? D\u00e9couvrez le processus de certification et d&rsquo;examen, acc\u00e9dez \u00e0 notre documentation officielle et trouvez des r\u00e9ponses aux questions fr\u00e9quemment pos\u00e9es.<\/p>\n\t\t\t<h2>Comment devenir un \u00e9ducateur certifi\u00e9 en diab\u00e8te<\/h2>\t\t\t\n\t\t\t\t<a href=\"https:\/\/www.cdecb.ca\/wp-content\/uploads\/cdecb-how-to-become-a-cde.png\" target=\"_self\" itemprop=\"url\" rel=\"noopener\">\n\t\t\t\t<img loading=\"lazy\" decoding=\"async\" src=\"https:\/\/www.cdecb.ca\/wp-content\/uploads\/cdecb-how-to-become-a-cde.png\" alt=\"How to Become a CDE\" itemprop=\"image\" height=\"644\" width=\"1920\" title=\"How to Become a CDE\" onerror=\"this.style.display='none'\"  \/>\n\t\t\t\t<\/a>\n\t\t\t\t<p>Le <strong>manuel d&rsquo;examen<\/strong> contient les informations n\u00e9cessaires dont vous pourriez avoir besoin et devrait r\u00e9pondre \u00e0 vos questions concernant l&rsquo;admissibilit\u00e9 et le processus. Veuillez vous r\u00e9f\u00e9rer au Manuel d&rsquo;examen et aux FAQ g\u00e9n\u00e9rales et aux FAQ 800 heures en ligne avant de soumettre des questions au bureau du CDECB.<\/p>\n<p>Pour consulter le\u00a0 Manuel d&rsquo;examen\u00a0 s&rsquo;il vous pla\u00eet\u00a0 <a href=\"https:\/\/www.cdecb.ca\/fr\/professionnels\/examen\/manuel-examen-et-documentation\/\">cliquez ici<\/a><\/p>\n<p>Pour consulter la FAQ\u00a0 s&rsquo;il vous pla\u00eet\u00a0 <a href=\"https:\/\/www.cdecb.ca\/professionals\/exam\/faqs\/\">cliquez ici<\/a><\/p>\n<h3>Processus d&rsquo;inscription<\/h3>\n<p>Le processus d&rsquo;inscription pour passer l&rsquo;examen du CCAED est en ligne. Nous n&rsquo;acceptons\u00a0 pas\u00a0 les candidatures papier. L&rsquo;inscription au prochain examen d\u00e9butera \u00e0 l&rsquo;automne pr\u00e9c\u00e9dent. Au cours du processus, vous devrez fournir et t\u00e9l\u00e9charger les fichiers suivants:<\/p>\n<ol>\n<li aria-level=\"1\">Document d&rsquo;identification d\u00e9livr\u00e9 par le gouvernement. Veuillez vous assurer que l&rsquo;image est claire.<\/li>\n<li aria-level=\"1\">Preuve de pratique ACTUELLE. Il peut s&rsquo;agir d&rsquo;une copie de votre re\u00e7u lors du renouvellement de votre licence.\u00a0 N&rsquo;envoyez pas de\u00a0 copie de votre dipl\u00f4me.<\/li>\n<li aria-level=\"1\">Une copie de votre signature.<\/li>\n<\/ol>\n<p>Vous devrez \u00e9galement nous fournir votre exp\u00e9rience de travail d\u00e9crivant quoi et o\u00f9 vous avez dispens\u00e9 vos 800 heures d&rsquo;\u00e9ducation sur le diab\u00e8te. Vous devrez \u00e9galement fournir le nom et le num\u00e9ro de t\u00e9l\u00e9phone d&rsquo;un superviseur. Si vous conservez un journal de ces informations, vous pouvez les t\u00e9l\u00e9charger pendant le processus d&rsquo;inscription, mais ce n&rsquo;est pas une obligation.<\/p>\n<p>Les candidats ind\u00e9pendants pour la certification initiale doivent soumettre deux lettres de r\u00e9f\u00e9rence remplies par le CCAED: une d&rsquo;un \u00e9ducateur agr\u00e9\u00e9 en diab\u00e8te et une d&rsquo;un professionnel de la sant\u00e9 qui r\u00e9f\u00e8re les patients au demandeur pour une \u00e9ducation sur le diab\u00e8te. Une copie de ce formulaire est disponible en ligne sous la page d&rsquo;examen.<\/p>\n<p>Si vous avez d&rsquo;autres questions apr\u00e8s avoir examin\u00e9 le manuel d&rsquo;examen, veuillez <a href=\"https:\/\/www.cdecb.ca\/fr\/contact\/\">nous envoyer un message<\/a> .<\/p>\n\t\t<h4>Manuel d&rsquo;examen et documentation<\/h4>\t\t\t\n\t\t\t\t<p>Acc\u00e9dez aux derniers manuels et \u00e0 la documentation pour l&rsquo;examen d&rsquo;agr\u00e9ment \u00e0 venir.<\/p>\n\t\t\t<a href=\"https:\/\/www.cdecb.ca\/fr\/professionnels\/examen\/manuel-examen-et-documentation\/\" target=\"_self\" role=\"button\" aria-label=\"Afficher les manuels\" rel=\"noopener\">\n\t\t\t\t\t\t\tAfficher les manuels\n\t\t<\/a>\n\t<h3>\n\t\t\t\tOption portefeuille de cr\u00e9dit\n\t\t\t<\/h3>\n\t\t\t<p>Depuis 2006, les \u00e9ducateurs certifi\u00e9s en diab\u00e8te ont le maintien de la certification par portefeuille de cr\u00e9dits disponible comme alternative \u00e0 l&rsquo;examen de certification tous les cinq ans afin de maintenir leur statut CDE\u00ae.<a href=\"https:\/\/www.cdecb.ca\/fr\/professionnels\/maintien-de-la-certification\/\">Lire la suite<\/a><\/p>\t\n\t\t<h3>Foire aux Questions<\/h3>\t\t\t\n\t\t\t\t<p>Trouvez les r\u00e9ponses \u00e0 nos questions les plus fr\u00e9quemment pos\u00e9es.<br \/><form role=\"search\" class=\"uk-search uk-search-large uk-search-default\" method=\"post\" id=\"kbsearchform\" action=\"https:\/\/www.cdecb.ca\/fr\/\"><button type=\"submit\" id=\"searchsubmit\" data-uk-search-icon><\/button><input type=\"text\" value=\"\" name=\"s\" placeholder=\"Search for answers\" id=\"kb-s\" class=\"uk-search-input autosuggest\"\/><input type=\"hidden\" name=\"post_type\" value=\"knowledgebase\"\/><input type=\"hidden\" id=\"search_nonce\" name=\"search_nonce\" value=\"ff98c1af86\" \/><\/form><\/p>\n\t<div class=\"ast-breadcrumbs-wrapper\">\n\t\t\t<div class=\"ast-breadcrumbs-inner\"><nav role=\"navigation\" aria-label=\"Breadcrumbs\" class=\"breadcrumb-trail breadcrumbs\" ><div class=\"ast-breadcrumbs\"><ul class=\"trail-items\" ><li  class=\"trail-item trail-end\"><span><a href=\"https:\/\/www.cdecb.ca\/fr\/\" rel=\"home\"><span >Accueil<\/span><\/a><\/span><\/li><\/ul><\/div><\/nav><\/div>\n\t\t<\/div>\n\n","protected":false},"excerpt":{"rendered":"<p>Int\u00e9ress\u00e9 \u00e0 devenir un EAD\u00ae ? D\u00e9couvrez le processus de certification et d&rsquo;examen, acc\u00e9dez \u00e0 notre documentation officielle et trouvez des r\u00e9ponses aux questions fr\u00e9quemment pos\u00e9es. Comment devenir un \u00e9ducateur certifi\u00e9 en diab\u00e8te Le manuel d&rsquo;examen contient les informations n\u00e9cessaires dont vous pourriez avoir besoin et devrait r\u00e9pondre \u00e0 vos questions concernant l&rsquo;admissibilit\u00e9 et le [&hellip;]<\/p>\n","protected":false},"author":1,"featured_media":0,"parent":7329,"menu_order":0,"comment_status":"closed","ping_status":"closed","template":"","meta":{"_acf_changed":false,"site-sidebar-layout":"no-sidebar","site-content-layout":"page-builder","ast-site-content-layout":"default","site-content-style":"default","site-sidebar-style":"default","ast-global-header-display":"","ast-banner-title-visibility":"","ast-main-header-display":"disabled","ast-hfb-above-header-display":"","ast-hfb-below-header-display":"","ast-hfb-mobile-header-display":"","site-post-title":"disabled","ast-breadcrumbs-content":"","ast-featured-img":"disabled","footer-sml-layout":"","ast-disable-related-posts":"","theme-transparent-header-meta":"default","adv-header-id-meta":"","stick-header-meta":"","header-above-stick-meta":"","header-main-stick-meta":"","header-below-stick-meta":"","astra-migrate-meta-layouts":"default","ast-page-background-enabled":"default","ast-page-background-meta":{"desktop":{"background-color":"","background-image":"","background-repeat":"repeat","background-position":"center center","background-size":"auto","background-attachment":"scroll","background-type":"","background-media":"","overlay-type":"","overlay-color":"","overlay-opacity":"","overlay-gradient":""},"tablet":{"background-color":"","background-image":"","background-repeat":"repeat","background-position":"center center","background-size":"auto","background-attachment":"scroll","background-type":"","background-media":"","overlay-type":"","overlay-color":"","overlay-opacity":"","overlay-gradient":""},"mobile":{"background-color":"","background-image":"","background-repeat":"repeat","background-position":"center center","background-size":"auto","background-attachment":"scroll","background-type":"","background-media":"","overlay-type":"","overlay-color":"","overlay-opacity":"","overlay-gradient":""}},"ast-content-background-meta":{"desktop":{"background-color":"var(--ast-global-color-5)","background-image":"","background-repeat":"repeat","background-position":"center center","background-size":"auto","background-attachment":"scroll","background-type":"","background-media":"","overlay-type":"","overlay-color":"","overlay-opacity":"","overlay-gradient":""},"tablet":{"background-color":"var(--ast-global-color-5)","background-image":"","background-repeat":"repeat","background-position":"center center","background-size":"auto","background-attachment":"scroll","background-type":"","background-media":"","overlay-type":"","overlay-color":"","overlay-opacity":"","overlay-gradient":""},"mobile":{"background-color":"var(--ast-global-color-5)","background-image":"","background-repeat":"repeat","background-position":"center center","background-size":"auto","background-attachment":"scroll","background-type":"","background-media":"","overlay-type":"","overlay-color":"","overlay-opacity":"","overlay-gradient":""}},"footnotes":""},"class_list":["post-7303","page","type-page","status-publish","hentry"],"acf":[],"_links":{"self":[{"href":"https:\/\/www.cdecb.ca\/fr\/wp-json\/wp\/v2\/pages\/7303","targetHints":{"allow":["GET"]}}],"collection":[{"href":"https:\/\/www.cdecb.ca\/fr\/wp-json\/wp\/v2\/pages"}],"about":[{"href":"https:\/\/www.cdecb.ca\/fr\/wp-json\/wp\/v2\/types\/page"}],"author":[{"embeddable":true,"href":"https:\/\/www.cdecb.ca\/fr\/wp-json\/wp\/v2\/users\/1"}],"replies":[{"embeddable":true,"href":"https:\/\/www.cdecb.ca\/fr\/wp-json\/wp\/v2\/comments?post=7303"}],"version-history":[{"count":7,"href":"https:\/\/www.cdecb.ca\/fr\/wp-json\/wp\/v2\/pages\/7303\/revisions"}],"predecessor-version":[{"id":10219,"href":"https:\/\/www.cdecb.ca\/fr\/wp-json\/wp\/v2\/pages\/7303\/revisions\/10219"}],"up":[{"embeddable":true,"href":"https:\/\/www.cdecb.ca\/fr\/wp-json\/wp\/v2\/pages\/7329"}],"wp:attachment":[{"href":"https:\/\/www.cdecb.ca\/fr\/wp-json\/wp\/v2\/media?parent=7303"}],"curies":[{"name":"wp","href":"https:\/\/api.w.org\/{rel}","templated":true}]}}