{"id":7309,"date":"2019-10-01T19:01:40","date_gmt":"2019-10-01T19:01:40","guid":{"rendered":"https:\/\/www.cdecb.ca\/how-can-a-cde-help-me\/"},"modified":"2022-11-15T16:30:42","modified_gmt":"2022-11-15T16:30:42","slug":"comment-un-ead-peut-il-aider","status":"publish","type":"page","link":"https:\/\/www.cdecb.ca\/fr\/comment-un-ead-peut-il-aider\/","title":{"rendered":"Comment un \u00c9AD\u00ae peut il m\u2019aider ?"},"content":{"rendered":"\n\n\t\t\t<h5>J&rsquo;ai le diab\u00e8te<\/h5><h1>Comment un \u00c9AD\u00ae peut il m&rsquo;aider ?<\/h1>\t\t\t\n\t\t\t\t<p>Un \u00e9ducateur agr\u00e9\u00e9 en diab\u00e8te (\u00c9AD\u00ae) est un professionnel de la sant\u00e9, vou\u00e9 \u00e0 l&rsquo;excellence dans l&rsquo;\u00e9ducation au diab\u00e8te, qui poss\u00e8de une solide base de connaissances sur les soins \/ la gestion du diab\u00e8te et les processus d&rsquo;\u00e9ducation, ainsi que de bonnes comp\u00e9tences en communication et qui a \u00e9t\u00e9 agr\u00e9\u00e9 par l&rsquo;entremise de l&rsquo;examen du Conseil Canadien d&rsquo;agr\u00e9ment des \u00e9ducateurs en diab\u00e8te. Examen (CDECB) et \/o\u00f9, maintenu sa d\u00e9signation \u00c9AD\u00ae sur une base continue.<\/p>\n\t\t\t<h2>J&rsquo;ai besoin de trouver un \u00e9ducateur certifi\u00e9 en diab\u00e8te.<\/h2>\t\t\t\n\t\t\t\t<p>Les \u00e9ducateurs agr\u00e9\u00e9s en diab\u00e8te se trouvent dans divers \u00e9tablissements de soins de sant\u00e9: h\u00f4pitaux, \u00e9quipes de sant\u00e9 familiale; centres de sant\u00e9 communautaires; pharmacies, pour n&rsquo;en nommer que quelques-unes.<\/p>\n<p>L&rsquo;outil le plus r\u00e9cent introduit par le CCAED est \u00abTrouver un \u00c9AD\u00ae\u00bb. Les \u00e9ducateurs agr\u00e9\u00e9s en diab\u00e8te ont la possibilit\u00e9 de participer aux services d&rsquo;inscription pour vous permettre, au public, de trouver un \u00e9ducateur agr\u00e9\u00e9 en diab\u00e8te. Ce moteur de recherche volontaire est con\u00e7u pour les \u00e9ducateurs agr\u00e9\u00e9s en diab\u00e8te qui sont disponibles sans r\u00e9f\u00e9rence pour recevoir votre appel.<\/p>\n\t\t\t<a href=\"https:\/\/systems.cdecb.ca\/findCDE\" target=\"_self\" role=\"button\" aria-label=\"Trouver un \u00c9AD\u00ae\" rel=\"noopener\">\n\t\t\t\t\t\t\tTrouver un \u00c9AD\u00ae\n\t\t<\/a>\n\t\t\t<h2>J&rsquo;ai un professionnel de la sant\u00e9. Ce professionnel de la sant\u00e9 a-t-il une d\u00e9signation EAD\u00ae ?<\/h2>\t\t\t\n\t\t\t\t<p>Nous avons un outil pour \u00e7a ! V\u00e9rifiez simplement en ligne. Si vous trouvez votre professionnel de la sant\u00e9, il poss\u00e8de une d\u00e9signation EAD\u00ae.<\/p>\n\t\t\t<a href=\"http:\/\/systems.cdecb.ca\/search\" target=\"_self\" role=\"button\" aria-label=\"Confirmer une d\u00e9signation \u00c9AD\u00ae\" rel=\"noopener\">\n\t\t\t\t\t\t\tConfirmer une d\u00e9signation \u00c9AD\u00ae\n\t\t<\/a>\n\t\t\t<h2>Quels avantages puis-je recevoir de mon professionnel de la sant\u00e9 ayant un titre \u00c9AD\u00ae?<\/h2>\t\t\t\n\t<p>Votre professionnel de la sant\u00e9 fait partie d&rsquo;une incroyable communaut\u00e9 de professionnels de la sant\u00e9 qui ont d\u00e9montr\u00e9 leur niveau de connaissance du diab\u00e8te. Ils sont les mieux plac\u00e9s pour vous aider \u00e0 g\u00e9rer votre diab\u00e8te.<\/p>\n<p>En tant que membre de l&rsquo;incroyable communaut\u00e9 d&rsquo;\u00e9ducateurs certifi\u00e9s en diab\u00e8te, les \u00c9AD\u00ae sont capables de cr\u00e9er des r\u00e9seaux au sein de cette communaut\u00e9.<\/p>\n\t\t\t<h2>Ce que nos membres ont \u00e0 dire<\/h2>\t\t\t\n<p>Nous avons demand\u00e9 aux membres du Prix du chapitre exceptionnel de l&rsquo;ann\u00e9e 2018 ce qu&rsquo;ils pensaient de la d\u00e9signation \u00c9AD\u00ae. Voici quelques commentaires qu&rsquo;ils avaient \u00e0 dire sur la fa\u00e7on dont leur d\u00e9signation a aid\u00e9 les personnes atteintes de diab\u00e8te:<\/p>\n\t\t\t<a href=\"https:\/\/www.cdecb.ca\/temoignages\/?lang=fr\" target=\"_self\" role=\"button\" aria-label=\"Lire plus de t\u00e9moignages\" rel=\"noopener\">\n\t\t\t\t\t\t\tLire plus de t\u00e9moignages\n\t\t<\/a>\n\t\t\t\t\t\t<p>\u00a0\u00bb Je suis tr\u00e8s fier d&rsquo;\u00eatre un \u00c9AD\u00ae et je suis reconnaissant de l&rsquo;opportunit\u00e9 d&rsquo;am\u00e9liorer mes connaissances en soins du diab\u00e8te. Il permet aux personnes atteintes de diab\u00e8te de s&rsquo;assurer qu&rsquo;elles re\u00e7oivent les meilleurs soins des personnes ayant atteint leur \u00c9AD\u00ae. \u00ab\u00a0<\/p>\t\t\t\t\t\n\t\t\t\t\t\t<p>\u00a0\u00bb Gr\u00e2ce aux connaissances que j&rsquo;ai acquises en devenant \u00c9AD\u00ae, je sens maintenant que je suis en mesure d&rsquo;aider les personnes atteintes de diab\u00e8te \u00e0 avoir une meilleure qualit\u00e9 de vie, car je suis en mesure de m&rsquo;assurer qu&rsquo;elles re\u00e7oivent les meilleurs soins avec les meilleures pratiques. \u00ab\u00a0<\/p>\t\t\t\t\t\n\t\t\t\t\t\t<p>\u00a0\u00bb Je suis devenu \u00c9AD\u00ae dans le but d&rsquo;am\u00e9liorer ma communaut\u00e9 et ma pratique professionnelle en tant que pharmacien. Le diab\u00e8te est une affection courante que j&rsquo;ai trouv\u00e9e lors de la prestation de soins aux patients. Les connaissances acquises en \u00e9tudiant pour mon examen \u00c9AD\u00ae et en continuant \u00e0 m&rsquo;\u00e9duquer am\u00e9liorent mes connaissances sur la condition. Cette connaissance me permet d&rsquo;\u00e9duquer les patients et d&rsquo;aider \u00e0 am\u00e9liorer la compr\u00e9hension des patients sur la fa\u00e7on de contr\u00f4ler leur \u00e9tat. \u00ab\u00a0<\/p>\t\t\t\t\t\n\t\t\t<h3>Int\u00e9ress\u00e9 \u00e0 devenir un \u00c9AD\u00ae?<\/h3>\t\t\t\n\t\t\t<a href=\"https:\/\/www.cdecb.ca\/fr\/professionnels\/comment-devenir-un-ead\/\" target=\"_self\" role=\"button\" aria-label=\"Apprendre comment\" rel=\"noopener\">\n\t\t\t\t\t\t\tApprendre comment\n\t\t<\/a>\n\t\t<h5>Autres demandes de renseignements<\/h5><h2>Envoie-nous un message<\/h2>\t\t\t\n\t\t\t\t<p>Nous voulons de vos nouvelles. Veuillez nous envoyer vos questions, commentaires o\u00f9 un suivi.<\/p>\n\n","protected":false},"excerpt":{"rendered":"<p>J&rsquo;ai le diab\u00e8te Comment un \u00c9AD\u00ae peut il m&rsquo;aider ? Un \u00e9ducateur agr\u00e9\u00e9 en diab\u00e8te (\u00c9AD\u00ae) est un professionnel de la sant\u00e9, vou\u00e9 \u00e0 l&rsquo;excellence dans l&rsquo;\u00e9ducation au diab\u00e8te, qui poss\u00e8de une solide base de connaissances sur les soins \/ la gestion du diab\u00e8te et les processus d&rsquo;\u00e9ducation, ainsi que de bonnes comp\u00e9tences en communication [&hellip;]<\/p>\n","protected":false},"author":1,"featured_media":0,"parent":0,"menu_order":0,"comment_status":"closed","ping_status":"closed","template":"","meta":{"_acf_changed":false,"site-sidebar-layout":"default","site-content-layout":"page-builder","ast-site-content-layout":"default","site-content-style":"default","site-sidebar-style":"default","ast-global-header-display":"","ast-banner-title-visibility":"","ast-main-header-display":"","ast-hfb-above-header-display":"","ast-hfb-below-header-display":"","ast-hfb-mobile-header-display":"","site-post-title":"disabled","ast-breadcrumbs-content":"","ast-featured-img":"disabled","footer-sml-layout":"","ast-disable-related-posts":"","theme-transparent-header-meta":"enabled","adv-header-id-meta":"","stick-header-meta":"","header-above-stick-meta":"","header-main-stick-meta":"","header-below-stick-meta":"","astra-migrate-meta-layouts":"default","ast-page-background-enabled":"default","ast-page-background-meta":{"desktop":{"background-color":"","background-image":"","background-repeat":"repeat","background-position":"center center","background-size":"auto","background-attachment":"scroll","background-type":"","background-media":"","overlay-type":"","overlay-color":"","overlay-opacity":"","overlay-gradient":""},"tablet":{"background-color":"","background-image":"","background-repeat":"repeat","background-position":"center center","background-size":"auto","background-attachment":"scroll","background-type":"","background-media":"","overlay-type":"","overlay-color":"","overlay-opacity":"","overlay-gradient":""},"mobile":{"background-color":"","background-image":"","background-repeat":"repeat","background-position":"center center","background-size":"auto","background-attachment":"scroll","background-type":"","background-media":"","overlay-type":"","overlay-color":"","overlay-opacity":"","overlay-gradient":""}},"ast-content-background-meta":{"desktop":{"background-color":"var(--ast-global-color-5)","background-image":"","background-repeat":"repeat","background-position":"center center","background-size":"auto","background-attachment":"scroll","background-type":"","background-media":"","overlay-type":"","overlay-color":"","overlay-opacity":"","overlay-gradient":""},"tablet":{"background-color":"var(--ast-global-color-5)","background-image":"","background-repeat":"repeat","background-position":"center center","background-size":"auto","background-attachment":"scroll","background-type":"","background-media":"","overlay-type":"","overlay-color":"","overlay-opacity":"","overlay-gradient":""},"mobile":{"background-color":"var(--ast-global-color-5)","background-image":"","background-repeat":"repeat","background-position":"center center","background-size":"auto","background-attachment":"scroll","background-type":"","background-media":"","overlay-type":"","overlay-color":"","overlay-opacity":"","overlay-gradient":""}},"footnotes":""},"class_list":["post-7309","page","type-page","status-publish","hentry"],"acf":[],"_links":{"self":[{"href":"https:\/\/www.cdecb.ca\/fr\/wp-json\/wp\/v2\/pages\/7309","targetHints":{"allow":["GET"]}}],"collection":[{"href":"https:\/\/www.cdecb.ca\/fr\/wp-json\/wp\/v2\/pages"}],"about":[{"href":"https:\/\/www.cdecb.ca\/fr\/wp-json\/wp\/v2\/types\/page"}],"author":[{"embeddable":true,"href":"https:\/\/www.cdecb.ca\/fr\/wp-json\/wp\/v2\/users\/1"}],"replies":[{"embeddable":true,"href":"https:\/\/www.cdecb.ca\/fr\/wp-json\/wp\/v2\/comments?post=7309"}],"version-history":[{"count":6,"href":"https:\/\/www.cdecb.ca\/fr\/wp-json\/wp\/v2\/pages\/7309\/revisions"}],"predecessor-version":[{"id":10218,"href":"https:\/\/www.cdecb.ca\/fr\/wp-json\/wp\/v2\/pages\/7309\/revisions\/10218"}],"wp:attachment":[{"href":"https:\/\/www.cdecb.ca\/fr\/wp-json\/wp\/v2\/media?parent=7309"}],"curies":[{"name":"wp","href":"https:\/\/api.w.org\/{rel}","templated":true}]}}