{"id":7313,"date":"2019-10-02T17:39:55","date_gmt":"2019-10-02T17:39:55","guid":{"rendered":"https:\/\/www.cdecb.ca\/testimonials\/"},"modified":"2022-11-15T15:24:57","modified_gmt":"2022-11-15T15:24:57","slug":"temoignages","status":"publish","type":"page","link":"https:\/\/www.cdecb.ca\/fr\/temoignages\/","title":{"rendered":"T\u00e9moignages"},"content":{"rendered":"\n\n\t\t\t<h1>T\u00e9moignages<\/h1>\t\t\t\n\t\t\t<h2>Ce que nos membres ont \u00e0 dire<\/h2>\t\t\t\n<p>Nous avons demand\u00e9 aux membres de la section professionnelle de la Saskatchewan Nord, les r\u00e9cipiendaires du prix du chapitre de l&rsquo;ann\u00e9e 2018 de Diab\u00e8te Canada, ce que signifie pour eux une d\u00e9signation CDE\u00ae\/\u00c9AD\u00ae Voici ce qu&rsquo;ils avaient \u00e0 dire:<\/p>\n<p>Photo: Photo: De gauche \u00e0 droite: Sherri Pockett, LaVerne Churko, Nancy Johnson, Connie Brausse, Jackie Boschman, Calysta Priddy, Andrew Tinkl (derni\u00e8re rang\u00e9e), Kellie Heidel, Monique Gessner, Jan Cochrane, Carlene Schmaltz, Dr Simon Wong<\/p>\n\t\t\t\t\t\t<p>\u00a0\u00bb Gr\u00e2ce aux connaissances que j&rsquo;ai acquises en devenant CDE\u00ae\/\u00c9AD\u00ae , je sens maintenant que je suis en mesure d&rsquo;aider les personnes atteintes de diab\u00e8te \u00e0 avoir une meilleure qualit\u00e9 de vie, car je suis en mesure de m&rsquo;assurer qu&rsquo;elles re\u00e7oivent les meilleurs soins avec les meilleures pratiques. \u00ab\u00a0<\/p>\t\t\t\t\t\n\t\t\t\t\t\t<p>\u00a0\u00bb Devenir un CDE\u00ae\/\u00c9AD\u00ae \u00a0a \u00e9norm\u00e9ment am\u00e9lior\u00e9 mes connaissances sur le diab\u00e8te. Je me sens beaucoup plus confiant dans ma connaissance des soins du diab\u00e8te depuis l&rsquo;obtention de mon CDE\u00ae\/\u00c9AD\u00ae . \u00ab\u00a0<\/p>\t\t\t\t\t\n\t\t\t\t\t\t<p>\u00a0\u00bb Mes coll\u00e8gues de travail et mes clients respectent mon titre et les connaissances que j&rsquo;ai acquises en tant que CDE\u00ae\/\u00c9AD\u00ae . Tous les professionnels du diab\u00e8te devraient avoir leur CDE\u00ae\/\u00c9AD\u00ae \u00a0et je suis tr\u00e8s reconnaissant et tr\u00e8s fier d&rsquo;avoir obtenu ce titre. \u00ab\u00a0<\/p>\t\t\t\t\t\n\t\t\t\t\t\t<p>\u00a0\u00bb Je suis tr\u00e8s fier d&rsquo;\u00eatre un CDE\u00ae\/\u00c9AD\u00ae \u00a0et je suis reconnaissant de l&rsquo;opportunit\u00e9 d&rsquo;am\u00e9liorer mes connaissances en soins du diab\u00e8te. Il permet aux personnes atteintes de diab\u00e8te de s&rsquo;assurer qu&rsquo;elles re\u00e7oivent les meilleurs soins des personnes ayant atteint leur CDE\u00ae\/\u00c9AD\u00ae\u00a0. .<\/p>\t\t\t\t\t\n\t\t\t\t\t\t<p>\u00a0\u00bb Je suis devenu CDE\u00ae\/\u00c9AD\u00ae \u00a0dans le but d&rsquo;am\u00e9liorer ma communaut\u00e9 et ma pratique professionnelle en tant que pharmacien. Le diab\u00e8te est une affection courante que j&rsquo;ai trouv\u00e9e lors de la prestation de soins aux patients. Les connaissances acquises en \u00e9tudiant mon examen CDE\u00ae\/\u00c9AD\u00ae \u00a0et en continuant \u00e0 m&rsquo;\u00e9duquer am\u00e9liorent mes connaissances sur la condition. Cette connaissance me permet d&rsquo;\u00e9duquer les patients et d&rsquo;aider \u00e0 am\u00e9liorer la compr\u00e9hension des patients sur la fa\u00e7on de contr\u00f4ler leur \u00e9tat. \u00ab\u00a0<\/p>\t\t\t\t\t\n\t\t\t\t\t\t<p>\u00a0\u00bb Le fait d&rsquo;avoir mon CDE\u00ae\/\u00c9AD\u00ae \u00a0me donne la confiance et les connaissances n\u00e9cessaires pour aider les gens \u00e0 g\u00e9rer leur diab\u00e8te. Comme pour toute sp\u00e9cialit\u00e9, je crois qu&rsquo;il est important et devrait \u00eatre une norme pour obtenir votre CDE\u00ae\/\u00c9AD\u00ae. \u00ab\u00a0<\/p>\t\t\t\t\t\n\t\t\t\t\t\t<p>\u00a0\u00bb J&rsquo;ai maintenant un organe directeur responsable qui me permet d&rsquo;\u00eatre le meilleur possible en tant qu&rsquo;\u00e9ducateur. \u00ab\u00a0<\/p>\t\t\t\t\t\n\t\t\t\t\t\t<p>\u00a0\u00bb Fiers et autonomes \u00ab\u00a0<\/p>\t\t\t\t\t\n\t\t\t\t\t\t<p>\u00a0\u00bb D\u00e9tenir un titre CDE\u00ae\/\u00c9AD\u00ae \u00a0signifie que je fais partie d&rsquo;une communaut\u00e9 qui dispose d&rsquo;une base de soins \/ connaissances de haut niveau dans le monde du diab\u00e8te. Il est important d&rsquo;avoir cet accomplissement pour que mes clients et les personnes que j&rsquo;aide sachent qu&rsquo;ils obtiennent les r\u00e9ponses les plus \u00e0 jour et les plus pr\u00e9cises possibles. Je suis fier d&rsquo;avoir gagn\u00e9 mon CDE\u00ae\/\u00c9AD\u00ae \u00a0et je fais partie de cette incroyable communaut\u00e9.\u00a0 \u00ab\u00a0<\/p>\t\t\t\t\t\n\t\t\t\t\t\t<p>\u00a0\u00bb Apr\u00e8s avoir obtenu mon CDE\u00ae\/\u00c9AD\u00ae , je sens maintenant que j&rsquo;ai plus d&rsquo;expertise dans ma pratique et que j&rsquo;ai \u00e9t\u00e9 en contact avec de nombreux professionnels comp\u00e9tents, comme des esprits partageant une passion commune pour am\u00e9liorer la vie des personnes atteintes de diab\u00e8te. \u00ab\u00a0<\/p>\t\t\t\t\t\n\t\t\t<h3>Int\u00e9ress\u00e9 \u00e0 devenir un \u00c9AD\u00ae?<\/h3>\t\t\t\n\t\t\t<a href=\"https:\/\/www.cdecb.ca\/fr\/professionnels\/comment-devenir-un-ead\/\" target=\"_self\" role=\"button\" aria-label=\"Apprendre comment\" rel=\"noopener\">\n\t\t\t\t\t\t\tApprendre comment\n\t\t<\/a>\n\t\t<h5>Autres demandes de renseignements<\/h5><h2>Envoie-nous un message<\/h2>\t\t\t\n\t\t\t\t<p>Nous voulons de vos nouvelles. Veuillez nous envoyer vos questions, commentaires o\u00f9 un suivi.<\/p>\n\n","protected":false},"excerpt":{"rendered":"<p>T\u00e9moignages Ce que nos membres ont \u00e0 dire Nous avons demand\u00e9 aux membres de la section professionnelle de la Saskatchewan Nord, les r\u00e9cipiendaires du prix du chapitre de l&rsquo;ann\u00e9e 2018 de Diab\u00e8te Canada, ce que signifie pour eux une d\u00e9signation CDE\u00ae\/\u00c9AD\u00ae Voici ce qu&rsquo;ils avaient \u00e0 dire: Photo: Photo: De gauche \u00e0 droite: Sherri Pockett, [&hellip;]<\/p>\n","protected":false},"author":1,"featured_media":0,"parent":0,"menu_order":0,"comment_status":"closed","ping_status":"closed","template":"","meta":{"_acf_changed":false,"site-sidebar-layout":"default","site-content-layout":"page-builder","ast-site-content-layout":"default","site-content-style":"default","site-sidebar-style":"default","ast-global-header-display":"","ast-banner-title-visibility":"","ast-main-header-display":"","ast-hfb-above-header-display":"","ast-hfb-below-header-display":"","ast-hfb-mobile-header-display":"","site-post-title":"disabled","ast-breadcrumbs-content":"","ast-featured-img":"disabled","footer-sml-layout":"","ast-disable-related-posts":"","theme-transparent-header-meta":"enabled","adv-header-id-meta":"","stick-header-meta":"","header-above-stick-meta":"","header-main-stick-meta":"","header-below-stick-meta":"","astra-migrate-meta-layouts":"default","ast-page-background-enabled":"default","ast-page-background-meta":{"desktop":{"background-color":"","background-image":"","background-repeat":"repeat","background-position":"center center","background-size":"auto","background-attachment":"scroll","background-type":"","background-media":"","overlay-type":"","overlay-color":"","overlay-opacity":"","overlay-gradient":""},"tablet":{"background-color":"","background-image":"","background-repeat":"repeat","background-position":"center center","background-size":"auto","background-attachment":"scroll","background-type":"","background-media":"","overlay-type":"","overlay-color":"","overlay-opacity":"","overlay-gradient":""},"mobile":{"background-color":"","background-image":"","background-repeat":"repeat","background-position":"center center","background-size":"auto","background-attachment":"scroll","background-type":"","background-media":"","overlay-type":"","overlay-color":"","overlay-opacity":"","overlay-gradient":""}},"ast-content-background-meta":{"desktop":{"background-color":"var(--ast-global-color-5)","background-image":"","background-repeat":"repeat","background-position":"center center","background-size":"auto","background-attachment":"scroll","background-type":"","background-media":"","overlay-type":"","overlay-color":"","overlay-opacity":"","overlay-gradient":""},"tablet":{"background-color":"var(--ast-global-color-5)","background-image":"","background-repeat":"repeat","background-position":"center center","background-size":"auto","background-attachment":"scroll","background-type":"","background-media":"","overlay-type":"","overlay-color":"","overlay-opacity":"","overlay-gradient":""},"mobile":{"background-color":"var(--ast-global-color-5)","background-image":"","background-repeat":"repeat","background-position":"center center","background-size":"auto","background-attachment":"scroll","background-type":"","background-media":"","overlay-type":"","overlay-color":"","overlay-opacity":"","overlay-gradient":""}},"footnotes":""},"class_list":["post-7313","page","type-page","status-publish","hentry"],"acf":[],"_links":{"self":[{"href":"https:\/\/www.cdecb.ca\/fr\/wp-json\/wp\/v2\/pages\/7313","targetHints":{"allow":["GET"]}}],"collection":[{"href":"https:\/\/www.cdecb.ca\/fr\/wp-json\/wp\/v2\/pages"}],"about":[{"href":"https:\/\/www.cdecb.ca\/fr\/wp-json\/wp\/v2\/types\/page"}],"author":[{"embeddable":true,"href":"https:\/\/www.cdecb.ca\/fr\/wp-json\/wp\/v2\/users\/1"}],"replies":[{"embeddable":true,"href":"https:\/\/www.cdecb.ca\/fr\/wp-json\/wp\/v2\/comments?post=7313"}],"version-history":[{"count":4,"href":"https:\/\/www.cdecb.ca\/fr\/wp-json\/wp\/v2\/pages\/7313\/revisions"}],"predecessor-version":[{"id":10199,"href":"https:\/\/www.cdecb.ca\/fr\/wp-json\/wp\/v2\/pages\/7313\/revisions\/10199"}],"wp:attachment":[{"href":"https:\/\/www.cdecb.ca\/fr\/wp-json\/wp\/v2\/media?parent=7313"}],"curies":[{"name":"wp","href":"https:\/\/api.w.org\/{rel}","templated":true}]}}