{"id":7318,"date":"2018-07-11T05:22:08","date_gmt":"2018-07-11T05:22:08","guid":{"rendered":"https:\/\/www.cdecb.ca\/contact-us\/"},"modified":"2022-11-15T17:13:41","modified_gmt":"2022-11-15T17:13:41","slug":"contact","status":"publish","type":"page","link":"https:\/\/www.cdecb.ca\/fr\/contact\/","title":{"rendered":"Nous joindre"},"content":{"rendered":"\n\n\t\t\t<h1>Nous joindre<\/h1><h2>Nous sommes l\u00e0 pour vous aider<\/h2>\t\t\t\n\t\t\t\t<p>Veuillez nous envoyer vos questions, commentaires o\u00f9 un suivi.<\/p>\n\t\t\t<h2>Envoie-nous un message<\/h2>\t\t\t\n\t<p>Veuillez remplir le formulaire ci-dessous et nous r\u00e9pondrons \u00e0 vos questions, commentaires ou suivi.<\/p>\n<h3>\n\t\tNos bureaux\n\t<\/h3>\n\t<h4>Conseil canadien de certification des \u00e9ducateurs en diab\u00e8te<\/h4>\n13909 Hurontario Street<br \/>\nNorth Suite<br \/>\nCaledon, Ontario<br \/>\nL7C 2C9\nT\u00e9l\u00e9phone:\u00a0 \u00a0 \u00a0 \u00a0 \u00a0(905) 838-4898<br \/>\nT\u00e9l\u00e9copieur:\u00a0 \u00a0 \u00a0 \u00a0(905) 838-4899\n\t\t\t\t\t\t\t\t<a href=\"https:\/\/www.cdecb.ca\/fr\/reconnaissance-des-terres\/\" target=\"_self\" rel=\"noopener\">\n\t\t\t\t\t\t<\/a>\n\t\t<h6><a href=\"https:\/\/www.cdecb.ca\/fr\/reconnaissance-des-terres\/\" target=\"_self\" rel=\"noopener\"><\/a><\/h6>\t\t\n\t\t\t<h6>Reconnaissance des terres<\/h6>\n<p>Nous reconnaissons que notre travail se d\u00e9roule sur les territoires autochtones traditionnels \u00e0 travers le Canada.<\/p>\n<a href=\"https:\/\/www.cdecb.ca\/fr\/reconnaissance-des-terres\/\" target=\"_self\" rel=\"noopener\">Read More<\/a>\t\t\n\n","protected":false},"excerpt":{"rendered":"<p>Nous joindre Nous sommes l\u00e0 pour vous aider Veuillez nous envoyer vos questions, commentaires o\u00f9 un suivi. Envoie-nous un message Veuillez remplir le formulaire ci-dessous et nous r\u00e9pondrons \u00e0 vos questions, commentaires ou suivi. Nos bureaux Conseil canadien de certification des \u00e9ducateurs en diab\u00e8te 13909 Hurontario Street North Suite Caledon, Ontario L7C 2C9 T\u00e9l\u00e9phone:\u00a0 \u00a0 [&hellip;]<\/p>\n","protected":false},"author":1,"featured_media":0,"parent":0,"menu_order":0,"comment_status":"closed","ping_status":"closed","template":"","meta":{"_acf_changed":false,"site-sidebar-layout":"no-sidebar","site-content-layout":"page-builder","ast-site-content-layout":"default","site-content-style":"default","site-sidebar-style":"default","ast-global-header-display":"","ast-banner-title-visibility":"","ast-main-header-display":"","ast-hfb-above-header-display":"","ast-hfb-below-header-display":"","ast-hfb-mobile-header-display":"","site-post-title":"disabled","ast-breadcrumbs-content":"","ast-featured-img":"disabled","footer-sml-layout":"","ast-disable-related-posts":"","theme-transparent-header-meta":"enabled","adv-header-id-meta":"","stick-header-meta":"default","header-above-stick-meta":"","header-main-stick-meta":"","header-below-stick-meta":"","astra-migrate-meta-layouts":"default","ast-page-background-enabled":"default","ast-page-background-meta":{"desktop":{"background-color":"","background-image":"","background-repeat":"repeat","background-position":"center center","background-size":"auto","background-attachment":"scroll","background-type":"","background-media":"","overlay-type":"","overlay-color":"","overlay-opacity":"","overlay-gradient":""},"tablet":{"background-color":"","background-image":"","background-repeat":"repeat","background-position":"center center","background-size":"auto","background-attachment":"scroll","background-type":"","background-media":"","overlay-type":"","overlay-color":"","overlay-opacity":"","overlay-gradient":""},"mobile":{"background-color":"","background-image":"","background-repeat":"repeat","background-position":"center center","background-size":"auto","background-attachment":"scroll","background-type":"","background-media":"","overlay-type":"","overlay-color":"","overlay-opacity":"","overlay-gradient":""}},"ast-content-background-meta":{"desktop":{"background-color":"var(--ast-global-color-5)","background-image":"","background-repeat":"repeat","background-position":"center center","background-size":"auto","background-attachment":"scroll","background-type":"","background-media":"","overlay-type":"","overlay-color":"","overlay-opacity":"","overlay-gradient":""},"tablet":{"background-color":"var(--ast-global-color-5)","background-image":"","background-repeat":"repeat","background-position":"center center","background-size":"auto","background-attachment":"scroll","background-type":"","background-media":"","overlay-type":"","overlay-color":"","overlay-opacity":"","overlay-gradient":""},"mobile":{"background-color":"var(--ast-global-color-5)","background-image":"","background-repeat":"repeat","background-position":"center center","background-size":"auto","background-attachment":"scroll","background-type":"","background-media":"","overlay-type":"","overlay-color":"","overlay-opacity":"","overlay-gradient":""}},"footnotes":""},"class_list":["post-7318","page","type-page","status-publish","hentry"],"acf":[],"_links":{"self":[{"href":"https:\/\/www.cdecb.ca\/fr\/wp-json\/wp\/v2\/pages\/7318","targetHints":{"allow":["GET"]}}],"collection":[{"href":"https:\/\/www.cdecb.ca\/fr\/wp-json\/wp\/v2\/pages"}],"about":[{"href":"https:\/\/www.cdecb.ca\/fr\/wp-json\/wp\/v2\/types\/page"}],"author":[{"embeddable":true,"href":"https:\/\/www.cdecb.ca\/fr\/wp-json\/wp\/v2\/users\/1"}],"replies":[{"embeddable":true,"href":"https:\/\/www.cdecb.ca\/fr\/wp-json\/wp\/v2\/comments?post=7318"}],"version-history":[{"count":7,"href":"https:\/\/www.cdecb.ca\/fr\/wp-json\/wp\/v2\/pages\/7318\/revisions"}],"predecessor-version":[{"id":10228,"href":"https:\/\/www.cdecb.ca\/fr\/wp-json\/wp\/v2\/pages\/7318\/revisions\/10228"}],"wp:attachment":[{"href":"https:\/\/www.cdecb.ca\/fr\/wp-json\/wp\/v2\/media?parent=7318"}],"curies":[{"name":"wp","href":"https:\/\/api.w.org\/{rel}","templated":true}]}}