{"id":7323,"date":"2021-08-23T14:46:18","date_gmt":"2021-08-23T14:46:18","guid":{"rendered":"https:\/\/www.cdecb.ca\/?page_id=7323"},"modified":"2021-08-23T18:26:52","modified_gmt":"2021-08-23T18:26:52","slug":"a-propos","status":"publish","type":"page","link":"https:\/\/www.cdecb.ca\/fr\/a-propos\/","title":{"rendered":"\u00c0 propos"},"content":{"rendered":"\r\n<h2 class=\"wp-block-heading\"><span style=\"font-weight: 400;\">Histoire du CDECB<\/span><\/h2>\r\n\r\n\r\n\r\n\r\n<span style=\"font-weight: 400;\">La certification des \u00e9ducateurs en diab\u00e8te a commenc\u00e9 en tant que projet sp\u00e9cial de la section des \u00e9ducateurs en diab\u00e8te (DES) de l&rsquo;Association canadienne du diab\u00e8te (ACD) en septembre 1988. Le Comit\u00e9 national de construction de tests (NTCC) a re\u00e7u le mandat de d\u00e9terminer les comp\u00e9tences en \u00e9ducation au diab\u00e8te et d&rsquo;\u00e9laborer, de piloter tester, mettre en banque et entretenir les \u00e9l\u00e9ments de test pour l&rsquo;examen de certification. Au printemps 1990, il a \u00e9t\u00e9 d\u00e9cid\u00e9 que l&rsquo;ACD ne pouvait pas \u00eatre un m\u00e9canisme de certification et que le groupe charg\u00e9 d&rsquo;administrer la certification devrait \u00eatre une entit\u00e9 distincte de l&rsquo;ACD. Cela s&rsquo;est produit en 1991.<\/span>\r\n\r\n<span style=\"font-weight: 400;\">Le premier examen de l\u2019agr\u00e9ment des \u00e9ducateurs en diab\u00e8te a eu lieu en octobre 1991. L&rsquo;examen comprenait trois volets, un examen \u00e9crit et deux volets de performance (\u00e9valuation sur bande vid\u00e9o des principes d&rsquo;enseignement et des performances d&rsquo;enseignement par les pairs). Les deux composantes du rendement de l&rsquo;examen ont \u00e9t\u00e9 abandonn\u00e9es \u00e0 compter de 1995. C&rsquo;\u00e9tait \u00e9galement l&rsquo;ann\u00e9e du premier examen de fran\u00e7ais.\u00a0\u00a0<\/span>\r\n\r\n<span style=\"font-weight: 400;\">Le CDECB est devenu une entit\u00e9 constitu\u00e9e en soci\u00e9t\u00e9 en 1996. La premi\u00e8re r\u00e9attribution\u00a0 a eu lieu \u00e0 l&rsquo;automne 1996. Le guide d&rsquo;\u00e9tude \u00e9tait initialement disponible \u00e0 l&rsquo;automne 1998. Les examens sont surveill\u00e9s dans des sites d\u00e9sign\u00e9s et non d\u00e9sign\u00e9s au Canada (et peuvent comprendre sites de pays).\u00a0<\/span>\r\n\r\n<span style=\"font-weight: 400;\">L&rsquo;\u00e9laboration de l&rsquo;examen suit un processus rigoureux (validit\u00e9 et fiabilit\u00e9) de travail en comit\u00e9, y compris les r\u00e9dacteurs d&rsquo;items, les \u00e9valuateurs d&rsquo;items et les comit\u00e9s d&rsquo;examen des examens. La m\u00e9thode Angoff modifi\u00e9e, qui a fait ses preuves en mati\u00e8re d&rsquo;\u00e9quit\u00e9 et de d\u00e9fendabilit\u00e9, est utilis\u00e9e pour fixer le score de r\u00e9ussite chaque ann\u00e9e.<\/span>\r\n\r\n<span style=\"font-weight: 400;\">Le maintien de l\u2019agr\u00e9ment par portefeuille \u00e9tait une vision du CDECB en 2003. Beaucoup de travail acharn\u00e9 a abouti \u00e0 l&rsquo;introduction graduelle sur 5 ans du maintien de la certification avec la collecte de cr\u00e9dits de formation continue bas\u00e9s sur les comp\u00e9tences \u00e9tablies \u00e0 partir de 2006.<\/span>\r\n\r\n<span style=\"font-weight: 400;\">CDE\u00ae et EAD\u00ae sont maintenant des marques d\u00e9pos\u00e9es du Conseil canadien de certification des \u00e9ducateurs en diab\u00e8te, et l&rsquo;utilisation de ces marques est sous licence.<\/span>\r\n\r\n<span style=\"font-weight: 400;\">Le CDECB continue de commercialiser la valeur d&rsquo;avoir des \u00e9ducateurs certifi\u00e9s en diab\u00e8te parmi son personnel. Nous continuons \u00e0 grandir dans les m\u00e9dias sociaux pour r\u00e9pondre aux besoins de notre client\u00e8le\u2026 .vous les \u00e9ducateurs.<\/span>","protected":false},"excerpt":{"rendered":"<p>Histoire du CDECB La certification des \u00e9ducateurs en diab\u00e8te a commenc\u00e9 en tant que projet sp\u00e9cial de la section des \u00e9ducateurs en diab\u00e8te (DES) de l&rsquo;Association canadienne du diab\u00e8te (ACD) en septembre 1988. Le Comit\u00e9 national de construction de tests (NTCC) a re\u00e7u le mandat de d\u00e9terminer les comp\u00e9tences en \u00e9ducation au diab\u00e8te et d&rsquo;\u00e9laborer, [&hellip;]<\/p>\n","protected":false},"author":1,"featured_media":0,"parent":0,"menu_order":0,"comment_status":"closed","ping_status":"closed","template":"","meta":{"_acf_changed":false,"site-sidebar-layout":"default","site-content-layout":"default","ast-site-content-layout":"default","site-content-style":"default","site-sidebar-style":"default","ast-global-header-display":"","ast-banner-title-visibility":"","ast-main-header-display":"","ast-hfb-above-header-display":"","ast-hfb-below-header-display":"","ast-hfb-mobile-header-display":"","site-post-title":"","ast-breadcrumbs-content":"","ast-featured-img":"","footer-sml-layout":"","ast-disable-related-posts":"","theme-transparent-header-meta":"default","adv-header-id-meta":"","stick-header-meta":"","header-above-stick-meta":"","header-main-stick-meta":"","header-below-stick-meta":"","astra-migrate-meta-layouts":"default","ast-page-background-enabled":"default","ast-page-background-meta":{"desktop":{"background-color":"","background-image":"","background-repeat":"repeat","background-position":"center center","background-size":"auto","background-attachment":"scroll","background-type":"","background-media":"","overlay-type":"","overlay-color":"","overlay-opacity":"","overlay-gradient":""},"tablet":{"background-color":"","background-image":"","background-repeat":"repeat","background-position":"center center","background-size":"auto","background-attachment":"scroll","background-type":"","background-media":"","overlay-type":"","overlay-color":"","overlay-opacity":"","overlay-gradient":""},"mobile":{"background-color":"","background-image":"","background-repeat":"repeat","background-position":"center center","background-size":"auto","background-attachment":"scroll","background-type":"","background-media":"","overlay-type":"","overlay-color":"","overlay-opacity":"","overlay-gradient":""}},"ast-content-background-meta":{"desktop":{"background-color":"var(--ast-global-color-5)","background-image":"","background-repeat":"repeat","background-position":"center center","background-size":"auto","background-attachment":"scroll","background-type":"","background-media":"","overlay-type":"","overlay-color":"","overlay-opacity":"","overlay-gradient":""},"tablet":{"background-color":"var(--ast-global-color-5)","background-image":"","background-repeat":"repeat","background-position":"center center","background-size":"auto","background-attachment":"scroll","background-type":"","background-media":"","overlay-type":"","overlay-color":"","overlay-opacity":"","overlay-gradient":""},"mobile":{"background-color":"var(--ast-global-color-5)","background-image":"","background-repeat":"repeat","background-position":"center center","background-size":"auto","background-attachment":"scroll","background-type":"","background-media":"","overlay-type":"","overlay-color":"","overlay-opacity":"","overlay-gradient":""}},"footnotes":""},"class_list":["post-7323","page","type-page","status-publish","hentry"],"acf":[],"_links":{"self":[{"href":"https:\/\/www.cdecb.ca\/fr\/wp-json\/wp\/v2\/pages\/7323","targetHints":{"allow":["GET"]}}],"collection":[{"href":"https:\/\/www.cdecb.ca\/fr\/wp-json\/wp\/v2\/pages"}],"about":[{"href":"https:\/\/www.cdecb.ca\/fr\/wp-json\/wp\/v2\/types\/page"}],"author":[{"embeddable":true,"href":"https:\/\/www.cdecb.ca\/fr\/wp-json\/wp\/v2\/users\/1"}],"replies":[{"embeddable":true,"href":"https:\/\/www.cdecb.ca\/fr\/wp-json\/wp\/v2\/comments?post=7323"}],"version-history":[{"count":2,"href":"https:\/\/www.cdecb.ca\/fr\/wp-json\/wp\/v2\/pages\/7323\/revisions"}],"predecessor-version":[{"id":7454,"href":"https:\/\/www.cdecb.ca\/fr\/wp-json\/wp\/v2\/pages\/7323\/revisions\/7454"}],"wp:attachment":[{"href":"https:\/\/www.cdecb.ca\/fr\/wp-json\/wp\/v2\/media?parent=7323"}],"curies":[{"name":"wp","href":"https:\/\/api.w.org\/{rel}","templated":true}]}}