{"id":7329,"date":"2019-09-11T18:02:11","date_gmt":"2019-09-11T18:02:11","guid":{"rendered":"https:\/\/www.cdecb.ca\/professionals\/"},"modified":"2022-11-15T17:49:46","modified_gmt":"2022-11-15T17:49:46","slug":"professionnels","status":"publish","type":"page","link":"https:\/\/www.cdecb.ca\/fr\/professionnels\/","title":{"rendered":"Pour les professionnels"},"content":{"rendered":"\n\n\t\t\t<h1>Ressources pour \u00c9AD\u00ae et professionels<\/h1>\t\t\t\n\t\t\t\t<a href=\"https:\/\/www.cdecb.ca\/fr\/temoignages\/\" target=\"_self\" rel=\"noopener\">Voir les t\u00e9moignages des \u00c9AD\u00ae<\/a>\t\t\t\n\t\t\t<a href=\"#exam\" target=\"_self\" rel=\"nofollow noopener\" role=\"button\" aria-label=\"D\u00e9butez\">\n\t\t\t\t\t\t\tD\u00e9butez\n\t\t<\/a>\n\t\t\t<h3>Confirmer la d\u00e9signation \u00c9AD\u00ae<\/h3>\t\t\t\n\t\t\t\t<p>Utilisez \u00abConfirmer la d\u00e9signation CDE\u00ae\/\u00c9AD\u00ae\u00bb pour d\u00e9terminer si un professionnel de la sant\u00e9 poss\u00e8de une d\u00e9signation CDE\u00ae\/\u00c9AD\u00ae. Trouvez tous les professionnels de la sant\u00e9 qui poss\u00e8dent le titre de CDE\u00ae\/\u00c9AD\u00ae par l&rsquo;entremise de ce moteur de recherche.<\/p>\n\t\t\t<a href=\"http:\/\/systems.cdecb.ca\/search\" target=\"_self\" role=\"button\" aria-label=\"Rechercher maintenant\" rel=\"noopener\">\n\t\t\t\t\t\t\tRechercher maintenant\n\t\t<\/a>\n\t\t\t<h2>Examen de certification<\/h2>\t\t\t\n\t\t<h3>\t\n\tMise \u00e0 jour de l&rsquo;examen<\/h3>\t\t\n\t<h3 id=\"tw-target-text\" dir=\"ltr\" data-placeholder=\"Translation\">L&rsquo;inscription \u00e0 l&rsquo;examen 2023 commencera \u00e0 l&rsquo;automne 2022.\u00a0 Veuillez consulter notre site Web www.cdecb.ca alors. L&rsquo;examen du CDECB de mai 2023 se d\u00e9roulera par voie \u00e9lectronique. Le co\u00fbt de l&rsquo;examen est de 550,00 $ en dollars canadiens. Vous pouvez choisir de passer l&rsquo;examen l&rsquo;un des jours suivants : jeudi 25 mai 2023 vendredi 26 mai 2023 samedi 27 mai 2023 Les certificats CDECB ont \u00e9t\u00e9 post\u00e9s via Postes Canada le 9 ao\u00fbt 2022. Veuillez pr\u00e9voir au moins 3 semaines pour que Postes Canada vous les livre. <\/h3>\n<h3 dir=\"ltr\" data-placeholder=\"Translation\">Pour vous assurer de recevoir toutes les communications avec nous, veuillez ajouter les e-mails suivants \u00e0 votre liste de contacts. systems@cdecb.ca et cdecb@cdecb.ca<\/h3>\n\t\t<h4>Manuel d&rsquo;examen et documentation<\/h4>\t\t\t\n\t\t\t\t<p>Acc\u00e9dez aux derniers manuels et \u00e0 la documentation pour l&rsquo;examen d&rsquo;agr\u00e9ment \u00e0 venir.<\/p>\n\t\t\t<a href=\"https:\/\/www.cdecb.ca\/fr\/professionnels\/examen\/manuel-examen-et-documentation\/\" target=\"_self\" role=\"button\" aria-label=\"Afficher les manuels\" rel=\"noopener\">\n\t\t\t\t\t\t\tAfficher les manuels\n\t\t<\/a>\n\t\t<h3>Foire aux Questions<\/h3>\t\t\t\n\t\t\t\t<p>Trouvez les r\u00e9ponses \u00e0 nos questions les plus fr\u00e9quemment pos\u00e9es.<br \/><form role=\"search\" class=\"uk-search uk-search-large uk-search-default\" method=\"post\" id=\"kbsearchform\" action=\"https:\/\/www.cdecb.ca\/fr\/\"><button type=\"submit\" id=\"searchsubmit\" data-uk-search-icon><\/button><input type=\"text\" value=\"\" name=\"s\" placeholder=\"Search for answers\" id=\"kb-s\" class=\"uk-search-input autosuggest\"\/><input type=\"hidden\" name=\"post_type\" value=\"knowledgebase\"\/><input type=\"hidden\" id=\"search_nonce\" name=\"search_nonce\" value=\"ab09d28070\" \/><\/form><\/p>\n\t\t\t<h2>Pour maintenir l&rsquo;accr\u00e9ditation<\/h2>\t\t\t\n\t<h3>\n\t\t\t\tOption de portefeuille de cr\u00e9dit\n\t\t\t<\/h3>\n\t\t\t<p>Depuis 2006, les \u00e9ducateurs agr\u00e9\u00e9 en diab\u00e8te ont acc\u00e8s au maintien de l&rsquo;accr\u00e9ditation par portefeuille de cr\u00e9dits comme alternative \u00e0 l&rsquo;examen d&rsquo;accr\u00e9ditation tous les cinq ans afin de conserver leur statut de \u00c9AD\u00ae.<a href=\"https:\/\/www.cdecb.ca\/fr\/professionnels\/maintien-de-la-certification\/\">En savoir plus sur le maintien de la certification<\/a><\/p>\t\n\t\t<h4>Manuels et documentation sur le portefeuille de cr\u00e9dit<\/h4>\t\t\t\n\t\t\t\t<p>Acc\u00e9dez aux derniers manuels, documents et formulaires pour le prochain examen d&rsquo;accr\u00e9ditation.<\/p>\n\t\t\t<a href=\"https:\/\/www.cdecb.ca\/fr\/professionnels\/maintien-de-la-certification\/manuel-pc-2019\/\" target=\"_self\" role=\"button\" aria-label=\"Afficher les manuels\" rel=\"noopener\">\n\t\t\t\t\t\t\tAfficher les manuels\n\t\t<\/a>\n\t\t\t<h2>Int\u00e9ress\u00e9 \u00e0 devenir un \u00c9AD ?<\/h2>\n<p>Un <strong>\u00e9ducateur agr\u00e9\u00e9 en diab\u00e8te (\u00c9AD\u00ae)<\/strong> est un professionnel de la sant\u00e9, engag\u00e9 envers l&rsquo;excellence dans l&rsquo;\u00e9ducation au diab\u00e8te, qui poss\u00e8de une solide base de connaissances dans les processus de soins\/gestion et d&rsquo;\u00e9ducation du diab\u00e8te, ainsi que de bonnes comp\u00e9tences en communication et qui a r\u00e9ussi l&rsquo;examen du Conseil canadien d&rsquo;agr\u00e9ment des \u00e9ducateurs en diab\u00e8te (CCAED).<\/p>\n<p>Le processus de certification pour les \u00e9ducateurs en diab\u00e8te est con\u00e7u pour les professionnels de la sant\u00e9 admissibles qui pratiquent actuellement l&rsquo;\u00e9ducation au diab\u00e8te au Canada.<\/p>\n\t\t\t<a href=\"https:\/\/www.cdecb.ca\/fr\/professionnels\/comment-devenir-un-ead\/\" target=\"_self\" role=\"button\" aria-label=\"En savoir plus sur comment devenir un \u00c9AD\u00ae\" rel=\"noopener\">\n\t\t\t\t\t\t\tEn savoir plus sur comment devenir un \u00c9AD\u00ae\n\t\t<\/a>\n\t\t\t<h2>Opportunit\u00e9s pour les \u00c9AD\u00ae<\/h2>\t\t\t\n\t\t<h3>Opportunit\u00e9s d&#8217;emploi<\/h3>\t\t\t\n\t\t\t\t<p>D\u00e9couvrez les offres d&#8217;emploi disponibles pour les \u00c9AD\u00ae au Canada.<\/p>\n\t\t\t<a href=\"https:\/\/www.cdecb.ca\/fr\/professionnels\/opportunites-emploi\/\" target=\"_self\" role=\"button\" aria-label=\"Afficher les offres d&#039;emploi\" rel=\"noopener\">\n\t\t\t\t\t\t\tAfficher les offres d&#8217;emploi\n\t\t<\/a>\n\t\t\t<h3>Faire du b\u00e9n\u00e9volat<\/h3>\t\t\t\n\t\t\t\t<p>Les b\u00e9n\u00e9voles sont un \u00e9l\u00e9ment important du Conseil Canadien d&rsquo;agr\u00e9ment des \u00e9ducateurs en diab\u00e8te. Leur connaissance du diab\u00e8te a permis au Conseil Canadien d&rsquo;agr\u00e9ment des \u00e9ducateurs en diab\u00e8te d&rsquo;\u00eatre ce qu&rsquo;il est.<\/p>\n\t\t\t<a href=\"https:\/\/www.cdecb.ca\/fr\/professionnels\/benevolat\/\" target=\"_self\" role=\"button\" aria-label=\"En savoir plus sur le b\u00e9n\u00e9volat\" rel=\"noopener\">\n\t\t\t\t\t\t\tEn savoir plus sur le b\u00e9n\u00e9volat\n\t\t<\/a>\n\t\t\t<h2>Nouvelles et  annonces<\/h2>\t\t\t\n\t\t\t21 janvier 2022\t\t\t\n\t\t\t | \t\t\t\t\t\n\t\t\t\t\t\t\t\t\t<a href=\"https:\/\/www.cdecb.ca\/fr\/category\/evenements\/\" rel=\"category tag\">\u00c9v\u00e9nements<\/a>\t\t\t\t\n\t\t\t\t\t\t\t<h4>\n\t\t\t\t<a href=https:\/\/www.cdecb.ca\/fr\/events\/7th-annual-bc-pediatric-diabetes-day-is-taking-place-feb-4-5-2022\/ title=\"7th Annual BC Pediatric Diabetes Day is taking place Feb 4-5, 2022\" tabindex=\"0\">7th Annual BC Pediatric Diabetes Day is taking place Feb 4-5, 2022<\/a>\t\t\t<\/h4>\n\t\t\t\t\t\t\t\t<p>For more information on the 7th Annual BC Pediatric Diabetes Day please <a href=\"https:\/\/ubccpd.ca\/learn\/learning-activities\/course?eventtemplate=226-7th-annual-bc-pediatric-diabetes-day\">Click Here<\/a><\/p>\n\t\t\t28 octobre 2022\t\t\t\n\t\t\t | \t\t\t\t\t\n\t\t\t\t\t\t\t\t\t<a href=\"https:\/\/www.cdecb.ca\/fr\/category\/bulletins\/\" rel=\"category tag\">Bulletins<\/a>\t\t\t\t\n\t\t\t\t\t\t\t<h4>\n\t\t\t\t<a href=https:\/\/www.cdecb.ca\/fr\/announcements\/uohi-diabetes-day-wednesday-november-16-2022\/ title=\"UOHI Diabetes Day &#8211; Wednesday, November 16, 2022\" tabindex=\"0\">UOHI Diabetes Day &#8211; Wednesday, November 16, 2022<\/a>\t\t\t<\/h4>\n\t\t\t<a href=\"https:\/\/www.cdecb.ca\/fr\/announcements\/uohi-diabetes-day-wednesday-november-16-2022\/\" target=\"_self\" rel=\"noopener\">Lire plus &#8594;<\/a>\t\t\n\t\t\t18 mai 2022\t\t\t\n\t\t\t | \t\t\t\t\t\n\t\t\t\t\t\t\t\t\t<a href=\"https:\/\/www.cdecb.ca\/fr\/category\/bulletins\/\" rel=\"category tag\">Bulletins<\/a>\t\t\t\t\n\t\t\t\t\t\t\t<h4>\n\t\t\t\t<a href=https:\/\/www.cdecb.ca\/fr\/announcements\/22021-recipient-of-the-cdecbs-outstanding-award-of-excellence-and-dedication-cynthia-keith\/ title=\"2021 Recipient of the CDECB's Outstanding Award of Excellence and Dedication  &#8211; Cynthia Keith\" tabindex=\"0\">2021 Recipient of the CDECB&rsquo;s Outstanding Award of Excellence and Dedication  &#8211; Cynthia Keith<\/a>\t\t\t<\/h4>\n\t\t\t<a href=\"https:\/\/www.cdecb.ca\/fr\/announcements\/22021-recipient-of-the-cdecbs-outstanding-award-of-excellence-and-dedication-cynthia-keith\/\" target=\"_self\" rel=\"noopener\">Lire plus &#8594;<\/a>\t\t\n\t\t\t21 janvier 2022\t\t\t\n\t\t\t | \t\t\t\t\t\n\t\t\t\t\t\t\t\t\t<a href=\"https:\/\/www.cdecb.ca\/fr\/category\/bulletins\/\" rel=\"category tag\">Bulletins<\/a>\t\t\t\t\n\t\t\t\t\t\t\t<h4>\n\t\t\t\t<a href=https:\/\/www.cdecb.ca\/fr\/announcements\/charles-h-best-diabetes-centre-announces-the-launch-of-a-professional-development-program\/ title=\"Charles H. Best Diabetes Centre announces the launch of a Professional Development program\" tabindex=\"0\">Charles H. Best Diabetes Centre announces the launch of a Professional Development program<\/a>\t\t\t<\/h4>\n\t\t\t<a href=\"https:\/\/www.cdecb.ca\/fr\/announcements\/charles-h-best-diabetes-centre-announces-the-launch-of-a-professional-development-program\/\" target=\"_self\" rel=\"noopener\">Lire plus &#8594;<\/a>\t\t\n\t\t\t<a href=\"https:\/\/www.cdecb.ca\/fr\/actualites-et-bulletins\/\" target=\"_self\" role=\"button\" aria-label=\"Plus de nouvelles et annonces\" rel=\"noopener\">\n\t\t\t\t\t\t\tPlus de nouvelles et annonces\n\t\t<\/a>\n\t\t\t<h3>Int\u00e9ress\u00e9 \u00e0 devenir un \u00c9AD\u00ae?<\/h3>\t\t\t\n\t\t\t<a href=\"https:\/\/www.cdecb.ca\/fr\/professionnels\/comment-devenir-un-ead\/\" target=\"_self\" role=\"button\" aria-label=\"Apprendre comment\" rel=\"noopener\">\n\t\t\t\t\t\t\tApprendre comment\n\t\t<\/a>\n\t\t<h5>Autres demandes de renseignements<\/h5><h2>Envoie-nous un message<\/h2>\t\t\t\n\t\t\t\t<p>Nous voulons de vos nouvelles. Veuillez nous envoyer vos questions, commentaires o\u00f9 un suivi.<\/p>\n\n","protected":false},"excerpt":{"rendered":"<p>Ressources pour \u00c9AD\u00ae et professionels Voir les t\u00e9moignages des \u00c9AD\u00ae D\u00e9butez Confirmer la d\u00e9signation \u00c9AD\u00ae Utilisez \u00abConfirmer la d\u00e9signation CDE\u00ae\/\u00c9AD\u00ae\u00bb pour d\u00e9terminer si un professionnel de la sant\u00e9 poss\u00e8de une d\u00e9signation CDE\u00ae\/\u00c9AD\u00ae. Trouvez tous les professionnels de la sant\u00e9 qui poss\u00e8dent le titre de CDE\u00ae\/\u00c9AD\u00ae par l&rsquo;entremise de ce moteur de recherche. Rechercher maintenant Examen [&hellip;]<\/p>\n","protected":false},"author":1,"featured_media":0,"parent":0,"menu_order":0,"comment_status":"closed","ping_status":"closed","template":"","meta":{"_acf_changed":false,"site-sidebar-layout":"no-sidebar","site-content-layout":"page-builder","ast-site-content-layout":"full-width-container","site-content-style":"unboxed","site-sidebar-style":"unboxed","ast-global-header-display":"","ast-banner-title-visibility":"","ast-main-header-display":"","ast-hfb-above-header-display":"","ast-hfb-below-header-display":"","ast-hfb-mobile-header-display":"","site-post-title":"disabled","ast-breadcrumbs-content":"","ast-featured-img":"disabled","footer-sml-layout":"","ast-disable-related-posts":"","theme-transparent-header-meta":"enabled","adv-header-id-meta":"","stick-header-meta":"","header-above-stick-meta":"","header-main-stick-meta":"","header-below-stick-meta":"","astra-migrate-meta-layouts":"default","ast-page-background-enabled":"default","ast-page-background-meta":{"desktop":{"background-color":"","background-image":"","background-repeat":"repeat","background-position":"center center","background-size":"auto","background-attachment":"scroll","background-type":"","background-media":"","overlay-type":"","overlay-color":"","overlay-opacity":"","overlay-gradient":""},"tablet":{"background-color":"","background-image":"","background-repeat":"repeat","background-position":"center center","background-size":"auto","background-attachment":"scroll","background-type":"","background-media":"","overlay-type":"","overlay-color":"","overlay-opacity":"","overlay-gradient":""},"mobile":{"background-color":"","background-image":"","background-repeat":"repeat","background-position":"center center","background-size":"auto","background-attachment":"scroll","background-type":"","background-media":"","overlay-type":"","overlay-color":"","overlay-opacity":"","overlay-gradient":""}},"ast-content-background-meta":{"desktop":{"background-color":"var(--ast-global-color-5)","background-image":"","background-repeat":"repeat","background-position":"center center","background-size":"auto","background-attachment":"scroll","background-type":"","background-media":"","overlay-type":"","overlay-color":"","overlay-opacity":"","overlay-gradient":""},"tablet":{"background-color":"var(--ast-global-color-5)","background-image":"","background-repeat":"repeat","background-position":"center center","background-size":"auto","background-attachment":"scroll","background-type":"","background-media":"","overlay-type":"","overlay-color":"","overlay-opacity":"","overlay-gradient":""},"mobile":{"background-color":"var(--ast-global-color-5)","background-image":"","background-repeat":"repeat","background-position":"center center","background-size":"auto","background-attachment":"scroll","background-type":"","background-media":"","overlay-type":"","overlay-color":"","overlay-opacity":"","overlay-gradient":""}},"footnotes":""},"class_list":["post-7329","page","type-page","status-publish","hentry"],"acf":[],"_links":{"self":[{"href":"https:\/\/www.cdecb.ca\/fr\/wp-json\/wp\/v2\/pages\/7329","targetHints":{"allow":["GET"]}}],"collection":[{"href":"https:\/\/www.cdecb.ca\/fr\/wp-json\/wp\/v2\/pages"}],"about":[{"href":"https:\/\/www.cdecb.ca\/fr\/wp-json\/wp\/v2\/types\/page"}],"author":[{"embeddable":true,"href":"https:\/\/www.cdecb.ca\/fr\/wp-json\/wp\/v2\/users\/1"}],"replies":[{"embeddable":true,"href":"https:\/\/www.cdecb.ca\/fr\/wp-json\/wp\/v2\/comments?post=7329"}],"version-history":[{"count":10,"href":"https:\/\/www.cdecb.ca\/fr\/wp-json\/wp\/v2\/pages\/7329\/revisions"}],"predecessor-version":[{"id":10232,"href":"https:\/\/www.cdecb.ca\/fr\/wp-json\/wp\/v2\/pages\/7329\/revisions\/10232"}],"wp:attachment":[{"href":"https:\/\/www.cdecb.ca\/fr\/wp-json\/wp\/v2\/media?parent=7329"}],"curies":[{"name":"wp","href":"https:\/\/api.w.org\/{rel}","templated":true}]}}