{"id":7334,"date":"2019-09-11T16:15:47","date_gmt":"2019-09-11T16:15:47","guid":{"rendered":"https:\/\/www.cdecb.ca\/professionals\/job-opportunities\/"},"modified":"2022-11-15T15:57:26","modified_gmt":"2022-11-15T15:57:26","slug":"opportunites-emploi","status":"publish","type":"page","link":"https:\/\/www.cdecb.ca\/fr\/professionnels\/opportunites-emploi\/","title":{"rendered":"Opportunit\u00e9s d&#8217;emploi"},"content":{"rendered":"\n\n\t\t\t<h1>Opportunit\u00e9s d&#8217;emploi<\/h1>\t\t\t\n\t\t\t\t<p>D\u00e9couvrez les offres d&#8217;emploi disponibles pour les \u00c9AD\u00ae au Canada.<\/p>\n\t\t\t<h2>Postes en cours<\/h2>\t\t\t\n\t\t\t<h2>Opportunit\u00e9s de sant\u00e9 ind\u00e9pendantes pour les \u00c9AD\u00ae<\/h2>\t\t\t\n\t\t\t\t<h3>Croix Bleue Medavie &#8211; Prestation de gestion des maladies chroniques &#8211; Soins du diab\u00e8te<\/h3>\n<p>\u00c0 compter de septembre 2015, les participants admissibles au r\u00e9gime vivant avec le diab\u00e8te auront acc\u00e8s \u00e0 des s\u00e9ances de counseling individuelles sur le diab\u00e8te offertes par un r\u00e9seau de\u00a0 <i>professionnels de la sant\u00e9 d\u00e9sign\u00e9s<\/i> &#8211; y compris des di\u00e9t\u00e9tistes, des infirmi\u00e8res autoris\u00e9es, des pharmaciens et d&rsquo;autres professionnels de la sant\u00e9 param\u00e9dicaux. <i>Aucune recommandation de m\u00e9decin ne<\/i> sera\u00a0 <i>requise<\/i> , de sorte que les membres admissibles auront un acc\u00e8s direct \u00e0 ces services.<\/p>\n<p>D\u00e9couvrez comment en\u00a0<strong><a href=\"https:\/\/www.cdecb.ca\/wp-content\/uploads\/Chronic-Disease-Management-Diabetes-Care_Provider-Bulletin_FR-Sept-2015.pdf\">cliquant i\u00e7i!<\/a><\/strong><\/p>\n\t\t\t<h3>Faire du b\u00e9n\u00e9volat<\/h3>\t\t\t\n\t\t\t\t<p>Les b\u00e9n\u00e9voles sont un \u00e9l\u00e9ment important du Conseil canadien d&rsquo;agr\u00e9ment des \u00e9ducateurs en diab\u00e8te. Leur connaissance du diab\u00e8te a permis au Conseil canadien d&rsquo;agr\u00e9ment des \u00e9ducateurs en diab\u00e8te d&rsquo;\u00eatre ce qu&rsquo;il est.<\/p>\n\t\t\t<a href=\"https:\/\/www.cdecb.ca\/fr\/professionnels\/benevolat\/\" target=\"_self\" role=\"button\" aria-label=\"En savoir plus sur le b\u00e9n\u00e9volat\" rel=\"noopener\">\n\t\t\t\t\t\t\tEn savoir plus sur le b\u00e9n\u00e9volat\n\t\t<\/a>\n\n","protected":false},"excerpt":{"rendered":"<p>Opportunit\u00e9s d&#8217;emploi D\u00e9couvrez les offres d&#8217;emploi disponibles pour les \u00c9AD\u00ae au Canada. Postes en cours Opportunit\u00e9s de sant\u00e9 ind\u00e9pendantes pour les \u00c9AD\u00ae Croix Bleue Medavie &#8211; Prestation de gestion des maladies chroniques &#8211; Soins du diab\u00e8te \u00c0 compter de septembre 2015, les participants admissibles au r\u00e9gime vivant avec le diab\u00e8te auront acc\u00e8s \u00e0 des s\u00e9ances [&hellip;]<\/p>\n","protected":false},"author":1,"featured_media":0,"parent":7329,"menu_order":0,"comment_status":"closed","ping_status":"closed","template":"","meta":{"_acf_changed":false,"site-sidebar-layout":"default","site-content-layout":"page-builder","ast-site-content-layout":"full-width-container","site-content-style":"unboxed","site-sidebar-style":"unboxed","ast-global-header-display":"","ast-banner-title-visibility":"","ast-main-header-display":"","ast-hfb-above-header-display":"","ast-hfb-below-header-display":"","ast-hfb-mobile-header-display":"","site-post-title":"disabled","ast-breadcrumbs-content":"","ast-featured-img":"disabled","footer-sml-layout":"","ast-disable-related-posts":"","theme-transparent-header-meta":"enabled","adv-header-id-meta":"","stick-header-meta":"","header-above-stick-meta":"","header-main-stick-meta":"","header-below-stick-meta":"","astra-migrate-meta-layouts":"default","ast-page-background-enabled":"default","ast-page-background-meta":{"desktop":{"background-color":"","background-image":"","background-repeat":"repeat","background-position":"center center","background-size":"auto","background-attachment":"scroll","background-type":"","background-media":"","overlay-type":"","overlay-color":"","overlay-opacity":"","overlay-gradient":""},"tablet":{"background-color":"","background-image":"","background-repeat":"repeat","background-position":"center center","background-size":"auto","background-attachment":"scroll","background-type":"","background-media":"","overlay-type":"","overlay-color":"","overlay-opacity":"","overlay-gradient":""},"mobile":{"background-color":"","background-image":"","background-repeat":"repeat","background-position":"center center","background-size":"auto","background-attachment":"scroll","background-type":"","background-media":"","overlay-type":"","overlay-color":"","overlay-opacity":"","overlay-gradient":""}},"ast-content-background-meta":{"desktop":{"background-color":"var(--ast-global-color-5)","background-image":"","background-repeat":"repeat","background-position":"center center","background-size":"auto","background-attachment":"scroll","background-type":"","background-media":"","overlay-type":"","overlay-color":"","overlay-opacity":"","overlay-gradient":""},"tablet":{"background-color":"var(--ast-global-color-5)","background-image":"","background-repeat":"repeat","background-position":"center center","background-size":"auto","background-attachment":"scroll","background-type":"","background-media":"","overlay-type":"","overlay-color":"","overlay-opacity":"","overlay-gradient":""},"mobile":{"background-color":"var(--ast-global-color-5)","background-image":"","background-repeat":"repeat","background-position":"center center","background-size":"auto","background-attachment":"scroll","background-type":"","background-media":"","overlay-type":"","overlay-color":"","overlay-opacity":"","overlay-gradient":""}},"footnotes":""},"class_list":["post-7334","page","type-page","status-publish","hentry"],"acf":[],"_links":{"self":[{"href":"https:\/\/www.cdecb.ca\/fr\/wp-json\/wp\/v2\/pages\/7334","targetHints":{"allow":["GET"]}}],"collection":[{"href":"https:\/\/www.cdecb.ca\/fr\/wp-json\/wp\/v2\/pages"}],"about":[{"href":"https:\/\/www.cdecb.ca\/fr\/wp-json\/wp\/v2\/types\/page"}],"author":[{"embeddable":true,"href":"https:\/\/www.cdecb.ca\/fr\/wp-json\/wp\/v2\/users\/1"}],"replies":[{"embeddable":true,"href":"https:\/\/www.cdecb.ca\/fr\/wp-json\/wp\/v2\/comments?post=7334"}],"version-history":[{"count":5,"href":"https:\/\/www.cdecb.ca\/fr\/wp-json\/wp\/v2\/pages\/7334\/revisions"}],"predecessor-version":[{"id":10205,"href":"https:\/\/www.cdecb.ca\/fr\/wp-json\/wp\/v2\/pages\/7334\/revisions\/10205"}],"up":[{"embeddable":true,"href":"https:\/\/www.cdecb.ca\/fr\/wp-json\/wp\/v2\/pages\/7329"}],"wp:attachment":[{"href":"https:\/\/www.cdecb.ca\/fr\/wp-json\/wp\/v2\/media?parent=7334"}],"curies":[{"name":"wp","href":"https:\/\/api.w.org\/{rel}","templated":true}]}}