{"id":7340,"date":"2019-09-10T16:06:39","date_gmt":"2019-09-10T16:06:39","guid":{"rendered":"https:\/\/www.cdecb.ca\/professionals\/links\/"},"modified":"2021-08-23T17:41:54","modified_gmt":"2021-08-23T17:41:54","slug":"liens-utiles","status":"publish","type":"page","link":"https:\/\/www.cdecb.ca\/fr\/professionnels\/liens-utiles\/","title":{"rendered":"Liens utiles"},"content":{"rendered":"\r\n<p><span style=\"font-weight: 400;\">Voici une liste de liens qui peuvent vous \u00eatre utiles:<\/span><\/p>\r\n<p><a href=\"http:\/\/www.diabetes.ca\/\"><span style=\"font-weight: 400;\">Diab\u00e8te Canada<\/span><\/a><\/p>\r\n<p><a href=\"http:\/\/dietitians.ca\/\"><span style=\"font-weight: 400;\">Les di\u00e9t\u00e9tistes du Canada<\/span><\/a><\/p>\r\n<p><a href=\"http:\/\/www.hc-sc.gc.ca\/\"><span style=\"font-weight: 400;\">Publications de Sant\u00e9 Canada<\/span><\/a><\/p>\r\n<p><a href=\"http:\/\/health.gov.on.ca\/en\/public\/programs\/diabetes\/channel.aspx\/\"><span style=\"font-weight: 400;\">Minist\u00e8re de la Sant\u00e9 de l&rsquo;Ontario: D\u00e9fendez le diab\u00e8te<\/span><\/a><\/p>\r\n<p><a href=\"http:\/\/www.diabetes.org\/\"><span style=\"font-weight: 400;\">L&rsquo;American Diabetes Association<\/span><\/a><\/p>\r\n<p><a href=\"http:\/\/www.diabeteseducator.org\/\"><span style=\"font-weight: 400;\">L&rsquo;American Diabetes Association of Diabetes Educators<\/span><\/a><\/p>\r\n","protected":false},"excerpt":{"rendered":"<p>Voici une liste de liens qui peuvent vous \u00eatre utiles: Diab\u00e8te Canada Les di\u00e9t\u00e9tistes du Canada Publications de Sant\u00e9 Canada Minist\u00e8re de la Sant\u00e9 de l&rsquo;Ontario: D\u00e9fendez le diab\u00e8te L&rsquo;American Diabetes Association L&rsquo;American Diabetes Association of Diabetes Educators<\/p>\n","protected":false},"author":1,"featured_media":0,"parent":7329,"menu_order":0,"comment_status":"closed","ping_status":"closed","template":"","meta":{"_acf_changed":false,"site-sidebar-layout":"default","site-content-layout":"default","ast-site-content-layout":"default","site-content-style":"default","site-sidebar-style":"default","ast-global-header-display":"","ast-banner-title-visibility":"","ast-main-header-display":"","ast-hfb-above-header-display":"","ast-hfb-below-header-display":"","ast-hfb-mobile-header-display":"","site-post-title":"","ast-breadcrumbs-content":"","ast-featured-img":"","footer-sml-layout":"","ast-disable-related-posts":"","theme-transparent-header-meta":"default","adv-header-id-meta":"","stick-header-meta":"","header-above-stick-meta":"","header-main-stick-meta":"","header-below-stick-meta":"","astra-migrate-meta-layouts":"default","ast-page-background-enabled":"default","ast-page-background-meta":{"desktop":{"background-color":"","background-image":"","background-repeat":"repeat","background-position":"center center","background-size":"auto","background-attachment":"scroll","background-type":"","background-media":"","overlay-type":"","overlay-color":"","overlay-opacity":"","overlay-gradient":""},"tablet":{"background-color":"","background-image":"","background-repeat":"repeat","background-position":"center center","background-size":"auto","background-attachment":"scroll","background-type":"","background-media":"","overlay-type":"","overlay-color":"","overlay-opacity":"","overlay-gradient":""},"mobile":{"background-color":"","background-image":"","background-repeat":"repeat","background-position":"center center","background-size":"auto","background-attachment":"scroll","background-type":"","background-media":"","overlay-type":"","overlay-color":"","overlay-opacity":"","overlay-gradient":""}},"ast-content-background-meta":{"desktop":{"background-color":"var(--ast-global-color-5)","background-image":"","background-repeat":"repeat","background-position":"center center","background-size":"auto","background-attachment":"scroll","background-type":"","background-media":"","overlay-type":"","overlay-color":"","overlay-opacity":"","overlay-gradient":""},"tablet":{"background-color":"var(--ast-global-color-5)","background-image":"","background-repeat":"repeat","background-position":"center center","background-size":"auto","background-attachment":"scroll","background-type":"","background-media":"","overlay-type":"","overlay-color":"","overlay-opacity":"","overlay-gradient":""},"mobile":{"background-color":"var(--ast-global-color-5)","background-image":"","background-repeat":"repeat","background-position":"center center","background-size":"auto","background-attachment":"scroll","background-type":"","background-media":"","overlay-type":"","overlay-color":"","overlay-opacity":"","overlay-gradient":""}},"footnotes":""},"class_list":["post-7340","page","type-page","status-publish","hentry"],"acf":[],"_links":{"self":[{"href":"https:\/\/www.cdecb.ca\/fr\/wp-json\/wp\/v2\/pages\/7340","targetHints":{"allow":["GET"]}}],"collection":[{"href":"https:\/\/www.cdecb.ca\/fr\/wp-json\/wp\/v2\/pages"}],"about":[{"href":"https:\/\/www.cdecb.ca\/fr\/wp-json\/wp\/v2\/types\/page"}],"author":[{"embeddable":true,"href":"https:\/\/www.cdecb.ca\/fr\/wp-json\/wp\/v2\/users\/1"}],"replies":[{"embeddable":true,"href":"https:\/\/www.cdecb.ca\/fr\/wp-json\/wp\/v2\/comments?post=7340"}],"version-history":[{"count":2,"href":"https:\/\/www.cdecb.ca\/fr\/wp-json\/wp\/v2\/pages\/7340\/revisions"}],"predecessor-version":[{"id":7413,"href":"https:\/\/www.cdecb.ca\/fr\/wp-json\/wp\/v2\/pages\/7340\/revisions\/7413"}],"up":[{"embeddable":true,"href":"https:\/\/www.cdecb.ca\/fr\/wp-json\/wp\/v2\/pages\/7329"}],"wp:attachment":[{"href":"https:\/\/www.cdecb.ca\/fr\/wp-json\/wp\/v2\/media?parent=7340"}],"curies":[{"name":"wp","href":"https:\/\/api.w.org\/{rel}","templated":true}]}}