{"id":7343,"date":"2018-07-11T05:10:25","date_gmt":"2018-07-11T05:10:25","guid":{"rendered":"https:\/\/www.cdecb.ca\/professionals\/volunteering\/"},"modified":"2022-11-15T16:42:04","modified_gmt":"2022-11-15T16:42:04","slug":"benevolat","status":"publish","type":"page","link":"https:\/\/www.cdecb.ca\/fr\/professionnels\/benevolat\/","title":{"rendered":"Faire du b\u00e9n\u00e9volat"},"content":{"rendered":"\n\n\t\t\t<h1>Faire du b\u00e9n\u00e9volat<\/h1>\t\t\t\n\t\t\t\t<p>Les b\u00e9n\u00e9voles sont une partie importante du CDECB. Leur connaissance du diab\u00e8te a permis au Conseil canadien d&rsquo;agr\u00e9ment des \u00e9ducateurs en diab\u00e8te d&rsquo;\u00eatre ce qu&rsquo;il est.<\/p>\n<p>\u00c0 chaque b\u00e9n\u00e9vole passant son temps avec le CDECB, nous vous remercions!<\/p>\n\t\t\t<h2>Les b\u00e9n\u00e9voles sont un \u00e9l\u00e9ment important du Conseil canadien d&rsquo;agr\u00e9ment des \u00e9ducateurs en diab\u00e8te<\/h2>\n\t\t\t\t<p>Leur connaissance du diab\u00e8te a permis au Conseil canadien d&rsquo;agr\u00e9ment des \u00e9ducateurs en diab\u00e8te d&rsquo;\u00eatre ce qu&rsquo;il est. \u00c0 chaque b\u00e9n\u00e9vole passant son temps avec le CDECB, nous vous remercions!<\/p>\n<p>De temps en temps, nous avons des opportunit\u00e9s pour les \u00e9ducateurs agr\u00e9\u00e9s en diab\u00e8te (\u00c9AD\u00ae) de faire du b\u00e9n\u00e9volat. Si vous avez quelque chose \u00e0 donner, veuillez consid\u00e9rer votre don de temps et de comp\u00e9tences \u00e0 notre organisation. Vous ne le regretterez pas!<\/p>\n\t\t\t<a href=\"\" target=\"_self\" role=\"button\" aria-label=\"Envoie-nous un message\" rel=\"noopener\">\n\t\t\t\t\t\t\tEnvoie-nous un message\n\t\t<\/a>\n\n","protected":false},"excerpt":{"rendered":"<p>Faire du b\u00e9n\u00e9volat Les b\u00e9n\u00e9voles sont une partie importante du CDECB. Leur connaissance du diab\u00e8te a permis au Conseil canadien d&rsquo;agr\u00e9ment des \u00e9ducateurs en diab\u00e8te d&rsquo;\u00eatre ce qu&rsquo;il est. \u00c0 chaque b\u00e9n\u00e9vole passant son temps avec le CDECB, nous vous remercions! Les b\u00e9n\u00e9voles sont un \u00e9l\u00e9ment important du Conseil canadien d&rsquo;agr\u00e9ment des \u00e9ducateurs en diab\u00e8te [&hellip;]<\/p>\n","protected":false},"author":1,"featured_media":0,"parent":7329,"menu_order":0,"comment_status":"closed","ping_status":"closed","template":"","meta":{"_acf_changed":false,"site-sidebar-layout":"no-sidebar","site-content-layout":"page-builder","ast-site-content-layout":"default","site-content-style":"default","site-sidebar-style":"default","ast-global-header-display":"","ast-banner-title-visibility":"","ast-main-header-display":"","ast-hfb-above-header-display":"","ast-hfb-below-header-display":"","ast-hfb-mobile-header-display":"","site-post-title":"disabled","ast-breadcrumbs-content":"","ast-featured-img":"disabled","footer-sml-layout":"","ast-disable-related-posts":"","theme-transparent-header-meta":"enabled","adv-header-id-meta":"","stick-header-meta":"default","header-above-stick-meta":"","header-main-stick-meta":"","header-below-stick-meta":"","astra-migrate-meta-layouts":"default","ast-page-background-enabled":"default","ast-page-background-meta":{"desktop":{"background-color":"","background-image":"","background-repeat":"repeat","background-position":"center center","background-size":"auto","background-attachment":"scroll","background-type":"","background-media":"","overlay-type":"","overlay-color":"","overlay-opacity":"","overlay-gradient":""},"tablet":{"background-color":"","background-image":"","background-repeat":"repeat","background-position":"center center","background-size":"auto","background-attachment":"scroll","background-type":"","background-media":"","overlay-type":"","overlay-color":"","overlay-opacity":"","overlay-gradient":""},"mobile":{"background-color":"","background-image":"","background-repeat":"repeat","background-position":"center center","background-size":"auto","background-attachment":"scroll","background-type":"","background-media":"","overlay-type":"","overlay-color":"","overlay-opacity":"","overlay-gradient":""}},"ast-content-background-meta":{"desktop":{"background-color":"var(--ast-global-color-5)","background-image":"","background-repeat":"repeat","background-position":"center center","background-size":"auto","background-attachment":"scroll","background-type":"","background-media":"","overlay-type":"","overlay-color":"","overlay-opacity":"","overlay-gradient":""},"tablet":{"background-color":"var(--ast-global-color-5)","background-image":"","background-repeat":"repeat","background-position":"center center","background-size":"auto","background-attachment":"scroll","background-type":"","background-media":"","overlay-type":"","overlay-color":"","overlay-opacity":"","overlay-gradient":""},"mobile":{"background-color":"var(--ast-global-color-5)","background-image":"","background-repeat":"repeat","background-position":"center center","background-size":"auto","background-attachment":"scroll","background-type":"","background-media":"","overlay-type":"","overlay-color":"","overlay-opacity":"","overlay-gradient":""}},"footnotes":""},"class_list":["post-7343","page","type-page","status-publish","hentry"],"acf":[],"_links":{"self":[{"href":"https:\/\/www.cdecb.ca\/fr\/wp-json\/wp\/v2\/pages\/7343","targetHints":{"allow":["GET"]}}],"collection":[{"href":"https:\/\/www.cdecb.ca\/fr\/wp-json\/wp\/v2\/pages"}],"about":[{"href":"https:\/\/www.cdecb.ca\/fr\/wp-json\/wp\/v2\/types\/page"}],"author":[{"embeddable":true,"href":"https:\/\/www.cdecb.ca\/fr\/wp-json\/wp\/v2\/users\/1"}],"replies":[{"embeddable":true,"href":"https:\/\/www.cdecb.ca\/fr\/wp-json\/wp\/v2\/comments?post=7343"}],"version-history":[{"count":5,"href":"https:\/\/www.cdecb.ca\/fr\/wp-json\/wp\/v2\/pages\/7343\/revisions"}],"predecessor-version":[{"id":10221,"href":"https:\/\/www.cdecb.ca\/fr\/wp-json\/wp\/v2\/pages\/7343\/revisions\/10221"}],"up":[{"embeddable":true,"href":"https:\/\/www.cdecb.ca\/fr\/wp-json\/wp\/v2\/pages\/7329"}],"wp:attachment":[{"href":"https:\/\/www.cdecb.ca\/fr\/wp-json\/wp\/v2\/media?parent=7343"}],"curies":[{"name":"wp","href":"https:\/\/api.w.org\/{rel}","templated":true}]}}