{"id":7347,"date":"2019-09-11T14:09:36","date_gmt":"2019-09-11T14:09:36","guid":{"rendered":"https:\/\/www.cdecb.ca\/professionals\/cde-ead-award-of-excellence-and-dedication\/"},"modified":"2022-11-15T16:35:31","modified_gmt":"2022-11-15T16:35:31","slug":"prix-excellence-et-de-devouement-cde-ead","status":"publish","type":"page","link":"https:\/\/www.cdecb.ca\/fr\/professionnels\/prix-excellence-et-de-devouement-cde-ead\/","title":{"rendered":"Prix \u200b\u200bd&rsquo;excellence et de d\u00e9vouement CDE\u00ae \/ EAD\u00ae"},"content":{"rendered":"\n\n\t\t\t<h1>Prix \u200b\u200bd&rsquo;excellence et de d\u00e9vouement CDE\u00ae \/ EAD\u00ae<\/h1>\t\t\t\n\t\t\t\t<p>Chaque ann\u00e9e, conjointement avec la Section des \u00e9ducateurs agr\u00e9\u00e9s en diab\u00e8te (\u00c9AD) de l&rsquo;Association canadienne du diab\u00e8te (ACD), le Conseil canadien d&rsquo;agr\u00e9ment des \u00e9ducateurs en diab\u00e8te (CDECB) d\u00e9cerne \u00e0 un \u00e9ducateur agr\u00e9\u00e9 en diab\u00e8te (\u00c9AD\u00ae)\u00a0 exceptionnel, <strong>le prix d&rsquo;excellence et d\u00e9vouement CDE\u00ae \/ EAD\u00ae<\/strong>. Pour en savoir plus sur ce prix, veuillez\u00a0 <strong><a href=\"https:\/\/www.diabetes.ca\/health-care-providers\/professional-section-awards\/cdecb-award-of-excellence-dedication\">cliquer ici<\/a><\/strong><\/p>\n\t\t\t<h2>Dernier r\u00e9cipiendaire<\/h2>\t\t\t\n\t\t\t\t\t\t\t\t\t<a href=\"https:\/\/www.cdecb.ca\/fr\/category\/bulletins\/\" rel=\"category tag\">Bulletins<\/a>\t\t\t\t\n\t\t\t\t\t\t\t<h4>\n\t\t\t\t<a href=https:\/\/www.cdecb.ca\/fr\/announcements\/2019-recipient-of-the-cdecbs-outstanding-award-of-excellence-and-dedication-juliet-opoku\/ title=\"2019 Recipient of the CDECB's Outstanding Award of Excellence and Dedication &#8211; Juliet Opoku\" tabindex=\"0\">2019 Recipient of the CDECB&rsquo;s Outstanding Award of Excellence and Dedication &#8211; Juliet Opoku<\/a>\t\t\t<\/h4>\n\t\t\t\t\t\t\t\tJuliet Opoku, RN, CDE \u00ae , is the 2019 recipient of the Canadian Diabetes Educator Certification Board&rsquo;s Award of Excellence and Dedication. As a Registered Nurse within the Diabetes Education Program at Unison Health &amp; Community Services, Toronto, Ontario, Juliet provides education to a high volume of complex clients in groups and individual interactions. Juliet \u00ab\u00a0tailors education to client&rsquo;s needs and ensures all clients leave her office feeling respected and valued\u00a0\u00bb, states a nominator. Juliet is \u00ab\u00a0committed to improving client care and works continuously to ensure client&rsquo;s needs are met\u00a0\u00bb, reports a second nominator. Juliet Opoku, RN, CDE Juliet reaches &#8230;\n\t\t\t\t\t<a href=\"https:\/\/www.cdecb.ca\/fr\/announcements\/2019-recipient-of-the-cdecbs-outstanding-award-of-excellence-and-dedication-juliet-opoku\/\" target=\"_self\" rel=\"noopener\">Read More &#8594;<\/a>\t\t\n\t\t\t<h2>Laur\u00e9ats pr\u00e9c\u00e9dents<\/h2>\t\t\t\n\t\t\tMai 18, 2022\t\t\t\n\t\t\t | \t\t\t\t\t\n\t\t\t\t\t\t\t\t\t<a href=\"https:\/\/www.cdecb.ca\/fr\/category\/bulletins\/\" rel=\"category tag\">Bulletins<\/a>\t\t\t\t\n\t\t\t\t\t\t\t<h4>\n\t\t\t\t<a href=https:\/\/www.cdecb.ca\/fr\/announcements\/22021-recipient-of-the-cdecbs-outstanding-award-of-excellence-and-dedication-cynthia-keith\/ title=\"2021 Recipient of the CDECB's Outstanding Award of Excellence and Dedication  &#8211; Cynthia Keith\" tabindex=\"0\">2021 Recipient of the CDECB&rsquo;s Outstanding Award of Excellence and Dedication  &#8211; Cynthia Keith<\/a>\t\t\t<\/h4>\n\t\t\t<a href=\"https:\/\/www.cdecb.ca\/fr\/announcements\/22021-recipient-of-the-cdecbs-outstanding-award-of-excellence-and-dedication-cynthia-keith\/\" target=\"_self\" rel=\"noopener\">Read More &#8594;<\/a>\t\t\n\t\t\tJan 21, 2022\t\t\t\n\t\t\t | \t\t\t\t\t\n\t\t\t\t\t\t\t\t\t<a href=\"https:\/\/www.cdecb.ca\/fr\/category\/bulletins\/\" rel=\"category tag\">Bulletins<\/a>\t\t\t\t\n\t\t\t\t\t\t\t<h4>\n\t\t\t\t<a href=https:\/\/www.cdecb.ca\/fr\/announcements\/charles-h-best-diabetes-centre-announces-the-launch-of-a-professional-development-program\/ title=\"Charles H. Best Diabetes Centre announces the launch of a Professional Development program\" tabindex=\"0\">Charles H. Best Diabetes Centre announces the launch of a Professional Development program<\/a>\t\t\t<\/h4>\n\t\t\t<a href=\"https:\/\/www.cdecb.ca\/fr\/announcements\/charles-h-best-diabetes-centre-announces-the-launch-of-a-professional-development-program\/\" target=\"_self\" rel=\"noopener\">Read More &#8594;<\/a>\t\t\n\t\t\tSep 29, 2019\t\t\t\n\t\t\t | \t\t\t\t\t\n\t\t\t\t\t\t\t\t\t<a href=\"https:\/\/www.cdecb.ca\/fr\/category\/bulletins\/\" rel=\"category tag\">Bulletins<\/a>\t\t\t\t\n\t\t\t\t\t\t\t<h4>\n\t\t\t\t<a href=https:\/\/www.cdecb.ca\/fr\/announcements\/2019-recipient-of-the-cdecbs-outstanding-award-of-excellence-and-dedication-juliet-opoku\/ title=\"2019 Recipient of the CDECB's Outstanding Award of Excellence and Dedication &#8211; Juliet Opoku\" tabindex=\"0\">2019 Recipient of the CDECB&rsquo;s Outstanding Award of Excellence and Dedication &#8211; Juliet Opoku<\/a>\t\t\t<\/h4>\n\t\t\t<a href=\"https:\/\/www.cdecb.ca\/fr\/announcements\/2019-recipient-of-the-cdecbs-outstanding-award-of-excellence-and-dedication-juliet-opoku\/\" target=\"_self\" rel=\"noopener\">Read More &#8594;<\/a>\t\t\n\n","protected":false},"excerpt":{"rendered":"<p>Prix \u200b\u200bd&rsquo;excellence et de d\u00e9vouement CDE\u00ae \/ EAD\u00ae Chaque ann\u00e9e, conjointement avec la Section des \u00e9ducateurs agr\u00e9\u00e9s en diab\u00e8te (\u00c9AD) de l&rsquo;Association canadienne du diab\u00e8te (ACD), le Conseil canadien d&rsquo;agr\u00e9ment des \u00e9ducateurs en diab\u00e8te (CDECB) d\u00e9cerne \u00e0 un \u00e9ducateur agr\u00e9\u00e9 en diab\u00e8te (\u00c9AD\u00ae)\u00a0 exceptionnel, le prix d&rsquo;excellence et d\u00e9vouement CDE\u00ae \/ EAD\u00ae. Pour en savoir [&hellip;]<\/p>\n","protected":false},"author":1,"featured_media":0,"parent":7329,"menu_order":0,"comment_status":"closed","ping_status":"closed","template":"","meta":{"_acf_changed":false,"site-sidebar-layout":"default","site-content-layout":"page-builder","ast-site-content-layout":"default","site-content-style":"default","site-sidebar-style":"default","ast-global-header-display":"","ast-banner-title-visibility":"","ast-main-header-display":"","ast-hfb-above-header-display":"","ast-hfb-below-header-display":"","ast-hfb-mobile-header-display":"","site-post-title":"disabled","ast-breadcrumbs-content":"","ast-featured-img":"disabled","footer-sml-layout":"","ast-disable-related-posts":"","theme-transparent-header-meta":"enabled","adv-header-id-meta":"","stick-header-meta":"","header-above-stick-meta":"","header-main-stick-meta":"","header-below-stick-meta":"","astra-migrate-meta-layouts":"default","ast-page-background-enabled":"default","ast-page-background-meta":{"desktop":{"background-color":"","background-image":"","background-repeat":"repeat","background-position":"center center","background-size":"auto","background-attachment":"scroll","background-type":"","background-media":"","overlay-type":"","overlay-color":"","overlay-opacity":"","overlay-gradient":""},"tablet":{"background-color":"","background-image":"","background-repeat":"repeat","background-position":"center center","background-size":"auto","background-attachment":"scroll","background-type":"","background-media":"","overlay-type":"","overlay-color":"","overlay-opacity":"","overlay-gradient":""},"mobile":{"background-color":"","background-image":"","background-repeat":"repeat","background-position":"center center","background-size":"auto","background-attachment":"scroll","background-type":"","background-media":"","overlay-type":"","overlay-color":"","overlay-opacity":"","overlay-gradient":""}},"ast-content-background-meta":{"desktop":{"background-color":"var(--ast-global-color-5)","background-image":"","background-repeat":"repeat","background-position":"center center","background-size":"auto","background-attachment":"scroll","background-type":"","background-media":"","overlay-type":"","overlay-color":"","overlay-opacity":"","overlay-gradient":""},"tablet":{"background-color":"var(--ast-global-color-5)","background-image":"","background-repeat":"repeat","background-position":"center center","background-size":"auto","background-attachment":"scroll","background-type":"","background-media":"","overlay-type":"","overlay-color":"","overlay-opacity":"","overlay-gradient":""},"mobile":{"background-color":"var(--ast-global-color-5)","background-image":"","background-repeat":"repeat","background-position":"center center","background-size":"auto","background-attachment":"scroll","background-type":"","background-media":"","overlay-type":"","overlay-color":"","overlay-opacity":"","overlay-gradient":""}},"footnotes":""},"class_list":["post-7347","page","type-page","status-publish","hentry"],"acf":[],"_links":{"self":[{"href":"https:\/\/www.cdecb.ca\/fr\/wp-json\/wp\/v2\/pages\/7347","targetHints":{"allow":["GET"]}}],"collection":[{"href":"https:\/\/www.cdecb.ca\/fr\/wp-json\/wp\/v2\/pages"}],"about":[{"href":"https:\/\/www.cdecb.ca\/fr\/wp-json\/wp\/v2\/types\/page"}],"author":[{"embeddable":true,"href":"https:\/\/www.cdecb.ca\/fr\/wp-json\/wp\/v2\/users\/1"}],"replies":[{"embeddable":true,"href":"https:\/\/www.cdecb.ca\/fr\/wp-json\/wp\/v2\/comments?post=7347"}],"version-history":[{"count":6,"href":"https:\/\/www.cdecb.ca\/fr\/wp-json\/wp\/v2\/pages\/7347\/revisions"}],"predecessor-version":[{"id":10220,"href":"https:\/\/www.cdecb.ca\/fr\/wp-json\/wp\/v2\/pages\/7347\/revisions\/10220"}],"up":[{"embeddable":true,"href":"https:\/\/www.cdecb.ca\/fr\/wp-json\/wp\/v2\/pages\/7329"}],"wp:attachment":[{"href":"https:\/\/www.cdecb.ca\/fr\/wp-json\/wp\/v2\/media?parent=7347"}],"curies":[{"name":"wp","href":"https:\/\/api.w.org\/{rel}","templated":true}]}}