{"id":7350,"date":"2018-07-11T05:26:33","date_gmt":"2018-07-11T05:26:33","guid":{"rendered":"https:\/\/www.cdecb.ca\/professionals\/exam\/"},"modified":"2025-11-14T19:17:29","modified_gmt":"2025-11-14T19:17:29","slug":"examen","status":"publish","type":"page","link":"https:\/\/www.cdecb.ca\/fr\/professionnels\/examen\/","title":{"rendered":"Examen"},"content":{"rendered":"\r\n<h1>Processus d&rsquo;examen<\/h1>\r\n<p>Demander l&rsquo;agr\u00e9mentation pour la premi\u00e8re fois ou choisir de maintenir votre d\u00e9signation d&rsquo;agr\u00e9ment par examen.<\/p>\r\n<h2>Mise \u00e0 jour de l&rsquo;examen<\/h2>\r\n<p>L\u2019inscription \u00e0 l\u2019examen 2023 est maintenant ferm\u00e9e. L\u2019inscription \u00e0 l\u2019examen de mai 2024 commencera \u00e0 l\u2019automne 2023. Veuillez revenir sur notre site Web \u00e0 ce moment-l\u00e0.<\/p>\r\n<p>L\u2019examen du CDECB de mai 2023 se d\u00e9roulera par voie \u00e9lectronique. Le co\u00fbt de l\u2019examen est de 550,00 $ en dollars canadiens. Les dates d\u2019examen pour l\u2019examen 2023 sont :<\/p>\r\n<p>jeudi 25 mai 2023<\/p>\r\n<p>vendredi 26 mai 2023<\/p>\r\n<p>samedi 27 mai 2023<\/p>\r\n<p>Pour vous assurer de recevoir toutes les communications avec nous, veuillez ajouter les e-mails suivants \u00e0 votre liste de contacts. systems@cdecb.ca et cdecb@cdecb.ca<\/p>\r\n<h2>Crit\u00e8re d&rsquo;\u00e9ligibilit\u00e9<\/h2>\r\n<p>Les personnes qui n&rsquo;ont pas d\u00e9j\u00e0 pass\u00e9 ou r\u00e9ussi l&rsquo;examen CDE\u00ae ou dont la d\u00e9signation CDE\u00ae a expir\u00e9 doivent satisfaire \u00e0 TOUTES les exigences suivantes :<\/p>\r\n<ol>\r\n<li>\u00catre autoris\u00e9 aupr\u00e8s d&rsquo;un organisme de r\u00e9glementation au Canada en tant que professionnel de la sant\u00e9 r\u00e9glement\u00e9<\/li>\r\n<li>Un minimum de 800 heures de pratique en \u00e9ducation au diab\u00e8te dans le cadre des comp\u00e9tences de l&rsquo;examen de certification des \u00e9ducateurs canadiens en diab\u00e8te.<\/li>\r\n<li>Le minimum de 800 heures de pratique en \u00e9ducation au diab\u00e8te doit \u00eatre obtenu dans n&rsquo;importe quelle dur\u00e9e ou combinaison de temps au cours de la p\u00e9riode de trois ans qui pr\u00e9c\u00e8de imm\u00e9diatement la date limite de candidature du 1er f\u00e9vrier. Ces heures de pratique doivent \u00eatre obtenues pendant que la personne est pleinement autoris\u00e9e par un organisme de r\u00e9glementation en tant que professionnel de la sant\u00e9 canadien. Une telle exp\u00e9rience comprend la fourniture d&rsquo;\u00e9ducation, de conseils ou de soins de gestion du diab\u00e8te \u00e0 un ou plusieurs des \u00e9l\u00e9ments suivants : les personnes \u00e0 risque de diab\u00e8te ; les personnes atteintes de pr\u00e9diab\u00e8te et celles atteintes de diab\u00e8te, leurs familles ou les professionnels de la sant\u00e9 utilisant les comp\u00e9tences \u00e9nonc\u00e9es \u00e0 <a href=\"#\">l&rsquo;annexe A<\/a>.<\/li>\r\n<\/ol>\r\n<p><strong>TOUT<\/strong> ce qui pr\u00e9c\u00e8de doit \u00eatre atteint pendant que la personne est pleinement inscrite aupr\u00e8s d&rsquo;un organisme de r\u00e9glementation au Canada en tant que professionnel de la sant\u00e9.<\/p>\r\n<p>L&rsquo;inscription et la participation \u00e0 un cours sur le diab\u00e8te ne contribuent PAS aux 800 heures d&rsquo;exp\u00e9rience pratique du diab\u00e8te. L&rsquo;\u00e9ducation sur le diab\u00e8te n&rsquo;inclut pas les dossiers, les r\u00e9unions du personnel, les d\u00e9jeuners, les pauses ou simplement le fait d&rsquo;\u00eatre au travail.<\/p>\r\n<h2>Informations g\u00e9n\u00e9rales<\/h2>\r\n<p>Veuillez consulter le manuel d&rsquo;examen actuel pour conna\u00eetre les frais actuels pour passer l&rsquo;examen.<\/p>\r\n<p>L&rsquo;examen offert aux \u00e9ducateurs certifi\u00e9s en diab\u00e8te le samedi suivant la longue fin de semaine de la f\u00eate de la Reine en mai est \u00e0 votre disposition chaque ann\u00e9e comme m\u00e9thode de maintien de la certification.<\/p>\r\n<p>Le choix vous appartient, vous pouvez choisir de passer l&rsquo;examen ou d&rsquo;accumuler des cr\u00e9dits via la m\u00e9thode du portefeuille de cr\u00e9dits.<\/p>\r\n<ol>\r\n<li>Pour consulter le <a href=\"https:\/\/www.cdecb.ca\/fr\/professionnels\/examen\/manuel-examen-et-documentation\/\">manuel d&rsquo;examen et la documentation<\/a>;<\/li>\r\n<li>Pour revoir les <a href=\"https:\/\/www.cdecb.ca\/fr\/professionnels\/examen\/manuel-examen-et-documentation\/\">r\u00e9f\u00e9rences de l&rsquo;examen<\/a>;<\/li>\r\n<li>Pour consulter la <a href=\"https:\/\/www.cdecb.ca\/fr\/professionnels\/examen\/faq\/\">FAQ de l&rsquo;examen<\/a>.<\/li>\r\n<\/ol>\r\n<h4>Manuel d&rsquo;examen et documentation<\/h4>\r\n<p>Acc\u00e9dez aux derniers manuels et \u00e0 la documentation pour l&rsquo;examen d&rsquo;agr\u00e9ment \u00e0 venir.<\/p>\r\n<p><a role=\"button\" href=\"https:\/\/www.cdecb.ca\/fr\/professionnels\/examen\/manuel-examen-et-documentation\/\" target=\"_self\" rel=\"noopener\" aria-label=\"Afficher les manuels\"> Afficher les manuels <\/a><\/p>\r\n<div class=\"ast-breadcrumbs-wrapper\">\n\t\t\t<div class=\"ast-breadcrumbs-inner\"><nav role=\"navigation\" aria-label=\"Breadcrumbs\" class=\"breadcrumb-trail breadcrumbs\" ><div class=\"ast-breadcrumbs\"><ul class=\"trail-items\" ><li  class=\"trail-item trail-end\"><span><a href=\"https:\/\/www.cdecb.ca\/fr\/\" rel=\"home\"><span >Accueil<\/span><\/a><\/span><\/li><\/ul><\/div><\/nav><\/div>\n\t\t<\/div>\r\n","protected":false},"excerpt":{"rendered":"<p>Processus d&rsquo;examen Demander l&rsquo;agr\u00e9mentation pour la premi\u00e8re fois ou choisir de maintenir votre d\u00e9signation d&rsquo;agr\u00e9ment par examen. Mise \u00e0 jour de l&rsquo;examen L\u2019inscription \u00e0 l\u2019examen 2023 est maintenant ferm\u00e9e. L\u2019inscription \u00e0 l\u2019examen de mai 2024 commencera \u00e0 l\u2019automne 2023. Veuillez revenir sur notre site Web \u00e0 ce moment-l\u00e0. L\u2019examen du CDECB de mai 2023 se [&hellip;]<\/p>\n","protected":false},"author":1,"featured_media":0,"parent":7329,"menu_order":0,"comment_status":"closed","ping_status":"closed","template":"","meta":{"_acf_changed":false,"site-sidebar-layout":"no-sidebar","site-content-layout":"page-builder","ast-site-content-layout":"full-width-container","site-content-style":"unboxed","site-sidebar-style":"unboxed","ast-global-header-display":"","ast-banner-title-visibility":"","ast-main-header-display":"","ast-hfb-above-header-display":"","ast-hfb-below-header-display":"","ast-hfb-mobile-header-display":"","site-post-title":"disabled","ast-breadcrumbs-content":"","ast-featured-img":"disabled","footer-sml-layout":"","ast-disable-related-posts":"","theme-transparent-header-meta":"enabled","adv-header-id-meta":"","stick-header-meta":"default","header-above-stick-meta":"","header-main-stick-meta":"","header-below-stick-meta":"","astra-migrate-meta-layouts":"default","ast-page-background-enabled":"default","ast-page-background-meta":{"desktop":{"background-color":"","background-image":"","background-repeat":"repeat","background-position":"center center","background-size":"auto","background-attachment":"scroll","background-type":"","background-media":"","overlay-type":"","overlay-color":"","overlay-opacity":"","overlay-gradient":""},"tablet":{"background-color":"","background-image":"","background-repeat":"repeat","background-position":"center center","background-size":"auto","background-attachment":"scroll","background-type":"","background-media":"","overlay-type":"","overlay-color":"","overlay-opacity":"","overlay-gradient":""},"mobile":{"background-color":"","background-image":"","background-repeat":"repeat","background-position":"center center","background-size":"auto","background-attachment":"scroll","background-type":"","background-media":"","overlay-type":"","overlay-color":"","overlay-opacity":"","overlay-gradient":""}},"ast-content-background-meta":{"desktop":{"background-color":"var(--ast-global-color-5)","background-image":"","background-repeat":"repeat","background-position":"center center","background-size":"auto","background-attachment":"scroll","background-type":"","background-media":"","overlay-type":"","overlay-color":"","overlay-opacity":"","overlay-gradient":""},"tablet":{"background-color":"var(--ast-global-color-5)","background-image":"","background-repeat":"repeat","background-position":"center center","background-size":"auto","background-attachment":"scroll","background-type":"","background-media":"","overlay-type":"","overlay-color":"","overlay-opacity":"","overlay-gradient":""},"mobile":{"background-color":"var(--ast-global-color-5)","background-image":"","background-repeat":"repeat","background-position":"center center","background-size":"auto","background-attachment":"scroll","background-type":"","background-media":"","overlay-type":"","overlay-color":"","overlay-opacity":"","overlay-gradient":""}},"footnotes":""},"class_list":["post-7350","page","type-page","status-publish","hentry"],"acf":[],"_links":{"self":[{"href":"https:\/\/www.cdecb.ca\/fr\/wp-json\/wp\/v2\/pages\/7350","targetHints":{"allow":["GET"]}}],"collection":[{"href":"https:\/\/www.cdecb.ca\/fr\/wp-json\/wp\/v2\/pages"}],"about":[{"href":"https:\/\/www.cdecb.ca\/fr\/wp-json\/wp\/v2\/types\/page"}],"author":[{"embeddable":true,"href":"https:\/\/www.cdecb.ca\/fr\/wp-json\/wp\/v2\/users\/1"}],"replies":[{"embeddable":true,"href":"https:\/\/www.cdecb.ca\/fr\/wp-json\/wp\/v2\/comments?post=7350"}],"version-history":[{"count":10,"href":"https:\/\/www.cdecb.ca\/fr\/wp-json\/wp\/v2\/pages\/7350\/revisions"}],"predecessor-version":[{"id":11877,"href":"https:\/\/www.cdecb.ca\/fr\/wp-json\/wp\/v2\/pages\/7350\/revisions\/11877"}],"up":[{"embeddable":true,"href":"https:\/\/www.cdecb.ca\/fr\/wp-json\/wp\/v2\/pages\/7329"}],"wp:attachment":[{"href":"https:\/\/www.cdecb.ca\/fr\/wp-json\/wp\/v2\/media?parent=7350"}],"curies":[{"name":"wp","href":"https:\/\/api.w.org\/{rel}","templated":true}]}}