{"id":7354,"date":"2019-08-27T02:26:18","date_gmt":"2019-08-27T02:26:18","guid":{"rendered":"https:\/\/www.cdecb.ca\/professionals\/exam\/faqs\/"},"modified":"2022-11-15T17:06:25","modified_gmt":"2022-11-15T17:06:25","slug":"faq","status":"publish","type":"page","link":"https:\/\/www.cdecb.ca\/fr\/professionnels\/examen\/faq\/","title":{"rendered":"Foire aux questions"},"content":{"rendered":"\n\n\t\t\t<h1>Foire aux questions<\/h1>\t\t\t\n\t\t\t\t<p>Vous demandez \u00e0 passer l&rsquo;examen du CCAED?\u00a0<\/p>\n<p>Voici quelques-unes des questions fr\u00e9quemment pos\u00e9es que nous avons re\u00e7ues au sujet de la demande d&rsquo;admission \u00e0 l&rsquo;examen du CCAED. <\/p>\n\t<form role=\"search\" class=\"uk-search uk-search-large uk-search-default\" method=\"post\" id=\"kbsearchform\" action=\"https:\/\/www.cdecb.ca\/fr\/\"><button type=\"submit\" id=\"searchsubmit\" data-uk-search-icon><\/button><input type=\"text\" value=\"\" name=\"s\" placeholder=\"Search for answers\" id=\"kb-s\" class=\"uk-search-input autosuggest\"\/><input type=\"hidden\" name=\"post_type\" value=\"knowledgebase\"\/><input type=\"hidden\" id=\"search_nonce\" name=\"search_nonce\" value=\"ab09d28070\" \/><\/form>\n\t<div class=\"pakb-section pakb-link pakb-boxes\">\n\t<div class=\"uk-child-width-1-3@m uk-grid-match\" data-uk-grid>\n\t\t<div><div class=\"uk-card uk-card-small uk-card-body uk-card-default uk-border-rounded uk-inline uk-text-center\"><div><a class=\"card-link uk-position-cover\" href=\"https:\/\/www.cdecb.ca\/fr\/kb\/qualifications-fr\/\"><\/a><\/div><div class=\"pakb-box-icon\"><svg xmlns=\"http:\/\/www.w3.org\/2000\/svg\" viewBox=\"0 0 50 50\" width=\"50\" height=\"50\" fill=\"#666\"><path style=\"line-height:normal;text-indent:0;text-align:start;text-decoration-line:none;text-decoration-style:solid;text-decoration-color:#000;text-transform:none;block-progression:tb;isolation:auto;mix-blend-mode:normal\" d=\"M 5 4 C 3.3544268 4 2 5.3555411 2 7 L 2 16 L 2 26 L 2 43 C 2 44.644459 3.3544268 46 5 46 L 45 46 C 46.645063 46 48 44.645063 48 43 L 48 26 L 48 16 L 48 11 C 48 9.3549372 46.645063 8 45 8 L 18 8 C 18.08657 8 17.96899 8.000364 17.724609 7.71875 C 17.480227 7.437136 17.179419 6.9699412 16.865234 6.46875 C 16.55105 5.9675588 16.221777 5.4327899 15.806641 4.9628906 C 15.391504 4.4929914 14.818754 4 14 4 L 5 4 z M 5 6 L 14 6 C 13.93925 6 14.06114 6.00701 14.308594 6.2871094 C 14.556051 6.5672101 14.857231 7.0324412 15.169922 7.53125 C 15.482613 8.0300588 15.806429 8.562864 16.212891 9.03125 C 16.619352 9.499636 17.178927 10 18 10 L 45 10 C 45.562937 10 46 10.437063 46 11 L 46 13.1875 C 45.685108 13.07394 45.351843 13 45 13 L 5 13 C 4.6481575 13 4.3148915 13.07394 4 13.1875 L 4 7 C 4 6.4364589 4.4355732 6 5 6 z M 5 15 L 45 15 C 45.56503 15 46 15.43497 46 16 L 46 26 L 46 43 C 46 43.562937 45.562937 44 45 44 L 5 44 C 4.4355732 44 4 43.563541 4 43 L 4 26 L 4 16 C 4 15.43497 4.4349698 15 5 15 z\" font-weight=\"400\" font-family=\"sans-serif\" overflow=\"visible\"\/><\/svg><\/div><h2 class=\"uk-card-title pakb-secondary-color\">Qualifications<\/h2><p class=\"pakb-muted-color\">View All 13<\/p><\/div><\/div><div><div class=\"uk-card uk-card-small uk-card-body uk-card-default uk-border-rounded uk-inline uk-text-center\"><div><a class=\"card-link uk-position-cover\" href=\"https:\/\/www.cdecb.ca\/fr\/kb\/portefeuille-de-credit\/\"><\/a><\/div><div class=\"pakb-box-icon\"><svg xmlns=\"http:\/\/www.w3.org\/2000\/svg\" viewBox=\"0 0 50 50\" width=\"50\" height=\"50\" fill=\"#666\"><path style=\"line-height:normal;text-indent:0;text-align:start;text-decoration-line:none;text-decoration-style:solid;text-decoration-color:#000;text-transform:none;block-progression:tb;isolation:auto;mix-blend-mode:normal\" d=\"M 5 4 C 3.3544268 4 2 5.3555411 2 7 L 2 16 L 2 26 L 2 43 C 2 44.644459 3.3544268 46 5 46 L 45 46 C 46.645063 46 48 44.645063 48 43 L 48 26 L 48 16 L 48 11 C 48 9.3549372 46.645063 8 45 8 L 18 8 C 18.08657 8 17.96899 8.000364 17.724609 7.71875 C 17.480227 7.437136 17.179419 6.9699412 16.865234 6.46875 C 16.55105 5.9675588 16.221777 5.4327899 15.806641 4.9628906 C 15.391504 4.4929914 14.818754 4 14 4 L 5 4 z M 5 6 L 14 6 C 13.93925 6 14.06114 6.00701 14.308594 6.2871094 C 14.556051 6.5672101 14.857231 7.0324412 15.169922 7.53125 C 15.482613 8.0300588 15.806429 8.562864 16.212891 9.03125 C 16.619352 9.499636 17.178927 10 18 10 L 45 10 C 45.562937 10 46 10.437063 46 11 L 46 13.1875 C 45.685108 13.07394 45.351843 13 45 13 L 5 13 C 4.6481575 13 4.3148915 13.07394 4 13.1875 L 4 7 C 4 6.4364589 4.4355732 6 5 6 z M 5 15 L 45 15 C 45.56503 15 46 15.43497 46 16 L 46 26 L 46 43 C 46 43.562937 45.562937 44 45 44 L 5 44 C 4.4355732 44 4 43.563541 4 43 L 4 26 L 4 16 C 4 15.43497 4.4349698 15 5 15 z\" font-weight=\"400\" font-family=\"sans-serif\" overflow=\"visible\"\/><\/svg><\/div><h2 class=\"uk-card-title pakb-secondary-color\">Portefeuille de cr\u00e9dit<\/h2><p class=\"pakb-muted-color\">View All 4<\/p><\/div><\/div><div><div class=\"uk-card uk-card-small uk-card-body uk-card-default uk-border-rounded uk-inline uk-text-center\"><div><a class=\"card-link uk-position-cover\" href=\"https:\/\/www.cdecb.ca\/fr\/kb\/preparation-de-la-demande\/\"><\/a><\/div><div class=\"pakb-box-icon\"><svg xmlns=\"http:\/\/www.w3.org\/2000\/svg\" viewBox=\"0 0 50 50\" width=\"50\" height=\"50\" fill=\"#666\"><path style=\"line-height:normal;text-indent:0;text-align:start;text-decoration-line:none;text-decoration-style:solid;text-decoration-color:#000;text-transform:none;block-progression:tb;isolation:auto;mix-blend-mode:normal\" d=\"M 5 4 C 3.3544268 4 2 5.3555411 2 7 L 2 16 L 2 26 L 2 43 C 2 44.644459 3.3544268 46 5 46 L 45 46 C 46.645063 46 48 44.645063 48 43 L 48 26 L 48 16 L 48 11 C 48 9.3549372 46.645063 8 45 8 L 18 8 C 18.08657 8 17.96899 8.000364 17.724609 7.71875 C 17.480227 7.437136 17.179419 6.9699412 16.865234 6.46875 C 16.55105 5.9675588 16.221777 5.4327899 15.806641 4.9628906 C 15.391504 4.4929914 14.818754 4 14 4 L 5 4 z M 5 6 L 14 6 C 13.93925 6 14.06114 6.00701 14.308594 6.2871094 C 14.556051 6.5672101 14.857231 7.0324412 15.169922 7.53125 C 15.482613 8.0300588 15.806429 8.562864 16.212891 9.03125 C 16.619352 9.499636 17.178927 10 18 10 L 45 10 C 45.562937 10 46 10.437063 46 11 L 46 13.1875 C 45.685108 13.07394 45.351843 13 45 13 L 5 13 C 4.6481575 13 4.3148915 13.07394 4 13.1875 L 4 7 C 4 6.4364589 4.4355732 6 5 6 z M 5 15 L 45 15 C 45.56503 15 46 15.43497 46 16 L 46 26 L 46 43 C 46 43.562937 45.562937 44 45 44 L 5 44 C 4.4355732 44 4 43.563541 4 43 L 4 26 L 4 16 C 4 15.43497 4.4349698 15 5 15 z\" font-weight=\"400\" font-family=\"sans-serif\" overflow=\"visible\"\/><\/svg><\/div><h2 class=\"uk-card-title pakb-secondary-color\">Pr\u00e9paration de la demande<\/h2><p class=\"pakb-muted-color\">View All 15<\/p><\/div><\/div><div><div class=\"uk-card uk-card-small uk-card-body uk-card-default uk-border-rounded uk-inline uk-text-center\"><div><a class=\"card-link uk-position-cover\" href=\"https:\/\/www.cdecb.ca\/fr\/kb\/examen-en-ligne\/\"><\/a><\/div><div class=\"pakb-box-icon\"><svg xmlns=\"http:\/\/www.w3.org\/2000\/svg\" viewBox=\"0 0 50 50\" width=\"50\" height=\"50\" fill=\"#666\"><path style=\"line-height:normal;text-indent:0;text-align:start;text-decoration-line:none;text-decoration-style:solid;text-decoration-color:#000;text-transform:none;block-progression:tb;isolation:auto;mix-blend-mode:normal\" d=\"M 5 4 C 3.3544268 4 2 5.3555411 2 7 L 2 16 L 2 26 L 2 43 C 2 44.644459 3.3544268 46 5 46 L 45 46 C 46.645063 46 48 44.645063 48 43 L 48 26 L 48 16 L 48 11 C 48 9.3549372 46.645063 8 45 8 L 18 8 C 18.08657 8 17.96899 8.000364 17.724609 7.71875 C 17.480227 7.437136 17.179419 6.9699412 16.865234 6.46875 C 16.55105 5.9675588 16.221777 5.4327899 15.806641 4.9628906 C 15.391504 4.4929914 14.818754 4 14 4 L 5 4 z M 5 6 L 14 6 C 13.93925 6 14.06114 6.00701 14.308594 6.2871094 C 14.556051 6.5672101 14.857231 7.0324412 15.169922 7.53125 C 15.482613 8.0300588 15.806429 8.562864 16.212891 9.03125 C 16.619352 9.499636 17.178927 10 18 10 L 45 10 C 45.562937 10 46 10.437063 46 11 L 46 13.1875 C 45.685108 13.07394 45.351843 13 45 13 L 5 13 C 4.6481575 13 4.3148915 13.07394 4 13.1875 L 4 7 C 4 6.4364589 4.4355732 6 5 6 z M 5 15 L 45 15 C 45.56503 15 46 15.43497 46 16 L 46 26 L 46 43 C 46 43.562937 45.562937 44 45 44 L 5 44 C 4.4355732 44 4 43.563541 4 43 L 4 26 L 4 16 C 4 15.43497 4.4349698 15 5 15 z\" font-weight=\"400\" font-family=\"sans-serif\" overflow=\"visible\"\/><\/svg><\/div><h2 class=\"uk-card-title pakb-secondary-color\">Examen en ligne<\/h2><p class=\"pakb-muted-color\">View All 44<\/p><\/div><\/div><div><div class=\"uk-card uk-card-small uk-card-body uk-card-default uk-border-rounded uk-inline uk-text-center\"><div><a class=\"card-link uk-position-cover\" href=\"https:\/\/www.cdecb.ca\/fr\/kb\/examen\/\"><\/a><\/div><div class=\"pakb-box-icon\"><svg xmlns=\"http:\/\/www.w3.org\/2000\/svg\" viewBox=\"0 0 50 50\" width=\"50\" height=\"50\" fill=\"#666\"><path style=\"line-height:normal;text-indent:0;text-align:start;text-decoration-line:none;text-decoration-style:solid;text-decoration-color:#000;text-transform:none;block-progression:tb;isolation:auto;mix-blend-mode:normal\" d=\"M 5 4 C 3.3544268 4 2 5.3555411 2 7 L 2 16 L 2 26 L 2 43 C 2 44.644459 3.3544268 46 5 46 L 45 46 C 46.645063 46 48 44.645063 48 43 L 48 26 L 48 16 L 48 11 C 48 9.3549372 46.645063 8 45 8 L 18 8 C 18.08657 8 17.96899 8.000364 17.724609 7.71875 C 17.480227 7.437136 17.179419 6.9699412 16.865234 6.46875 C 16.55105 5.9675588 16.221777 5.4327899 15.806641 4.9628906 C 15.391504 4.4929914 14.818754 4 14 4 L 5 4 z M 5 6 L 14 6 C 13.93925 6 14.06114 6.00701 14.308594 6.2871094 C 14.556051 6.5672101 14.857231 7.0324412 15.169922 7.53125 C 15.482613 8.0300588 15.806429 8.562864 16.212891 9.03125 C 16.619352 9.499636 17.178927 10 18 10 L 45 10 C 45.562937 10 46 10.437063 46 11 L 46 13.1875 C 45.685108 13.07394 45.351843 13 45 13 L 5 13 C 4.6481575 13 4.3148915 13.07394 4 13.1875 L 4 7 C 4 6.4364589 4.4355732 6 5 6 z M 5 15 L 45 15 C 45.56503 15 46 15.43497 46 16 L 46 26 L 46 43 C 46 43.562937 45.562937 44 45 44 L 5 44 C 4.4355732 44 4 43.563541 4 43 L 4 26 L 4 16 C 4 15.43497 4.4349698 15 5 15 z\" font-weight=\"400\" font-family=\"sans-serif\" overflow=\"visible\"\/><\/svg><\/div><h2 class=\"uk-card-title pakb-secondary-color\">Examen<\/h2><p class=\"pakb-muted-color\">View All 4<\/p><\/div><\/div>\t<\/div><\/div>\n  \n\t\t\t<h3>Int\u00e9ress\u00e9 \u00e0 devenir un \u00c9AD\u00ae?<\/h3>\t\t\t\n\t\t\t<a href=\"https:\/\/www.cdecb.ca\/fr\/professionnels\/comment-devenir-un-ead\/\" target=\"_self\" role=\"button\" aria-label=\"Apprendre comment\" rel=\"noopener\">\n\t\t\t\t\t\t\tApprendre comment\n\t\t<\/a>\n\t\t<h5>Autres demandes de renseignements<\/h5><h2>Envoie-nous un message<\/h2>\t\t\t\n\t\t\t\t<p>Nous voulons de vos nouvelles. Veuillez nous envoyer vos questions, commentaires o\u00f9 un suivi.<\/p>\n\n","protected":false},"excerpt":{"rendered":"<p>Foire aux questions Vous demandez \u00e0 passer l&rsquo;examen du CCAED?\u00a0 Voici quelques-unes des questions fr\u00e9quemment pos\u00e9es que nous avons re\u00e7ues au sujet de la demande d&rsquo;admission \u00e0 l&rsquo;examen du CCAED. Int\u00e9ress\u00e9 \u00e0 devenir un \u00c9AD\u00ae? Apprendre comment Autres demandes de renseignements Envoie-nous un message Nous voulons de vos nouvelles. Veuillez nous envoyer vos questions, commentaires [&hellip;]<\/p>\n","protected":false},"author":1,"featured_media":7355,"parent":7350,"menu_order":0,"comment_status":"closed","ping_status":"closed","template":"","meta":{"_acf_changed":false,"site-sidebar-layout":"default","site-content-layout":"page-builder","ast-site-content-layout":"default","site-content-style":"default","site-sidebar-style":"default","ast-global-header-display":"","ast-banner-title-visibility":"","ast-main-header-display":"","ast-hfb-above-header-display":"","ast-hfb-below-header-display":"","ast-hfb-mobile-header-display":"","site-post-title":"disabled","ast-breadcrumbs-content":"","ast-featured-img":"disabled","footer-sml-layout":"","ast-disable-related-posts":"","theme-transparent-header-meta":"enabled","adv-header-id-meta":"","stick-header-meta":"","header-above-stick-meta":"","header-main-stick-meta":"","header-below-stick-meta":"","astra-migrate-meta-layouts":"default","ast-page-background-enabled":"default","ast-page-background-meta":{"desktop":{"background-color":"","background-image":"","background-repeat":"repeat","background-position":"center center","background-size":"auto","background-attachment":"scroll","background-type":"","background-media":"","overlay-type":"","overlay-color":"","overlay-opacity":"","overlay-gradient":""},"tablet":{"background-color":"","background-image":"","background-repeat":"repeat","background-position":"center center","background-size":"auto","background-attachment":"scroll","background-type":"","background-media":"","overlay-type":"","overlay-color":"","overlay-opacity":"","overlay-gradient":""},"mobile":{"background-color":"","background-image":"","background-repeat":"repeat","background-position":"center center","background-size":"auto","background-attachment":"scroll","background-type":"","background-media":"","overlay-type":"","overlay-color":"","overlay-opacity":"","overlay-gradient":""}},"ast-content-background-meta":{"desktop":{"background-color":"var(--ast-global-color-5)","background-image":"","background-repeat":"repeat","background-position":"center center","background-size":"auto","background-attachment":"scroll","background-type":"","background-media":"","overlay-type":"","overlay-color":"","overlay-opacity":"","overlay-gradient":""},"tablet":{"background-color":"var(--ast-global-color-5)","background-image":"","background-repeat":"repeat","background-position":"center center","background-size":"auto","background-attachment":"scroll","background-type":"","background-media":"","overlay-type":"","overlay-color":"","overlay-opacity":"","overlay-gradient":""},"mobile":{"background-color":"var(--ast-global-color-5)","background-image":"","background-repeat":"repeat","background-position":"center center","background-size":"auto","background-attachment":"scroll","background-type":"","background-media":"","overlay-type":"","overlay-color":"","overlay-opacity":"","overlay-gradient":""}},"footnotes":""},"class_list":["post-7354","page","type-page","status-publish","has-post-thumbnail","hentry"],"acf":[],"_links":{"self":[{"href":"https:\/\/www.cdecb.ca\/fr\/wp-json\/wp\/v2\/pages\/7354","targetHints":{"allow":["GET"]}}],"collection":[{"href":"https:\/\/www.cdecb.ca\/fr\/wp-json\/wp\/v2\/pages"}],"about":[{"href":"https:\/\/www.cdecb.ca\/fr\/wp-json\/wp\/v2\/types\/page"}],"author":[{"embeddable":true,"href":"https:\/\/www.cdecb.ca\/fr\/wp-json\/wp\/v2\/users\/1"}],"replies":[{"embeddable":true,"href":"https:\/\/www.cdecb.ca\/fr\/wp-json\/wp\/v2\/comments?post=7354"}],"version-history":[{"count":5,"href":"https:\/\/www.cdecb.ca\/fr\/wp-json\/wp\/v2\/pages\/7354\/revisions"}],"predecessor-version":[{"id":10223,"href":"https:\/\/www.cdecb.ca\/fr\/wp-json\/wp\/v2\/pages\/7354\/revisions\/10223"}],"up":[{"embeddable":true,"href":"https:\/\/www.cdecb.ca\/fr\/wp-json\/wp\/v2\/pages\/7350"}],"wp:featuredmedia":[{"embeddable":true,"href":"https:\/\/www.cdecb.ca\/fr\/wp-json\/wp\/v2\/media\/7355"}],"wp:attachment":[{"href":"https:\/\/www.cdecb.ca\/fr\/wp-json\/wp\/v2\/media?parent=7354"}],"curies":[{"name":"wp","href":"https:\/\/api.w.org\/{rel}","templated":true}]}}