{"id":7364,"date":"2019-08-14T19:48:36","date_gmt":"2019-08-14T19:48:36","guid":{"rendered":"https:\/\/www.cdecb.ca\/professionals\/certification-maintenance\/"},"modified":"2022-11-15T17:07:39","modified_gmt":"2022-11-15T17:07:39","slug":"maintien-de-la-certification","status":"publish","type":"page","link":"https:\/\/www.cdecb.ca\/fr\/professionnels\/maintien-de-la-certification\/","title":{"rendered":"Maintien de la certification"},"content":{"rendered":"\n\n\t\t\t<h1>Maintenance de la certification<\/h1>\t\t\t\n\t\t\t\t<p>Tout ce que vous devez savoir sur le maintien de votre certification \u00c9AD\u00ae.<\/p>\n\t\t<h3>Mise \u00e0 jour du portefeuille de cr\u00e9dit<\/h3>\n\t\t\t\t<p>Vous pouvez t\u00e9l\u00e9charger votre portfolio en format PDF directement au CCAED lorsque vous postulez pour maintenir votre titre \u00c9AD\u00ae. Lorsque vous t\u00e9l\u00e9chargez et enregistrez avec votre demande, vous n&rsquo;aurez pas besoin de soumettre une copie papier de l&rsquo;original au CCAED, \u00e0 moins que le CCAED ne le demande pendant le processus de v\u00e9rification. Votre portfolio peut \u00eatre divis\u00e9 en un maximum de deux documents PDF pour faciliter le t\u00e9l\u00e9chargement.<\/p>\n\t<p>La d\u00e9signation de certification CDE\u00ae \/ \u00c9AD\u00ae est valable pour une p\u00e9riode de 5 ans. Tant qu&rsquo;un \u00c9AD\u00ae est enregistr\u00e9 aupr\u00e8s d&rsquo;un organisme de r\u00e9glementation au Canada en tant que professionnel de la sant\u00e9 et poss\u00e8de une d\u00e9signation \u00c9AD\u00ae actuelle, il est autoris\u00e9 \u00e0 effectuer la maintenance de certification pour renouveler sa certification pour une autre p\u00e9riode de 5 ans. La maintenance de la certification peut \u00eatre effectu\u00e9e par:<\/p>\n<p>1) <a href=\"https:\/\/www.cdecb.ca\/fr\/professionnels\/examen\/\">\u00c9crire et r\u00e9ussir l&rsquo;examen \u00c9AD\u00ae.<\/a><\/p>\n<p>ou<\/p>\n<p>2) <a href=\"https:\/\/www.cdecb.ca\/fr\/professionnels\/maintien-de-la-certification\/portefeuille-de-credits\/\">Demander et satisfaire aux exigences de maintien de la certification par portefeuille de cr\u00e9dits.<\/a><\/p>\n<p>Le processus de maintien de la certification par portefeuille de cr\u00e9dits (CM par CP) reconna\u00eet la pertinence de l&rsquo;apprentissage tout au long de la vie sur le d\u00e9veloppement professionnel. Il est bas\u00e9 sur un syst\u00e8me de cr\u00e9dits obtenus pour des activit\u00e9s de d\u00e9veloppement professionnel qui am\u00e9liorent les comp\u00e9tences ou font preuve de leadership professionnel. Par exemple, assister \u00e0 une conf\u00e9rence DC CSEM, lire un journal r\u00e9vis\u00e9 par des pairs sur le diab\u00e8te, suivre un cours officiel sur le diab\u00e8te. Pendant votre p\u00e9riode de collecte de cr\u00e9dits, vous compilez un portefeuille en documentant ces activit\u00e9s et les cr\u00e9dits associ\u00e9s sur les formulaires d&rsquo;activit\u00e9s fournis par le CCAED.<\/p>\n<p>Pour guider les \u00c9AD\u00ae tout au long du processus, le comit\u00e9 du portefeuille de cr\u00e9dit produit un <a href=\"https:\/\/www.cdecb.ca\/fr\/professionnels\/maintien-de-la-certification\/manuel-pc-2019\/\">manuel du portefeuille de cr\u00e9dit<\/a> . Ce manuel fournit aux \u00c9AD\u00ae les d\u00e9tails du processus du portefeuille de cr\u00e9dits, des informations d\u00e9taill\u00e9es sur les activit\u00e9s accept\u00e9es et des exemples de formulaires remplis.<\/p>\n\t\t\t<h3>Faire du b\u00e9n\u00e9volat<\/h3>\t\t\t\n\t\t\t\t<p>Les b\u00e9n\u00e9voles sont un \u00e9l\u00e9ment important du Conseil canadien d&rsquo;agr\u00e9ment des \u00e9ducateurs en diab\u00e8te. Leur connaissance du diab\u00e8te a permis au Conseil canadien d&rsquo;agr\u00e9ment des \u00e9ducateurs en diab\u00e8te d&rsquo;\u00eatre ce qu&rsquo;il est.<\/p>\n\t\t\t<a href=\"https:\/\/www.cdecb.ca\/fr\/professionnels\/benevolat\/\" target=\"_self\" role=\"button\" aria-label=\"En savoir plus sur le b\u00e9n\u00e9volat\" rel=\"noopener\">\n\t\t\t\t\t\t\tEn savoir plus sur le b\u00e9n\u00e9volat\n\t\t<\/a>\n\n","protected":false},"excerpt":{"rendered":"<p>Maintenance de la certification Tout ce que vous devez savoir sur le maintien de votre certification \u00c9AD\u00ae. Mise \u00e0 jour du portefeuille de cr\u00e9dit Vous pouvez t\u00e9l\u00e9charger votre portfolio en format PDF directement au CCAED lorsque vous postulez pour maintenir votre titre \u00c9AD\u00ae. Lorsque vous t\u00e9l\u00e9chargez et enregistrez avec votre demande, vous n&rsquo;aurez pas besoin [&hellip;]<\/p>\n","protected":false},"author":1,"featured_media":0,"parent":7329,"menu_order":0,"comment_status":"closed","ping_status":"closed","template":"","meta":{"_acf_changed":false,"site-sidebar-layout":"default","site-content-layout":"page-builder","ast-site-content-layout":"default","site-content-style":"default","site-sidebar-style":"default","ast-global-header-display":"","ast-banner-title-visibility":"","ast-main-header-display":"","ast-hfb-above-header-display":"","ast-hfb-below-header-display":"","ast-hfb-mobile-header-display":"","site-post-title":"disabled","ast-breadcrumbs-content":"","ast-featured-img":"disabled","footer-sml-layout":"","ast-disable-related-posts":"","theme-transparent-header-meta":"enabled","adv-header-id-meta":"","stick-header-meta":"","header-above-stick-meta":"","header-main-stick-meta":"","header-below-stick-meta":"","astra-migrate-meta-layouts":"default","ast-page-background-enabled":"default","ast-page-background-meta":{"desktop":{"background-color":"","background-image":"","background-repeat":"repeat","background-position":"center center","background-size":"auto","background-attachment":"scroll","background-type":"","background-media":"","overlay-type":"","overlay-color":"","overlay-opacity":"","overlay-gradient":""},"tablet":{"background-color":"","background-image":"","background-repeat":"repeat","background-position":"center center","background-size":"auto","background-attachment":"scroll","background-type":"","background-media":"","overlay-type":"","overlay-color":"","overlay-opacity":"","overlay-gradient":""},"mobile":{"background-color":"","background-image":"","background-repeat":"repeat","background-position":"center center","background-size":"auto","background-attachment":"scroll","background-type":"","background-media":"","overlay-type":"","overlay-color":"","overlay-opacity":"","overlay-gradient":""}},"ast-content-background-meta":{"desktop":{"background-color":"var(--ast-global-color-5)","background-image":"","background-repeat":"repeat","background-position":"center center","background-size":"auto","background-attachment":"scroll","background-type":"","background-media":"","overlay-type":"","overlay-color":"","overlay-opacity":"","overlay-gradient":""},"tablet":{"background-color":"var(--ast-global-color-5)","background-image":"","background-repeat":"repeat","background-position":"center center","background-size":"auto","background-attachment":"scroll","background-type":"","background-media":"","overlay-type":"","overlay-color":"","overlay-opacity":"","overlay-gradient":""},"mobile":{"background-color":"var(--ast-global-color-5)","background-image":"","background-repeat":"repeat","background-position":"center center","background-size":"auto","background-attachment":"scroll","background-type":"","background-media":"","overlay-type":"","overlay-color":"","overlay-opacity":"","overlay-gradient":""}},"footnotes":""},"class_list":["post-7364","page","type-page","status-publish","hentry"],"acf":[],"_links":{"self":[{"href":"https:\/\/www.cdecb.ca\/fr\/wp-json\/wp\/v2\/pages\/7364","targetHints":{"allow":["GET"]}}],"collection":[{"href":"https:\/\/www.cdecb.ca\/fr\/wp-json\/wp\/v2\/pages"}],"about":[{"href":"https:\/\/www.cdecb.ca\/fr\/wp-json\/wp\/v2\/types\/page"}],"author":[{"embeddable":true,"href":"https:\/\/www.cdecb.ca\/fr\/wp-json\/wp\/v2\/users\/1"}],"replies":[{"embeddable":true,"href":"https:\/\/www.cdecb.ca\/fr\/wp-json\/wp\/v2\/comments?post=7364"}],"version-history":[{"count":7,"href":"https:\/\/www.cdecb.ca\/fr\/wp-json\/wp\/v2\/pages\/7364\/revisions"}],"predecessor-version":[{"id":10224,"href":"https:\/\/www.cdecb.ca\/fr\/wp-json\/wp\/v2\/pages\/7364\/revisions\/10224"}],"up":[{"embeddable":true,"href":"https:\/\/www.cdecb.ca\/fr\/wp-json\/wp\/v2\/pages\/7329"}],"wp:attachment":[{"href":"https:\/\/www.cdecb.ca\/fr\/wp-json\/wp\/v2\/media?parent=7364"}],"curies":[{"name":"wp","href":"https:\/\/api.w.org\/{rel}","templated":true}]}}