{"id":7367,"date":"2019-09-10T16:08:55","date_gmt":"2019-09-10T16:08:55","guid":{"rendered":"https:\/\/www.cdecb.ca\/professionals\/certification-maintenance\/credit-portfolio\/"},"modified":"2023-06-09T18:24:54","modified_gmt":"2023-06-09T18:24:54","slug":"portefeuille-de-credits","status":"publish","type":"page","link":"https:\/\/www.cdecb.ca\/fr\/professionnels\/maintien-de-la-certification\/portefeuille-de-credits\/","title":{"rendered":"Le maintien de la certification par portefeuille de cr\u00e9dits"},"content":{"rendered":"\n\n\t\t\t<h1>Portefeuille de cr\u00e9dit<\/h1>\t\t\t\n\t\t\t\t<p>Depuis 2006, les \u00e9ducateurs agr\u00e9\u00e9s en diab\u00e8te ont acc\u00e8s au maintien de la certification par portefeuille de cr\u00e9dits comme alternative \u00e0 l&rsquo;examen de certification tous les cinq ans afin de conserver leur statut \u00c9AD\u00ae.<\/p>\n\t\t<h3>Mise \u00e0 jour du portefeuille de cr\u00e9dit<\/h3>\n\t\t\t\t<p>Vous pouvez t\u00e9l\u00e9charger votre portfolio en format PDF directement au CCAED lorsque vous postulez pour maintenir votre titre \u00c9AD\u00ae. Lorsque vous t\u00e9l\u00e9chargez et enregistrez avec votre demande, vous n&rsquo;aurez pas besoin de soumettre une copie papier de l&rsquo;original au CCAED, \u00e0 moins que le CCAED ne le demande pendant le processus de v\u00e9rification. Votre portfolio peut \u00eatre divis\u00e9 en un maximum de deux documents PDF pour faciliter le t\u00e9l\u00e9chargement.<\/p>\n\t\t\t<h2>Comment \u00e7a fonctionne<\/h2>\t\t\t\n\t\t\t\t<p>Le maintien de la certification par portefeuille de cr\u00e9dits est disponible pour les \u00e9ducateurs agr\u00e9\u00e9s en diab\u00e8te dont les r\u00e9f\u00e9rences n&rsquo;ont pas expir\u00e9 au moment de la demande de maintien de l&rsquo;agr\u00e9ment. L&rsquo;objectif du maintien de la certification est de fournir un processus volontaire, accessible, valide et pertinent qui reconna\u00eet les sp\u00e9cialistes de l&rsquo;\u00e9ducation multidisciplinaire du diab\u00e8te qui sont engag\u00e9s dans la promotion des normes nationales de soins pour les personnes et les communaut\u00e9s touch\u00e9es par le diab\u00e8te. L&rsquo;option Portfolio de cr\u00e9dit pour le maintien de la certification r\u00e9pond \u00e0 ces crit\u00e8res.<\/p>\n<p>Apr\u00e8s un examen approfondi des exigences de maintien des agr\u00e9ments utilis\u00e9es par d&rsquo;autres organismes d&rsquo;agr\u00e9ment professionnels et un examen statistique des r\u00e9sultats des examens des \u00e9ducateurs canadiens agr\u00e9\u00e9s en diab\u00e8te qui maintenaient la certification (taux de r\u00e9ussite de 97%), une option personnalis\u00e9e de maintenance de l&rsquo;agr\u00e9ment du portefeuille de cr\u00e9dits canadien a \u00e9t\u00e9 d\u00e9velopp\u00e9e. Il a \u00e9t\u00e9 test\u00e9 par des \u00e9ducateurs agr\u00e9\u00e9s en diab\u00e8te de partout au pays en d\u00e9cembre 2004 et affin\u00e9 en int\u00e9grant les commentaires obtenus de ceux qui ont particip\u00e9.<\/p>\n<p>L&rsquo;option de certification du portefeuille de cr\u00e9dits n\u00e9cessite 250 cr\u00e9dits accumul\u00e9s sur une p\u00e9riode de cinq ans obtenus \u00e0 partir d&rsquo;une large liste d&rsquo;activit\u00e9s de formation continue li\u00e9es au diab\u00e8te. Le pilote a r\u00e9v\u00e9l\u00e9 qu&rsquo;il s&rsquo;agissait d&rsquo;un nombre r\u00e9aliste et r\u00e9alisable de cr\u00e9dits pour les \u00e9ducateurs agr\u00e9\u00e9s en diab\u00e8te de diff\u00e9rentes professions \u00e0 travers le pays.<\/p>\n<p>Les activit\u00e9s ont \u00e9t\u00e9 divis\u00e9es en six grandes cat\u00e9gories:<\/p>\n<ol>\n<li> Activit\u00e9s d&rsquo;examen de la pratique et d&rsquo;auto-\u00e9valuation<\/li>\n<li> Activit\u00e9s d&rsquo;apprentissage organis\u00e9es<\/li>\n<li> Activit\u00e9s d&rsquo;apprentissage con\u00e7ues personnellement<\/li>\n<li> Activit\u00e9s \u00e9ducatives \/ de perfectionnement ou d&rsquo;enseignement<\/li>\n<li> Activit\u00e9s de publications, de recherche et d&rsquo;am\u00e9lioration de la qualit\u00e9<\/li>\n<li> Activit\u00e9s de leadership professionnel<\/li>\n<\/ol>\n<p>Les activit\u00e9s comprennent l&rsquo;auto-\u00e9valuation et l&rsquo;apprentissage ind\u00e9pendant bas\u00e9 sur un plan d&rsquo;apprentissage personnalis\u00e9, des cours formels, le d\u00e9veloppement d&rsquo;outils p\u00e9dagogiques, le pr\u00e9ceptorat, le d\u00e9veloppement de programmes et des activit\u00e9s d&rsquo;\u00e9valuation de programmes. Des cr\u00e9dits peuvent \u00e9galement \u00eatre obtenus pour des pr\u00e9sentations, l&rsquo;enseignement de cours li\u00e9s au diab\u00e8te dans un \u00e9tablissement universitaire, la publication d&rsquo;articles et de livres et la participation \u00e0 la recherche sur le diab\u00e8te et \u00e0 des groupes d&rsquo;experts ainsi qu&rsquo;\u00e0 de nombreuses autres activit\u00e9s.<\/p>\n<p>Le Conseil Canadien d&rsquo;agr\u00e9ment des \u00e9ducateurs en diab\u00e8te a convaincu que l&rsquo;option de portefeuille de cr\u00e9dit est une alternative viable au maintien de l&rsquo;agr\u00e9ment par examen et maintiendra les normes \u00e9lev\u00e9es et la valeur des titres de comp\u00e9tence \u00c9AD\u00ae. Le maintien du statut \u00c9AD\u00ae par examen continuera d&rsquo;\u00eatre disponible pour ceux qui pr\u00e9f\u00e8rent cette option. Le cycle de maintenance de certification de cinq ans restera.<\/p>\n<p>Pour plus d&rsquo;informations sur le maintien par portefeuille de cr\u00e9dit, notamment:<\/p>\n<ol>\n<li> Les crit\u00e8res d&rsquo;\u00e9valuation de l&rsquo;ad\u00e9quation de chaque type d&rsquo;activit\u00e9,<\/li>\n<li> La documentation requise<\/li>\n<li>Le nombre de cr\u00e9dits autoris\u00e9s pour chaque activit\u00e9.Veuillez t\u00e9l\u00e9charger le\u00a0 <a href=\"https:\/\/www.cdecb.ca\/professionals\/certification-maintenance\/2019-cp-handbook\/\">Manuel du portefeuille de cr\u00e9dits 2019<\/a> .<\/li>\n<\/ol>\n\t\t\t<h2> Guides et manuels<\/h2>\t\t\t\n\t<a href=\"https:\/\/www.cdecb.ca\/credit-portfolio\/2019-cp-handbook\/\" target=\"_self\" aria-label=\"Go to https:\/\/www.cdecb.ca\/credit-portfolio\/2019-cp-handbook\/\" rel=\"noopener\"><\/a>\t\t\t\t\n\t\t\t\t<p>Si vous commencez votre portefeuille de cr\u00e9dit en 2020 ou 2021, veuillez utiliser le Manuel du portefeuille de cr\u00e9dit 2019.<\/p>\n\t<a href=\"https:\/\/www.cdecb.ca\/fr\/professionnels\/maintien-de-la-certification\/manuel-pc-2019\/\" target=\"_self\" aria-label=\"Go to https:\/\/www.cdecb.ca\/fr\/professionnels\/maintien-de-la-certification\/manuel-pc-2019\/\" rel=\"noopener\"><\/a>\n\t\t\t<h2>2019<\/h2><h3>Manuel du portefeuille de cr\u00e9dit<\/h3>\t\t\t\n\t\t\t\t<p>Acc\u00e9dez \u00e0 tous les documents et formulaires.<\/p>\n\t<div class=\"ast-breadcrumbs-wrapper\">\n\t\t\t<div class=\"ast-breadcrumbs-inner\"><nav role=\"navigation\" aria-label=\"Breadcrumbs\" class=\"breadcrumb-trail breadcrumbs\" ><div class=\"ast-breadcrumbs\"><ul class=\"trail-items\" ><li  class=\"trail-item trail-end\"><span><a href=\"https:\/\/www.cdecb.ca\/fr\/\" rel=\"home\"><span >Accueil<\/span><\/a><\/span><\/li><\/ul><\/div><\/nav><\/div>\n\t\t<\/div>\n\n","protected":false},"excerpt":{"rendered":"<p>Portefeuille de cr\u00e9dit Depuis 2006, les \u00e9ducateurs agr\u00e9\u00e9s en diab\u00e8te ont acc\u00e8s au maintien de la certification par portefeuille de cr\u00e9dits comme alternative \u00e0 l&rsquo;examen de certification tous les cinq ans afin de conserver leur statut \u00c9AD\u00ae. Mise \u00e0 jour du portefeuille de cr\u00e9dit Vous pouvez t\u00e9l\u00e9charger votre portfolio en format PDF directement au CCAED [&hellip;]<\/p>\n","protected":false},"author":1,"featured_media":0,"parent":7364,"menu_order":0,"comment_status":"closed","ping_status":"closed","template":"","meta":{"_acf_changed":false,"site-sidebar-layout":"default","site-content-layout":"page-builder","ast-site-content-layout":"default","site-content-style":"default","site-sidebar-style":"default","ast-global-header-display":"","ast-banner-title-visibility":"","ast-main-header-display":"","ast-hfb-above-header-display":"","ast-hfb-below-header-display":"","ast-hfb-mobile-header-display":"","site-post-title":"disabled","ast-breadcrumbs-content":"","ast-featured-img":"disabled","footer-sml-layout":"","ast-disable-related-posts":"","theme-transparent-header-meta":"enabled","adv-header-id-meta":"","stick-header-meta":"","header-above-stick-meta":"","header-main-stick-meta":"","header-below-stick-meta":"","astra-migrate-meta-layouts":"default","ast-page-background-enabled":"default","ast-page-background-meta":{"desktop":{"background-color":"","background-image":"","background-repeat":"repeat","background-position":"center center","background-size":"auto","background-attachment":"scroll","background-type":"","background-media":"","overlay-type":"","overlay-color":"","overlay-opacity":"","overlay-gradient":""},"tablet":{"background-color":"","background-image":"","background-repeat":"repeat","background-position":"center center","background-size":"auto","background-attachment":"scroll","background-type":"","background-media":"","overlay-type":"","overlay-color":"","overlay-opacity":"","overlay-gradient":""},"mobile":{"background-color":"","background-image":"","background-repeat":"repeat","background-position":"center center","background-size":"auto","background-attachment":"scroll","background-type":"","background-media":"","overlay-type":"","overlay-color":"","overlay-opacity":"","overlay-gradient":""}},"ast-content-background-meta":{"desktop":{"background-color":"var(--ast-global-color-5)","background-image":"","background-repeat":"repeat","background-position":"center center","background-size":"auto","background-attachment":"scroll","background-type":"","background-media":"","overlay-type":"","overlay-color":"","overlay-opacity":"","overlay-gradient":""},"tablet":{"background-color":"var(--ast-global-color-5)","background-image":"","background-repeat":"repeat","background-position":"center center","background-size":"auto","background-attachment":"scroll","background-type":"","background-media":"","overlay-type":"","overlay-color":"","overlay-opacity":"","overlay-gradient":""},"mobile":{"background-color":"var(--ast-global-color-5)","background-image":"","background-repeat":"repeat","background-position":"center center","background-size":"auto","background-attachment":"scroll","background-type":"","background-media":"","overlay-type":"","overlay-color":"","overlay-opacity":"","overlay-gradient":""}},"footnotes":""},"class_list":["post-7367","page","type-page","status-publish","hentry"],"acf":[],"_links":{"self":[{"href":"https:\/\/www.cdecb.ca\/fr\/wp-json\/wp\/v2\/pages\/7367","targetHints":{"allow":["GET"]}}],"collection":[{"href":"https:\/\/www.cdecb.ca\/fr\/wp-json\/wp\/v2\/pages"}],"about":[{"href":"https:\/\/www.cdecb.ca\/fr\/wp-json\/wp\/v2\/types\/page"}],"author":[{"embeddable":true,"href":"https:\/\/www.cdecb.ca\/fr\/wp-json\/wp\/v2\/users\/1"}],"replies":[{"embeddable":true,"href":"https:\/\/www.cdecb.ca\/fr\/wp-json\/wp\/v2\/comments?post=7367"}],"version-history":[{"count":7,"href":"https:\/\/www.cdecb.ca\/fr\/wp-json\/wp\/v2\/pages\/7367\/revisions"}],"predecessor-version":[{"id":11496,"href":"https:\/\/www.cdecb.ca\/fr\/wp-json\/wp\/v2\/pages\/7367\/revisions\/11496"}],"up":[{"embeddable":true,"href":"https:\/\/www.cdecb.ca\/fr\/wp-json\/wp\/v2\/pages\/7364"}],"wp:attachment":[{"href":"https:\/\/www.cdecb.ca\/fr\/wp-json\/wp\/v2\/media?parent=7367"}],"curies":[{"name":"wp","href":"https:\/\/api.w.org\/{rel}","templated":true}]}}