{"id":7377,"date":"2019-09-10T19:17:57","date_gmt":"2019-09-10T19:17:57","guid":{"rendered":"https:\/\/www.cdecb.ca\/professionals\/exam\/handbook-and-documentation\/"},"modified":"2025-11-19T14:25:43","modified_gmt":"2025-11-19T14:25:43","slug":"manuel-examen-et-documentation","status":"publish","type":"page","link":"https:\/\/www.cdecb.ca\/fr\/professionnels\/examen\/manuel-examen-et-documentation\/","title":{"rendered":"Manuel d&rsquo;examen et documentation"},"content":{"rendered":"\n\n\t\t\t<h2>2026<\/h2><h1>Manuel d&rsquo;examen et documentation<\/h1>\t\t\t\n\t\t\t<h2>Manuel d&rsquo;examen et documentation<\/h2>\t\t\t\n\t<meta itemscope itemprop=\"mainEntityOfPage\" itemtype=\"https:\/\/schema.org\/WebPage\" itemid=\"https:\/\/www.cdecb.ca\/fr\/documents\/2021-lexicon-french-to-english-2021-r5\/\" content=\"Lexicon French to English 2021\" \/><meta itemprop=\"datePublished\" content=\"2021-04-01\" \/><meta itemprop=\"dateModified\" content=\"2025-10-30\" \/><meta itemprop=\"name\" content=\"CDECB\"\/><meta itemprop=\"url\" content=\"https:\/\/www.cdecb.ca\/wp-content\/uploads\/2019\/08\/cdecb_logo-white.png\"\/><meta itemprop=\"url\" content=\"https:\/\/www.cdecb.ca\/fr\/author\/nboose\/\" \/><meta itemprop=\"name\" content=\"Norma Boose\" \/><meta itemprop=\"interactionType\" content=\"https:\/\/schema.org\/CommentAction\" \/><meta itemprop=\"userInteractionCount\" content=\"0\" \/><a href=\"https:\/\/www.cdecb.ca\/wp-content\/uploads\/2021-Lexicon-French-to-English-2021-R5.pdf\" target=\"_blank\" title=\"Download Lexicon French to English 2021\">\n\t\t<h3>Lexicon French to English 2021<\/h3>\n<\/a>\n\t<meta itemscope itemprop=\"mainEntityOfPage\" itemtype=\"https:\/\/schema.org\/WebPage\" itemid=\"https:\/\/www.cdecb.ca\/fr\/documents\/french-examination-handbook-pdf\/\" content=\"French Guide de l&rsquo;examen 2026\" \/><meta itemprop=\"datePublished\" content=\"2019-09-27\" \/><meta itemprop=\"dateModified\" content=\"2025-11-18\" \/><meta itemprop=\"name\" content=\"CDECB\"\/><meta itemprop=\"url\" content=\"https:\/\/www.cdecb.ca\/wp-content\/uploads\/2019\/08\/cdecb_logo-white.png\"\/><meta itemprop=\"url\" content=\"https:\/\/www.cdecb.ca\/fr\/author\/pmadm\/\" \/><meta itemprop=\"name\" content=\"pmadm\" \/><meta itemprop=\"interactionType\" content=\"https:\/\/schema.org\/CommentAction\" \/><meta itemprop=\"userInteractionCount\" content=\"0\" \/><a href=\"https:\/\/www.cdecb.ca\/wp-content\/uploads\/2026-French-Examination-Handbook-1.pdf\" target=\"_blank\" title=\"Download French Guide de l&rsquo;examen 2026\">\n\t\t<h3>French Guide de l&rsquo;examen 2026<\/h3>\n<\/a>\n\t<meta itemscope itemprop=\"mainEntityOfPage\" itemtype=\"https:\/\/schema.org\/WebPage\" itemid=\"https:\/\/www.cdecb.ca\/fr\/documents\/annexe-a-profil-de-competences-revise-avec-ponderations\/\" content=\"Annexe A &#8211; CDECB Comp\u00e9tences\" \/><meta itemprop=\"datePublished\" content=\"2019-09-27\" \/><meta itemprop=\"dateModified\" content=\"2022-11-01\" \/><meta itemprop=\"name\" content=\"CDECB\"\/><meta itemprop=\"url\" content=\"https:\/\/www.cdecb.ca\/wp-content\/uploads\/2019\/08\/cdecb_logo-white.png\"\/><meta itemprop=\"url\" content=\"https:\/\/www.cdecb.ca\/fr\/author\/pmadm\/\" \/><meta itemprop=\"name\" content=\"pmadm\" \/><meta itemprop=\"interactionType\" content=\"https:\/\/schema.org\/CommentAction\" \/><meta itemprop=\"userInteractionCount\" content=\"0\" \/><a href=\"https:\/\/www.cdecb.ca\/wp-content\/uploads\/Annexe-A-CDECB-Competences.pdf\" target=\"_blank\" title=\"Download Annexe A &#8211; CDECB Comp\u00e9tences\">\n\t\t<h3>Annexe A &#8211; CDECB Comp\u00e9tences<\/h3>\n<\/a>\n\t<meta itemscope itemprop=\"mainEntityOfPage\" itemtype=\"https:\/\/schema.org\/WebPage\" itemid=\"https:\/\/www.cdecb.ca\/fr\/documents\/annexe-b-liste-de-references\/\" content=\"Annexe B &#8211; Liste De R\u00e9f\u00e9rences\" \/><meta itemprop=\"datePublished\" content=\"2019-09-27\" \/><meta itemprop=\"dateModified\" content=\"2025-04-16\" \/><meta itemprop=\"name\" content=\"CDECB\"\/><meta itemprop=\"url\" content=\"https:\/\/www.cdecb.ca\/wp-content\/uploads\/2019\/08\/cdecb_logo-white.png\"\/><meta itemprop=\"url\" content=\"https:\/\/www.cdecb.ca\/fr\/author\/pmadm\/\" \/><meta itemprop=\"name\" content=\"pmadm\" \/><meta itemprop=\"interactionType\" content=\"https:\/\/schema.org\/CommentAction\" \/><meta itemprop=\"userInteractionCount\" content=\"0\" \/><a href=\"https:\/\/www.cdecb.ca\/wp-content\/uploads\/Appendix-B-Resource-List-FR-3.pdf\" target=\"_blank\" title=\"Download Annexe B &#8211; Liste De R\u00e9f\u00e9rences\">\n\t\t<h3>Annexe B &#8211; Liste De R\u00e9f\u00e9rences<\/h3>\n<\/a>\n\t<meta itemscope itemprop=\"mainEntityOfPage\" itemtype=\"https:\/\/schema.org\/WebPage\" itemid=\"https:\/\/www.cdecb.ca\/fr\/documents\/appendix-c-computer-and-internet-requirements-fr-pdf\/\" content=\"Annexe C  &#8211; Exigences informatiques et Internet\" \/><meta itemprop=\"datePublished\" content=\"2019-09-27\" \/><meta itemprop=\"dateModified\" content=\"2024-11-12\" \/><meta itemprop=\"name\" content=\"CDECB\"\/><meta itemprop=\"url\" content=\"https:\/\/www.cdecb.ca\/wp-content\/uploads\/2019\/08\/cdecb_logo-white.png\"\/><meta itemprop=\"url\" content=\"https:\/\/www.cdecb.ca\/fr\/author\/pmadm\/\" \/><meta itemprop=\"name\" content=\"pmadm\" \/><meta itemprop=\"interactionType\" content=\"https:\/\/schema.org\/CommentAction\" \/><meta itemprop=\"userInteractionCount\" content=\"0\" \/><a href=\"https:\/\/www.cdecb.ca\/wp-content\/uploads\/Annexe-C-Computer-and-Internet-Requirements-4.pdf\" target=\"_blank\" title=\"Download Annexe C  &#8211; Exigences informatiques et Internet\">\n\t\t<h3>Annexe C  &#8211; Exigences informatiques et Internet<\/h3>\n<\/a>\n\t<meta itemscope itemprop=\"mainEntityOfPage\" itemtype=\"https:\/\/schema.org\/WebPage\" itemid=\"https:\/\/www.cdecb.ca\/fr\/documents\/annexe-d-determination-de-labmissibilite\/\" content=\"Annexe D &#8211; D\u00e9termination De L'abmissibilit\u00e9\" \/><meta itemprop=\"datePublished\" content=\"2019-09-27\" \/><meta itemprop=\"dateModified\" content=\"2022-11-01\" \/><meta itemprop=\"name\" content=\"CDECB\"\/><meta itemprop=\"url\" content=\"https:\/\/www.cdecb.ca\/wp-content\/uploads\/2019\/08\/cdecb_logo-white.png\"\/><meta itemprop=\"url\" content=\"https:\/\/www.cdecb.ca\/fr\/author\/pmadm\/\" \/><meta itemprop=\"name\" content=\"pmadm\" \/><meta itemprop=\"interactionType\" content=\"https:\/\/schema.org\/CommentAction\" \/><meta itemprop=\"userInteractionCount\" content=\"0\" \/><a href=\"https:\/\/www.cdecb.ca\/wp-content\/uploads\/Annexe-D-Determination-De-Labmissibilite.pdf\" target=\"_blank\" title=\"Download Annexe D &#8211; D\u00e9termination De L'abmissibilit\u00e9\">\n\t\t<h3>Annexe D &#8211; D\u00e9termination De L&rsquo;abmissibilit\u00e9<\/h3>\n<\/a>\n\t<meta itemscope itemprop=\"mainEntityOfPage\" itemtype=\"https:\/\/schema.org\/WebPage\" itemid=\"https:\/\/www.cdecb.ca\/fr\/documents\/annexe-e-processus-de-lexamen-du-cdecb\/\" content=\"Annexe E &#8211; Processus de L'examen du CDECB\" \/><meta itemprop=\"datePublished\" content=\"2019-09-27\" \/><meta itemprop=\"dateModified\" content=\"2022-11-01\" \/><meta itemprop=\"name\" content=\"CDECB\"\/><meta itemprop=\"url\" content=\"https:\/\/www.cdecb.ca\/wp-content\/uploads\/2019\/08\/cdecb_logo-white.png\"\/><meta itemprop=\"url\" content=\"https:\/\/www.cdecb.ca\/fr\/author\/pmadm\/\" \/><meta itemprop=\"name\" content=\"pmadm\" \/><meta itemprop=\"interactionType\" content=\"https:\/\/schema.org\/CommentAction\" \/><meta itemprop=\"userInteractionCount\" content=\"0\" \/><a href=\"https:\/\/www.cdecb.ca\/wp-content\/uploads\/Annexe-E-Processus-de-Lexamen-du-CDECB.pdf\" target=\"_blank\" title=\"Download Annexe E &#8211; Processus de L'examen du CDECB\">\n\t\t<h3>Annexe E &#8211; Processus de L&rsquo;examen du CDECB<\/h3>\n<\/a>\n\t<meta itemscope itemprop=\"mainEntityOfPage\" itemtype=\"https:\/\/schema.org\/WebPage\" itemid=\"https:\/\/www.cdecb.ca\/fr\/documents\/annexe-f-liste-de-verification-des-applications\/\" content=\"Annexe F - Liste De V\u00e9rification Des Applications\" \/><meta itemprop=\"datePublished\" content=\"2019-09-27\" \/><meta itemprop=\"dateModified\" content=\"2022-11-01\" \/><meta itemprop=\"name\" content=\"CDECB\"\/><meta itemprop=\"url\" content=\"https:\/\/www.cdecb.ca\/wp-content\/uploads\/2019\/08\/cdecb_logo-white.png\"\/><meta itemprop=\"url\" content=\"https:\/\/www.cdecb.ca\/fr\/author\/pmadm\/\" \/><meta itemprop=\"name\" content=\"pmadm\" \/><meta itemprop=\"interactionType\" content=\"https:\/\/schema.org\/CommentAction\" \/><meta itemprop=\"userInteractionCount\" content=\"0\" \/><a href=\"https:\/\/www.cdecb.ca\/wp-content\/uploads\/Annexe-F---Liste-De-Verification-Des-Applications.pdf\" target=\"_blank\" title=\"Download Annexe F - Liste De V\u00e9rification Des Applications\">\n\t\t<h3>Annexe F &#8211; Liste De V\u00e9rification Des Applications<\/h3>\n<\/a>\n\t<meta itemscope itemprop=\"mainEntityOfPage\" itemtype=\"https:\/\/schema.org\/WebPage\" itemid=\"https:\/\/www.cdecb.ca\/fr\/documents\/lettre-de-reference\/\" content=\"Lettre de r\u00e9f\u00e9rence\" \/><meta itemprop=\"datePublished\" content=\"2019-09-27\" \/><meta itemprop=\"dateModified\" content=\"2022-11-01\" \/><meta itemprop=\"name\" content=\"CDECB\"\/><meta itemprop=\"url\" content=\"https:\/\/www.cdecb.ca\/wp-content\/uploads\/2019\/08\/cdecb_logo-white.png\"\/><meta itemprop=\"url\" content=\"https:\/\/www.cdecb.ca\/fr\/author\/pmadm\/\" \/><meta itemprop=\"name\" content=\"pmadm\" \/><meta itemprop=\"interactionType\" content=\"https:\/\/schema.org\/CommentAction\" \/><meta itemprop=\"userInteractionCount\" content=\"0\" \/><a href=\"https:\/\/www.cdecb.ca\/wp-content\/uploads\/Letter-of-Reference-French.pdf\" target=\"_blank\" title=\"Download Lettre de r\u00e9f\u00e9rence\">\n\t\t<h3>Lettre de r\u00e9f\u00e9rence<\/h3>\n<\/a>\n\t<meta itemscope itemprop=\"mainEntityOfPage\" itemtype=\"https:\/\/schema.org\/WebPage\" itemid=\"https:\/\/www.cdecb.ca\/fr\/documents\/electronic-examination-help-guide\/\" content=\"Priv\u00e9\u00a0: Electronic Examination Help Guide\" \/><meta itemprop=\"datePublished\" content=\"2023-05-02\" \/><meta itemprop=\"dateModified\" content=\"2024-02-16\" \/><meta itemprop=\"name\" content=\"CDECB\"\/><meta itemprop=\"url\" content=\"https:\/\/www.cdecb.ca\/wp-content\/uploads\/2019\/08\/cdecb_logo-white.png\"\/><meta itemprop=\"url\" content=\"https:\/\/www.cdecb.ca\/fr\/author\/nboose\/\" \/><meta itemprop=\"name\" content=\"Norma Boose\" \/><meta itemprop=\"interactionType\" content=\"https:\/\/schema.org\/CommentAction\" \/><meta itemprop=\"userInteractionCount\" content=\"0\" \/><a href=\"https:\/\/www.cdecb.ca\/wp-content\/uploads\/Electronic-Examination-Help-Guide-v2.pdf\" target=\"_blank\" title=\"Download Priv\u00e9\u00a0: Electronic Examination Help Guide\">\n\t\t<h3>Priv\u00e9\u00a0: Electronic Examination Help Guide<\/h3>\n<\/a>\n\t\t\t<h3>R\u00e9f\u00e9rences pour l&rsquo;examen 2025<\/h3>\t\t\t\n\t\t\t\t<p>L&rsquo;examen 2025 sera bas\u00e9 sur les directives de pratique clinique 2018.<\/p>\n<p><a href=\"https:\/\/orders.diabetes.ca\/collections\/professional-resources\">Cliquez ici pour commander les lignes directrices de pratique clinique 2018 de Diab\u00e8te Canada<\/a><\/p>\n\t\t\t<h3>Mise \u00e0 jour de l&rsquo;examen<\/h3>\t\t\t\n<p>&nbsp;<\/p>\n<p>Les dates de l&rsquo;examen 2025 sont les suivantes\u00a0: (Vous pouvez choisir l&rsquo;une des options suivantes)<\/p>\n<p>jeudi 22 mai 2025<\/p>\n<p>vendredi 23 mai 2025<\/p>\n<p>samedi 24 mai 2025<\/p>\n<p>Pour vous assurer de recevoir toutes les communications avec nous, veuillez ajouter les e-mails suivants \u00e0 votre liste de contacts. systems@cdecb.ca\u00a0 et cdecb@cdecb.ca<\/p>\n\n","protected":false},"excerpt":{"rendered":"<p>2026 Manuel d&rsquo;examen et documentation Manuel d&rsquo;examen et documentation Lexicon French to English 2021 French Guide de l&rsquo;examen 2026 Annexe A &#8211; CDECB Comp\u00e9tences Annexe B &#8211; Liste De R\u00e9f\u00e9rences Annexe C &#8211; Exigences informatiques et Internet Annexe D &#8211; D\u00e9termination De L&rsquo;abmissibilit\u00e9 Annexe E &#8211; Processus de L&rsquo;examen du CDECB Annexe F &#8211; Liste [&hellip;]<\/p>\n","protected":false},"author":1,"featured_media":7371,"parent":7350,"menu_order":0,"comment_status":"closed","ping_status":"closed","template":"","meta":{"_acf_changed":false,"site-sidebar-layout":"default","site-content-layout":"page-builder","ast-site-content-layout":"full-width-container","site-content-style":"unboxed","site-sidebar-style":"unboxed","ast-global-header-display":"","ast-banner-title-visibility":"","ast-main-header-display":"","ast-hfb-above-header-display":"","ast-hfb-below-header-display":"","ast-hfb-mobile-header-display":"","site-post-title":"disabled","ast-breadcrumbs-content":"","ast-featured-img":"disabled","footer-sml-layout":"","ast-disable-related-posts":"","theme-transparent-header-meta":"enabled","adv-header-id-meta":"","stick-header-meta":"","header-above-stick-meta":"","header-main-stick-meta":"","header-below-stick-meta":"","astra-migrate-meta-layouts":"default","ast-page-background-enabled":"default","ast-page-background-meta":{"desktop":{"background-color":"","background-image":"","background-repeat":"repeat","background-position":"center center","background-size":"auto","background-attachment":"scroll","background-type":"","background-media":"","overlay-type":"","overlay-color":"","overlay-opacity":"","overlay-gradient":""},"tablet":{"background-color":"","background-image":"","background-repeat":"repeat","background-position":"center center","background-size":"auto","background-attachment":"scroll","background-type":"","background-media":"","overlay-type":"","overlay-color":"","overlay-opacity":"","overlay-gradient":""},"mobile":{"background-color":"","background-image":"","background-repeat":"repeat","background-position":"center center","background-size":"auto","background-attachment":"scroll","background-type":"","background-media":"","overlay-type":"","overlay-color":"","overlay-opacity":"","overlay-gradient":""}},"ast-content-background-meta":{"desktop":{"background-color":"var(--ast-global-color-5)","background-image":"","background-repeat":"repeat","background-position":"center center","background-size":"auto","background-attachment":"scroll","background-type":"","background-media":"","overlay-type":"","overlay-color":"","overlay-opacity":"","overlay-gradient":""},"tablet":{"background-color":"var(--ast-global-color-5)","background-image":"","background-repeat":"repeat","background-position":"center center","background-size":"auto","background-attachment":"scroll","background-type":"","background-media":"","overlay-type":"","overlay-color":"","overlay-opacity":"","overlay-gradient":""},"mobile":{"background-color":"var(--ast-global-color-5)","background-image":"","background-repeat":"repeat","background-position":"center center","background-size":"auto","background-attachment":"scroll","background-type":"","background-media":"","overlay-type":"","overlay-color":"","overlay-opacity":"","overlay-gradient":""}},"footnotes":""},"class_list":["post-7377","page","type-page","status-publish","has-post-thumbnail","hentry"],"acf":[],"_links":{"self":[{"href":"https:\/\/www.cdecb.ca\/fr\/wp-json\/wp\/v2\/pages\/7377","targetHints":{"allow":["GET"]}}],"collection":[{"href":"https:\/\/www.cdecb.ca\/fr\/wp-json\/wp\/v2\/pages"}],"about":[{"href":"https:\/\/www.cdecb.ca\/fr\/wp-json\/wp\/v2\/types\/page"}],"author":[{"embeddable":true,"href":"https:\/\/www.cdecb.ca\/fr\/wp-json\/wp\/v2\/users\/1"}],"replies":[{"embeddable":true,"href":"https:\/\/www.cdecb.ca\/fr\/wp-json\/wp\/v2\/comments?post=7377"}],"version-history":[{"count":12,"href":"https:\/\/www.cdecb.ca\/fr\/wp-json\/wp\/v2\/pages\/7377\/revisions"}],"predecessor-version":[{"id":11904,"href":"https:\/\/www.cdecb.ca\/fr\/wp-json\/wp\/v2\/pages\/7377\/revisions\/11904"}],"up":[{"embeddable":true,"href":"https:\/\/www.cdecb.ca\/fr\/wp-json\/wp\/v2\/pages\/7350"}],"wp:featuredmedia":[{"embeddable":true,"href":"https:\/\/www.cdecb.ca\/fr\/wp-json\/wp\/v2\/media\/7371"}],"wp:attachment":[{"href":"https:\/\/www.cdecb.ca\/fr\/wp-json\/wp\/v2\/media?parent=7377"}],"curies":[{"name":"wp","href":"https:\/\/api.w.org\/{rel}","templated":true}]}}