{"id":7380,"date":"2020-08-06T07:07:14","date_gmt":"2020-08-06T07:07:14","guid":{"rendered":"https:\/\/www.cdecb.ca\/professionals\/certification-maintenance\/faq\/"},"modified":"2022-11-15T16:13:51","modified_gmt":"2022-11-15T16:13:51","slug":"faq","status":"publish","type":"page","link":"https:\/\/www.cdecb.ca\/fr\/professionnels\/maintien-de-la-certification\/faq\/","title":{"rendered":"Foire aux questions"},"content":{"rendered":"\n\n\t\t\t<h2>Foire aux questions<\/h2>\t\t\t\n\t\t\t\t<p>Portefeuille de cr\u00e9dit<\/p>\n\t\t\t\t\t\t<h5>\n\t\t\t\t<a href=https:\/\/www.cdecb.ca\/fr\/faq\/reussite-ou-lechec-a-lexamen\/ title=\"R\u00e9ussite ou l'\u00e9chec \u00e0 l'examen?\" tabindex=\"0\">R\u00e9ussite ou l&rsquo;\u00e9chec \u00e0 l&rsquo;examen?<\/a>\t\t\t<\/h5>\n\t\t\t\t\t<p>Puisqu&rsquo;il s&rsquo;agit d&rsquo;une \u00e9valuation par crit\u00e8re dans laquelle tous les candidats sont compar\u00e9s \u00e0 un seul crit\u00e8re-la norme minimale acceptable, le r\u00e9sultat est un succ\u00e8s\/\u00e9chec. UNE NOTE CHRIFFR\u00c9 NE SERA PAS DONN\u00c9E.<\/p>\n\t\t\t<h2>Guides et manuels<\/h2>\t\t\t\n\t<a href=\"https:\/\/www.cdecb.ca\/fr\/professionnels\/maintien-de-la-certification\/manuel-pc-2019\/\" target=\"_self\" aria-label=\"Go to https:\/\/www.cdecb.ca\/fr\/professionnels\/maintien-de-la-certification\/manuel-pc-2019\/\" rel=\"noopener\"><\/a>\n\t\t\t<h2>2019 <\/h2><h3>Manuel du portefeuille de cr\u00e9dit<\/h3>\t\t\t\n<p>Acc\u00e9dez \u00e0 tous les documents et formulaires.<\/p>\n\t<a href=\"https:\/\/www.cdecb.ca\/fr\/professionnels\/maintien-de-la-certification\/2018-guide-pc\/\" target=\"_self\" aria-label=\"Go to https:\/\/www.cdecb.ca\/fr\/professionnels\/maintien-de-la-certification\/2018-guide-pc\/\" rel=\"noopener\"><\/a>\n\t\t\t<h2>2018<\/h2><h3>Guide pratique du portefeuille de cr\u00e9dit<\/h3>\t\t\t\n\t\t\t\tAcc\u00e9dez \u00e0 tous les documents et formulaires.\n\t<div class=\"ast-breadcrumbs-wrapper\">\n\t\t\t<div class=\"ast-breadcrumbs-inner\"><nav role=\"navigation\" aria-label=\"Breadcrumbs\" class=\"breadcrumb-trail breadcrumbs\" ><div class=\"ast-breadcrumbs\"><ul class=\"trail-items\" ><li  class=\"trail-item trail-end\"><span><a href=\"https:\/\/www.cdecb.ca\/fr\/\" rel=\"home\"><span >Accueil<\/span><\/a><\/span><\/li><\/ul><\/div><\/nav><\/div>\n\t\t<\/div>\n\n","protected":false},"excerpt":{"rendered":"<p>Foire aux questions Portefeuille de cr\u00e9dit R\u00e9ussite ou l&rsquo;\u00e9chec \u00e0 l&rsquo;examen? Puisqu&rsquo;il s&rsquo;agit d&rsquo;une \u00e9valuation par crit\u00e8re dans laquelle tous les candidats sont compar\u00e9s \u00e0 un seul crit\u00e8re-la norme minimale acceptable, le r\u00e9sultat est un succ\u00e8s\/\u00e9chec. UNE NOTE CHRIFFR\u00c9 NE SERA PAS DONN\u00c9E. Guides et manuels 2019 Manuel du portefeuille de cr\u00e9dit Acc\u00e9dez \u00e0 tous [&hellip;]<\/p>\n","protected":false},"author":8,"featured_media":0,"parent":7364,"menu_order":0,"comment_status":"closed","ping_status":"closed","template":"","meta":{"_acf_changed":false,"site-sidebar-layout":"default","site-content-layout":"page-builder","ast-site-content-layout":"full-width-container","site-content-style":"unboxed","site-sidebar-style":"unboxed","ast-global-header-display":"","ast-banner-title-visibility":"","ast-main-header-display":"","ast-hfb-above-header-display":"","ast-hfb-below-header-display":"","ast-hfb-mobile-header-display":"","site-post-title":"disabled","ast-breadcrumbs-content":"","ast-featured-img":"disabled","footer-sml-layout":"","ast-disable-related-posts":"","theme-transparent-header-meta":"enabled","adv-header-id-meta":"","stick-header-meta":"","header-above-stick-meta":"","header-main-stick-meta":"","header-below-stick-meta":"","astra-migrate-meta-layouts":"default","ast-page-background-enabled":"default","ast-page-background-meta":{"desktop":{"background-color":"","background-image":"","background-repeat":"repeat","background-position":"center center","background-size":"auto","background-attachment":"scroll","background-type":"","background-media":"","overlay-type":"","overlay-color":"","overlay-opacity":"","overlay-gradient":""},"tablet":{"background-color":"","background-image":"","background-repeat":"repeat","background-position":"center center","background-size":"auto","background-attachment":"scroll","background-type":"","background-media":"","overlay-type":"","overlay-color":"","overlay-opacity":"","overlay-gradient":""},"mobile":{"background-color":"","background-image":"","background-repeat":"repeat","background-position":"center center","background-size":"auto","background-attachment":"scroll","background-type":"","background-media":"","overlay-type":"","overlay-color":"","overlay-opacity":"","overlay-gradient":""}},"ast-content-background-meta":{"desktop":{"background-color":"var(--ast-global-color-5)","background-image":"","background-repeat":"repeat","background-position":"center center","background-size":"auto","background-attachment":"scroll","background-type":"","background-media":"","overlay-type":"","overlay-color":"","overlay-opacity":"","overlay-gradient":""},"tablet":{"background-color":"var(--ast-global-color-5)","background-image":"","background-repeat":"repeat","background-position":"center center","background-size":"auto","background-attachment":"scroll","background-type":"","background-media":"","overlay-type":"","overlay-color":"","overlay-opacity":"","overlay-gradient":""},"mobile":{"background-color":"var(--ast-global-color-5)","background-image":"","background-repeat":"repeat","background-position":"center center","background-size":"auto","background-attachment":"scroll","background-type":"","background-media":"","overlay-type":"","overlay-color":"","overlay-opacity":"","overlay-gradient":""}},"footnotes":""},"class_list":["post-7380","page","type-page","status-publish","hentry"],"acf":[],"_links":{"self":[{"href":"https:\/\/www.cdecb.ca\/fr\/wp-json\/wp\/v2\/pages\/7380","targetHints":{"allow":["GET"]}}],"collection":[{"href":"https:\/\/www.cdecb.ca\/fr\/wp-json\/wp\/v2\/pages"}],"about":[{"href":"https:\/\/www.cdecb.ca\/fr\/wp-json\/wp\/v2\/types\/page"}],"author":[{"embeddable":true,"href":"https:\/\/www.cdecb.ca\/fr\/wp-json\/wp\/v2\/users\/8"}],"replies":[{"embeddable":true,"href":"https:\/\/www.cdecb.ca\/fr\/wp-json\/wp\/v2\/comments?post=7380"}],"version-history":[{"count":5,"href":"https:\/\/www.cdecb.ca\/fr\/wp-json\/wp\/v2\/pages\/7380\/revisions"}],"predecessor-version":[{"id":10212,"href":"https:\/\/www.cdecb.ca\/fr\/wp-json\/wp\/v2\/pages\/7380\/revisions\/10212"}],"up":[{"embeddable":true,"href":"https:\/\/www.cdecb.ca\/fr\/wp-json\/wp\/v2\/pages\/7364"}],"wp:attachment":[{"href":"https:\/\/www.cdecb.ca\/fr\/wp-json\/wp\/v2\/media?parent=7380"}],"curies":[{"name":"wp","href":"https:\/\/api.w.org\/{rel}","templated":true}]}}