{"id":7394,"date":"2019-12-18T05:23:47","date_gmt":"2019-12-18T05:23:47","guid":{"rendered":"https:\/\/www.cdecb.ca\/professionals\/job-opportunities\/current-postings\/"},"modified":"2021-08-23T18:39:06","modified_gmt":"2021-08-23T18:39:06","slug":"postes-actuels","status":"publish","type":"page","link":"https:\/\/www.cdecb.ca\/fr\/professionnels\/opportunites-emploi\/postes-actuels\/","title":{"rendered":"Postes actuels"},"content":{"rendered":"\r\n<p><span style=\"font-weight: 400;\">Si vous avez une possibilit\u00e9 d&#8217;emploi pour les <\/span><span style=\"font-weight: 400;\">\u00c9AD\u00ae,<\/span><span style=\"font-weight: 400;\"> veuillez envoyer les informations par <\/span><span style=\"font-weight: 400;\">courriel<\/span><span style=\"font-weight: 400;\"> \u00e0 <\/span><span style=\"font-weight: 400;\">office@cdecb.ca<\/span> <span style=\"font-weight: 400;\">et nous serons heureux de les publier gratuitement pour vous!<\/span><\/p>\r\n\r\n\r\n\r\n<h4 class=\"wp-block-heading\"><b>Les opportunit\u00e9s d&#8217;emploi suivantes sont disponibles:<\/b><\/h4>\r\n<p>&nbsp;<\/p>\r\n<p><a href=\"https:\/\/jobs.interiorhealth.ca\/job\/clearwater\/diabetes-education-nurse\/602\/17437810\">Infirmi\u00e8re en \u00e9ducation sur le diab\u00e8te \u00e0 l&rsquo;h\u00f4pital Dr. Helmcken Mem, C.-B.<\/a><\/p>\r\n\r\n\r\n\r\n<p><a href=\"https:\/\/sinaihealthsystem-mountsinai.mua.hrdepartment.com\/hr\/ats\/Posting\/view\/4493\">L&rsquo;H\u00f4pital Mount Sinai est \u00e0 la recherche d&rsquo;une infirmi\u00e8re clinicienne sp\u00e9cialis\u00e9e &#8211; Diab\u00e8te<\/a><\/p>\r\n<p><a href=\"https:\/\/lmcdiabetesendocrinology.applytojob.com\/apply\/dCscf7Wvwr\/Diabetes-Educator-Registered-Dietitian\"><span style=\"font-weight: 400;\">Di\u00e9t\u00e9tiste professionnelle, Barrie Ont &#8211; f\u00e9vrier 2020<\/span><\/a><\/p>\r\n<p><a href=\"https:\/\/jobs.interiorhealth.ca\/job\/trail\/diabetes-education-nurse\/602\/12743813\"><span style=\"font-weight: 400;\">Infirmi\u00e8re en \u00e9ducation au diab\u00e8te, Trail BC &#8211; septembre 2019<\/span><\/a><\/p>\r\n<p><a href=\"https:\/\/jobs.interiorhealth.ca\/job\/kelowna\/diabetes-eduation-nurse\/602\/13424200\"><span style=\"font-weight: 400;\">Infirmi\u00e8re en \u00e9ducation au diab\u00e8te, Kelowna BC &#8211; septembre 2019<\/span><\/a><\/p>\r\n<p><a href=\"http:\/\/www.cdecb.ca\/files\/cdecb\/Jobs\/Instructor%20Health%20Education%20Diabetes.pdf\"><span style=\"font-weight: 400;\">Instructeur, \u00e9ducation \u00e0 la sant\u00e9 &#8211; Diab\u00e8te &#8211; Qatar &#8211; juin 2019<\/span><\/a><\/p>\r\n<p><a href=\"http:\/\/www.cdecb.ca\/files\/cdecb\/Jobs\/Calling%20on%20CDE%202015.pdf\"><span style=\"font-weight: 400;\">Faire appel aux CDE de la Colombie-Britannique pour se connecter!<\/span><\/a><\/p>\r\n","protected":false},"excerpt":{"rendered":"<p>Si vous avez une possibilit\u00e9 d&#8217;emploi pour les \u00c9AD\u00ae, veuillez envoyer les informations par courriel \u00e0 office@cdecb.ca et nous serons heureux de les publier gratuitement pour vous! Les opportunit\u00e9s d&#8217;emploi suivantes sont disponibles: &nbsp; Infirmi\u00e8re en \u00e9ducation sur le diab\u00e8te \u00e0 l&rsquo;h\u00f4pital Dr. Helmcken Mem, C.-B. L&rsquo;H\u00f4pital Mount Sinai est \u00e0 la recherche d&rsquo;une infirmi\u00e8re [&hellip;]<\/p>\n","protected":false},"author":1,"featured_media":0,"parent":7334,"menu_order":0,"comment_status":"closed","ping_status":"closed","template":"","meta":{"_acf_changed":false,"site-sidebar-layout":"default","site-content-layout":"","ast-site-content-layout":"default","site-content-style":"default","site-sidebar-style":"default","ast-global-header-display":"","ast-banner-title-visibility":"","ast-main-header-display":"","ast-hfb-above-header-display":"","ast-hfb-below-header-display":"","ast-hfb-mobile-header-display":"","site-post-title":"","ast-breadcrumbs-content":"","ast-featured-img":"","footer-sml-layout":"","ast-disable-related-posts":"","theme-transparent-header-meta":"","adv-header-id-meta":"","stick-header-meta":"","header-above-stick-meta":"","header-main-stick-meta":"","header-below-stick-meta":"","astra-migrate-meta-layouts":"default","ast-page-background-enabled":"default","ast-page-background-meta":{"desktop":{"background-color":"","background-image":"","background-repeat":"repeat","background-position":"center center","background-size":"auto","background-attachment":"scroll","background-type":"","background-media":"","overlay-type":"","overlay-color":"","overlay-opacity":"","overlay-gradient":""},"tablet":{"background-color":"","background-image":"","background-repeat":"repeat","background-position":"center center","background-size":"auto","background-attachment":"scroll","background-type":"","background-media":"","overlay-type":"","overlay-color":"","overlay-opacity":"","overlay-gradient":""},"mobile":{"background-color":"","background-image":"","background-repeat":"repeat","background-position":"center center","background-size":"auto","background-attachment":"scroll","background-type":"","background-media":"","overlay-type":"","overlay-color":"","overlay-opacity":"","overlay-gradient":""}},"ast-content-background-meta":{"desktop":{"background-color":"var(--ast-global-color-5)","background-image":"","background-repeat":"repeat","background-position":"center center","background-size":"auto","background-attachment":"scroll","background-type":"","background-media":"","overlay-type":"","overlay-color":"","overlay-opacity":"","overlay-gradient":""},"tablet":{"background-color":"var(--ast-global-color-5)","background-image":"","background-repeat":"repeat","background-position":"center center","background-size":"auto","background-attachment":"scroll","background-type":"","background-media":"","overlay-type":"","overlay-color":"","overlay-opacity":"","overlay-gradient":""},"mobile":{"background-color":"var(--ast-global-color-5)","background-image":"","background-repeat":"repeat","background-position":"center center","background-size":"auto","background-attachment":"scroll","background-type":"","background-media":"","overlay-type":"","overlay-color":"","overlay-opacity":"","overlay-gradient":""}},"footnotes":""},"class_list":["post-7394","page","type-page","status-publish","hentry"],"acf":[],"_links":{"self":[{"href":"https:\/\/www.cdecb.ca\/fr\/wp-json\/wp\/v2\/pages\/7394","targetHints":{"allow":["GET"]}}],"collection":[{"href":"https:\/\/www.cdecb.ca\/fr\/wp-json\/wp\/v2\/pages"}],"about":[{"href":"https:\/\/www.cdecb.ca\/fr\/wp-json\/wp\/v2\/types\/page"}],"author":[{"embeddable":true,"href":"https:\/\/www.cdecb.ca\/fr\/wp-json\/wp\/v2\/users\/1"}],"replies":[{"embeddable":true,"href":"https:\/\/www.cdecb.ca\/fr\/wp-json\/wp\/v2\/comments?post=7394"}],"version-history":[{"count":3,"href":"https:\/\/www.cdecb.ca\/fr\/wp-json\/wp\/v2\/pages\/7394\/revisions"}],"predecessor-version":[{"id":7397,"href":"https:\/\/www.cdecb.ca\/fr\/wp-json\/wp\/v2\/pages\/7394\/revisions\/7397"}],"up":[{"embeddable":true,"href":"https:\/\/www.cdecb.ca\/fr\/wp-json\/wp\/v2\/pages\/7334"}],"wp:attachment":[{"href":"https:\/\/www.cdecb.ca\/fr\/wp-json\/wp\/v2\/media?parent=7394"}],"curies":[{"name":"wp","href":"https:\/\/api.w.org\/{rel}","templated":true}]}}