{"id":7398,"date":"2019-09-16T03:54:09","date_gmt":"2019-09-16T03:54:09","guid":{"rendered":"https:\/\/www.cdecb.ca\/news-annoucements\/"},"modified":"2021-08-23T18:32:58","modified_gmt":"2021-08-23T18:32:58","slug":"actualites-et-bulletins","status":"publish","type":"page","link":"https:\/\/www.cdecb.ca\/fr\/actualites-et-bulletins\/","title":{"rendered":"Actualit\u00e9s et bulletins"},"content":{"rendered":"\n\n\t\t\t<h1>Actualit\u00e9s et bulletins<\/h1>\t\t\t\n\t\t\tAo\u00fbt 23, 2021\t\t\t\n\t\t\t | \t\t\t\t\t\n\t\t\t\t\t\t\t\t\t<a href=\"https:\/\/www.cdecb.ca\/category\/job-postings\/\" rel=\"category tag\">Job Postings<\/a>\t\t\t\t\n\t\t\t\t\t\t\t<h4>\n\t\t\t\t<a href=https:\/\/www.cdecb.ca\/fr\/job-postings\/interior-health-bc-is-looking-for-a-diabetes-education-nurse\/ title=\"Interior Health BC is looking for a Diabetes Education Nurse\" tabindex=\"0\">Interior Health BC is looking for a Diabetes Education Nurse<\/a>\t\t\t<\/h4>\n\t\t\t<a href=\"https:\/\/www.cdecb.ca\/fr\/job-postings\/interior-health-bc-is-looking-for-a-diabetes-education-nurse\/\" target=\"_self\" rel=\"noopener\">Read More &#8594;<\/a>\t\t\n\t\t\tAo\u00fbt 19, 2021\t\t\t\n\t\t\t | \t\t\t\t\t\n\t\t\t\t\t\t\t\t\t<a href=\"https:\/\/www.cdecb.ca\/category\/job-postings\/\" rel=\"category tag\">Job Postings<\/a>\t\t\t\t\n\t\t\t\t\t\t\t<h4>\n\t\t\t\t<a href=https:\/\/www.cdecb.ca\/fr\/job-postings\/7269\/ title=\"Scarborough Health Network &#8211; RN\" tabindex=\"0\">Scarborough Health Network &#8211; RN<\/a>\t\t\t<\/h4>\n\t\t\t<a href=\"https:\/\/www.cdecb.ca\/fr\/job-postings\/7269\/\" target=\"_self\" rel=\"noopener\">Read More &#8594;<\/a>\t\t\n\t\t\tAo\u00fbt 19, 2021\t\t\t\n\t\t\t | \t\t\t\t\t\n\t\t\t\t\t\t\t\t\t<a href=\"https:\/\/www.cdecb.ca\/category\/job-postings\/\" rel=\"category tag\">Job Postings<\/a>\t\t\t\t\n\t\t\t\t\t\t\t<h4>\n\t\t\t\t<a href=https:\/\/www.cdecb.ca\/fr\/job-postings\/trillium-health-partners-part-time-rn\/ title=\"Trillium Health Partners &#8211; Part-Time RN\" tabindex=\"0\">Trillium Health Partners &#8211; Part-Time RN<\/a>\t\t\t<\/h4>\n\t\t\t<a href=\"https:\/\/www.cdecb.ca\/fr\/job-postings\/trillium-health-partners-part-time-rn\/\" target=\"_self\" rel=\"noopener\">Read More &#8594;<\/a>\t\t\n\t\t\tAo\u00fbt 19, 2021\t\t\t\n\t\t\t | \t\t\t\t\t\n\t\t\t\t\t\t\t\t\t<a href=\"https:\/\/www.cdecb.ca\/category\/job-postings\/\" rel=\"category tag\">Job Postings<\/a>\t\t\t\t\n\t\t\t\t\t\t\t<h4>\n\t\t\t\t<a href=https:\/\/www.cdecb.ca\/fr\/job-postings\/trillium-health-partners-full-time-rn\/ title=\"Trillium Health Partners &#8211; Full Time RN\" tabindex=\"0\">Trillium Health Partners &#8211; Full Time RN<\/a>\t\t\t<\/h4>\n\t\t\t<a href=\"https:\/\/www.cdecb.ca\/fr\/job-postings\/trillium-health-partners-full-time-rn\/\" target=\"_self\" rel=\"noopener\">Read More &#8594;<\/a>\t\t\n\t\t\tJuil 19, 2021\t\t\t\n\t\t\t | \t\t\t\t\t\n\t\t\t\t\t\t\t\t\t<a href=\"https:\/\/www.cdecb.ca\/category\/events\/\" rel=\"category tag\">Events<\/a>\t\t\t\t\n\t\t\t\t\t\t\t<h4>\n\t\t\t\t<a href=https:\/\/www.cdecb.ca\/fr\/events\/diabetes-canada-virtual-know-no-limits-with-type-1-diabetes-t1d-conference\/ title=\"Diabetes Canada:  Virtual Know No Limits with Type 1 Diabetes (T1D) Conference\" tabindex=\"0\">Diabetes Canada:  Virtual Know No Limits with Type 1 Diabetes (T1D) Conference<\/a>\t\t\t<\/h4>\n\t\t\t<a href=\"https:\/\/www.cdecb.ca\/fr\/events\/diabetes-canada-virtual-know-no-limits-with-type-1-diabetes-t1d-conference\/\" target=\"_self\" rel=\"noopener\">Read More &#8594;<\/a>\t\t\n\t\t\tJuil 19, 2021\t\t\t\n\t\t\t | \t\t\t\t\t\n\t\t\t\t\t\t\t\t\t<a href=\"https:\/\/www.cdecb.ca\/category\/job-postings\/\" rel=\"category tag\">Job Postings<\/a>\t\t\t\t\n\t\t\t\t\t\t\t<h4>\n\t\t\t\t<a href=https:\/\/www.cdecb.ca\/fr\/job-postings\/registered-dietitian-diabetes-management-centre-trillium-health-partners\/ title=\"Registered Dietitian &#8211; Diabetes Management Centre &#8211; Trillium Health Partners\" tabindex=\"0\">Registered Dietitian &#8211; Diabetes Management Centre &#8211; Trillium Health Partners<\/a>\t\t\t<\/h4>\n\t\t\t<a href=\"https:\/\/www.cdecb.ca\/fr\/job-postings\/registered-dietitian-diabetes-management-centre-trillium-health-partners\/\" target=\"_self\" rel=\"noopener\">Read More &#8594;<\/a>\t\t\n\t\t\tJuil 14, 2021\t\t\t\n\t\t\t | \t\t\t\t\t\n\t\t\t\t\t\t\t\t\t<a href=\"https:\/\/www.cdecb.ca\/category\/job-postings\/\" rel=\"category tag\">Job Postings<\/a>\t\t\t\t\n\t\t\t\t\t\t\t<h4>\n\t\t\t\t<a href=https:\/\/www.cdecb.ca\/fr\/job-postings\/diabetes-nurse-educator-winston-park-endocrinology-and-diabetes-oakville-on\/ title=\"Diabetes Nurse Educator Winston Park Endocrinology and Diabetes &#8211; Oakville, ON\" tabindex=\"0\">Diabetes Nurse Educator Winston Park Endocrinology and Diabetes &#8211; Oakville, ON<\/a>\t\t\t<\/h4>\n\t\t\t<a href=\"https:\/\/www.cdecb.ca\/fr\/job-postings\/diabetes-nurse-educator-winston-park-endocrinology-and-diabetes-oakville-on\/\" target=\"_self\" rel=\"noopener\">Read More &#8594;<\/a>\t\t\n\t\t\tJuin 18, 2021\t\t\t\n\t\t\t | \t\t\t\t\t\n\t\t\t\t\t\t\t\t\t<a href=\"https:\/\/www.cdecb.ca\/category\/events\/\" rel=\"category tag\">Events<\/a>\t\t\t\t\n\t\t\t\t\t\t\t<h4>\n\t\t\t\t<a href=https:\/\/www.cdecb.ca\/fr\/events\/2021-diabetes-canada-csem-professional-conference\/ title=\"2021 Diabetes Canada\/CSEM Professional Conference\" tabindex=\"0\">2021 Diabetes Canada\/CSEM Professional Conference<\/a>\t\t\t<\/h4>\n\t\t\t<a href=\"https:\/\/www.cdecb.ca\/fr\/events\/2021-diabetes-canada-csem-professional-conference\/\" target=\"_self\" rel=\"noopener\">Read More &#8594;<\/a>\t\t\n\t\t\tJuin 9, 2021\t\t\t\n\t\t\t | \t\t\t\t\t\n\t\t\t\t\t\t\t\t\t<a href=\"https:\/\/www.cdecb.ca\/category\/job-postings\/\" rel=\"category tag\">Job Postings<\/a>\t\t\t\t\n\t\t\t\t\t\t\t<h4>\n\t\t\t\t<a href=https:\/\/www.cdecb.ca\/fr\/job-postings\/scarborough-health-network-registered-nurse-diabetes-centre\/ title=\"Scarborough Health Network - Registered Nurse - Diabetes Centre\" tabindex=\"0\">Scarborough Health Network &#8211; Registered Nurse &#8211; Diabetes Centre<\/a>\t\t\t<\/h4>\n\t\t\t<a href=\"https:\/\/www.cdecb.ca\/fr\/job-postings\/scarborough-health-network-registered-nurse-diabetes-centre\/\" target=\"_self\" rel=\"noopener\">Read More &#8594;<\/a>\t\t\n\t\t\tJuin 8, 2021\t\t\t\n\t\t\t | \t\t\t\t\t\n\t\t\t\t\t\t\t\t\t<a href=\"https:\/\/www.cdecb.ca\/category\/job-postings\/\" rel=\"category tag\">Job Postings<\/a>\t\t\t\t\n\t\t\t\t\t\t\t<h4>\n\t\t\t\t<a href=https:\/\/www.cdecb.ca\/fr\/job-postings\/diabetes-nurse-educator-muskoka-algonquin-healthcare\/ title=\"Diabetes Nurse Educator   Muskoka Algonquin Healthcare\" tabindex=\"0\">Diabetes Nurse Educator   Muskoka Algonquin Healthcare<\/a>\t\t\t<\/h4>\n\t\t\t<a href=\"https:\/\/www.cdecb.ca\/fr\/job-postings\/diabetes-nurse-educator-muskoka-algonquin-healthcare\/\" target=\"_self\" rel=\"noopener\">Read More &#8594;<\/a>\t\t\n\t\t\t<h3>Faire du b\u00e9n\u00e9volat<\/h3>\t\t\t\n\t\t\t\t<p>Les b\u00e9n\u00e9voles sont un \u00e9l\u00e9ment important du Conseil canadien d&rsquo;agr\u00e9ment des \u00e9ducateurs en diab\u00e8te. Leur connaissance du diab\u00e8te a permis au Conseil canadien d&rsquo;agr\u00e9ment des \u00e9ducateurs en diab\u00e8te d&rsquo;\u00eatre ce qu&rsquo;il est. <\/p>\n\t\t\t<a href=\"https:\/\/www.cdecb.ca\/fr\/professionnels\/benevolat\/\" target=\"_self\" role=\"button\" aria-label=\"En savoir plus sur le b\u00e9n\u00e9volat\" rel=\"noopener\">\n\t\t\t\t\t\t\tEn savoir plus sur le b\u00e9n\u00e9volat\n\t\t<\/a>\n\t<div class=\"ast-breadcrumbs-wrapper\">\n\t\t\t<div class=\"ast-breadcrumbs-inner\"><nav role=\"navigation\" aria-label=\"Breadcrumbs\" class=\"breadcrumb-trail breadcrumbs\" ><div class=\"ast-breadcrumbs\"><ul class=\"trail-items\" ><li  class=\"trail-item trail-end\"><span><a href=\"https:\/\/www.cdecb.ca\/fr\/\" rel=\"home\"><span >Accueil<\/span><\/a><\/span><\/li><\/ul><\/div><\/nav><\/div>\n\t\t<\/div>\n\n","protected":false},"excerpt":{"rendered":"<p>Actualit\u00e9s et bulletins Ao\u00fbt 23, 2021 | Job Postings Interior Health BC is looking for a Diabetes Education Nurse Read More &#8594; Ao\u00fbt 19, 2021 | Job Postings Scarborough Health Network &#8211; RN Read More &#8594; Ao\u00fbt 19, 2021 | Job Postings Trillium Health Partners &#8211; Part-Time RN Read More &#8594; Ao\u00fbt 19, 2021 | [&hellip;]<\/p>\n","protected":false},"author":1,"featured_media":0,"parent":0,"menu_order":0,"comment_status":"closed","ping_status":"closed","template":"","meta":{"_acf_changed":false,"site-sidebar-layout":"no-sidebar","site-content-layout":"page-builder","ast-site-content-layout":"full-width-container","site-content-style":"unboxed","site-sidebar-style":"unboxed","ast-global-header-display":"","ast-banner-title-visibility":"","ast-main-header-display":"","ast-hfb-above-header-display":"","ast-hfb-below-header-display":"","ast-hfb-mobile-header-display":"","site-post-title":"disabled","ast-breadcrumbs-content":"","ast-featured-img":"disabled","footer-sml-layout":"","ast-disable-related-posts":"","theme-transparent-header-meta":"default","adv-header-id-meta":"","stick-header-meta":"","header-above-stick-meta":"","header-main-stick-meta":"","header-below-stick-meta":"","astra-migrate-meta-layouts":"default","ast-page-background-enabled":"default","ast-page-background-meta":{"desktop":{"background-color":"","background-image":"","background-repeat":"repeat","background-position":"center center","background-size":"auto","background-attachment":"scroll","background-type":"","background-media":"","overlay-type":"","overlay-color":"","overlay-opacity":"","overlay-gradient":""},"tablet":{"background-color":"","background-image":"","background-repeat":"repeat","background-position":"center center","background-size":"auto","background-attachment":"scroll","background-type":"","background-media":"","overlay-type":"","overlay-color":"","overlay-opacity":"","overlay-gradient":""},"mobile":{"background-color":"","background-image":"","background-repeat":"repeat","background-position":"center center","background-size":"auto","background-attachment":"scroll","background-type":"","background-media":"","overlay-type":"","overlay-color":"","overlay-opacity":"","overlay-gradient":""}},"ast-content-background-meta":{"desktop":{"background-color":"var(--ast-global-color-5)","background-image":"","background-repeat":"repeat","background-position":"center center","background-size":"auto","background-attachment":"scroll","background-type":"","background-media":"","overlay-type":"","overlay-color":"","overlay-opacity":"","overlay-gradient":""},"tablet":{"background-color":"var(--ast-global-color-5)","background-image":"","background-repeat":"repeat","background-position":"center center","background-size":"auto","background-attachment":"scroll","background-type":"","background-media":"","overlay-type":"","overlay-color":"","overlay-opacity":"","overlay-gradient":""},"mobile":{"background-color":"var(--ast-global-color-5)","background-image":"","background-repeat":"repeat","background-position":"center center","background-size":"auto","background-attachment":"scroll","background-type":"","background-media":"","overlay-type":"","overlay-color":"","overlay-opacity":"","overlay-gradient":""}},"footnotes":""},"class_list":["post-7398","page","type-page","status-publish","hentry"],"acf":[],"_links":{"self":[{"href":"https:\/\/www.cdecb.ca\/fr\/wp-json\/wp\/v2\/pages\/7398","targetHints":{"allow":["GET"]}}],"collection":[{"href":"https:\/\/www.cdecb.ca\/fr\/wp-json\/wp\/v2\/pages"}],"about":[{"href":"https:\/\/www.cdecb.ca\/fr\/wp-json\/wp\/v2\/types\/page"}],"author":[{"embeddable":true,"href":"https:\/\/www.cdecb.ca\/fr\/wp-json\/wp\/v2\/users\/1"}],"replies":[{"embeddable":true,"href":"https:\/\/www.cdecb.ca\/fr\/wp-json\/wp\/v2\/comments?post=7398"}],"version-history":[{"count":7,"href":"https:\/\/www.cdecb.ca\/fr\/wp-json\/wp\/v2\/pages\/7398\/revisions"}],"predecessor-version":[{"id":7458,"href":"https:\/\/www.cdecb.ca\/fr\/wp-json\/wp\/v2\/pages\/7398\/revisions\/7458"}],"wp:attachment":[{"href":"https:\/\/www.cdecb.ca\/fr\/wp-json\/wp\/v2\/media?parent=7398"}],"curies":[{"name":"wp","href":"https:\/\/api.w.org\/{rel}","templated":true}]}}