{"id":7404,"date":"2019-08-14T19:48:36","date_gmt":"2019-08-14T19:48:36","guid":{"rendered":"https:\/\/www.cdecb.ca\/privacy-policy\/"},"modified":"2021-08-23T17:35:41","modified_gmt":"2021-08-23T17:35:41","slug":"politique-de-confidentialite","status":"publish","type":"page","link":"https:\/\/www.cdecb.ca\/fr\/politique-de-confidentialite\/","title":{"rendered":"Politique de confidentialit\u00e9"},"content":{"rendered":"\r\n<p><\/p>\r\n<p>Le CCAED respecte votre vie priv\u00e9e. Le CCAED prot\u00e8ge vos renseignements personnels et adh\u00e8re \u00e0 toutes les exigences l\u00e9gislatives en mati\u00e8re de protection de la vie priv\u00e9e.<\/p>\r\n<p>Le CCAED ne loue, ne vend ni n&rsquo;\u00e9change nos listes de diffusion.<\/p>\r\n<p>Les informations que vous fournissez seront utilis\u00e9es pour fournir des services et vous tenir inform\u00e9 et au courant de nos activit\u00e9s, y compris les programmes, les services, les \u00e9v\u00e9nements sp\u00e9ciaux, les besoins de financement, les opportunit\u00e9s de b\u00e9n\u00e9volat et de don, et plus encore, gr\u00e2ce \u00e0 des contacts p\u00e9riodiques.<\/p>\r\n<p>Le CCAED se r\u00e9serve le droit de confirmer\/publier les noms des titulaires d&rsquo;un titre de certification. Si vous ne souhaitez pas que cette information soit divulgu\u00e9e, vous devez en aviser le bureau du CCAED par \u00e9crit par courrier recommand\u00e9 de Postes Canada.<\/p>\r\n<p>Le CCAED peut distribuer du mat\u00e9riel provenant de tiers tels que des organisations \u00e9ducatives et l&rsquo;industrie, qui souhaitent promouvoir des \u00e9v\u00e9nements sp\u00e9ciaux et\/ou informer les \u00e9ducateurs en diab\u00e8te des nouveaux produits et ressources pour la gestion du diab\u00e8te. Avant une telle distribution, le CCAED examine tous les documents pour s&rsquo;assurer qu&rsquo;ils sont pertinents pour la pratique de l&rsquo;\u00e9ducation au diab\u00e8te. Si vous pr\u00e9f\u00e9rez ne pas recevoir ces envois, veuillez en aviser le CCAED par \u00e9crit par courrier recommand\u00e9 de Postes Canada.<\/p>\r\n<p>Si, \u00e0 tout moment, vous souhaitez \u00eatre retir\u00e9 de l&rsquo;une de nos listes de contacts, faites-le nous savoir, en fournissant votre nom, votre adresse, ainsi que votre num\u00e9ro de t\u00e9l\u00e9phone et votre indicatif r\u00e9gional. Nous nous ferons un plaisir de r\u00e9pondre \u00e0 votre demande lorsqu&rsquo;elle sera re\u00e7ue par courrier recommand\u00e9 de Postes Canada.<\/p>\r\n","protected":false},"excerpt":{"rendered":"<p>Le CCAED respecte votre vie priv\u00e9e. Le CCAED prot\u00e8ge vos renseignements personnels et adh\u00e8re \u00e0 toutes les exigences l\u00e9gislatives en mati\u00e8re de protection de la vie priv\u00e9e. Le CCAED ne loue, ne vend ni n&rsquo;\u00e9change nos listes de diffusion. Les informations que vous fournissez seront utilis\u00e9es pour fournir des services et vous tenir inform\u00e9 et [&hellip;]<\/p>\n","protected":false},"author":1,"featured_media":0,"parent":0,"menu_order":0,"comment_status":"closed","ping_status":"closed","template":"","meta":{"_acf_changed":false,"site-sidebar-layout":"default","site-content-layout":"default","ast-site-content-layout":"default","site-content-style":"default","site-sidebar-style":"default","ast-global-header-display":"","ast-banner-title-visibility":"","ast-main-header-display":"","ast-hfb-above-header-display":"","ast-hfb-below-header-display":"","ast-hfb-mobile-header-display":"","site-post-title":"","ast-breadcrumbs-content":"","ast-featured-img":"","footer-sml-layout":"","ast-disable-related-posts":"","theme-transparent-header-meta":"default","adv-header-id-meta":"","stick-header-meta":"","header-above-stick-meta":"","header-main-stick-meta":"","header-below-stick-meta":"","astra-migrate-meta-layouts":"default","ast-page-background-enabled":"default","ast-page-background-meta":{"desktop":{"background-color":"","background-image":"","background-repeat":"repeat","background-position":"center center","background-size":"auto","background-attachment":"scroll","background-type":"","background-media":"","overlay-type":"","overlay-color":"","overlay-opacity":"","overlay-gradient":""},"tablet":{"background-color":"","background-image":"","background-repeat":"repeat","background-position":"center center","background-size":"auto","background-attachment":"scroll","background-type":"","background-media":"","overlay-type":"","overlay-color":"","overlay-opacity":"","overlay-gradient":""},"mobile":{"background-color":"","background-image":"","background-repeat":"repeat","background-position":"center center","background-size":"auto","background-attachment":"scroll","background-type":"","background-media":"","overlay-type":"","overlay-color":"","overlay-opacity":"","overlay-gradient":""}},"ast-content-background-meta":{"desktop":{"background-color":"var(--ast-global-color-5)","background-image":"","background-repeat":"repeat","background-position":"center center","background-size":"auto","background-attachment":"scroll","background-type":"","background-media":"","overlay-type":"","overlay-color":"","overlay-opacity":"","overlay-gradient":""},"tablet":{"background-color":"var(--ast-global-color-5)","background-image":"","background-repeat":"repeat","background-position":"center center","background-size":"auto","background-attachment":"scroll","background-type":"","background-media":"","overlay-type":"","overlay-color":"","overlay-opacity":"","overlay-gradient":""},"mobile":{"background-color":"var(--ast-global-color-5)","background-image":"","background-repeat":"repeat","background-position":"center center","background-size":"auto","background-attachment":"scroll","background-type":"","background-media":"","overlay-type":"","overlay-color":"","overlay-opacity":"","overlay-gradient":""}},"footnotes":""},"class_list":["post-7404","page","type-page","status-publish","hentry"],"acf":[],"_links":{"self":[{"href":"https:\/\/www.cdecb.ca\/fr\/wp-json\/wp\/v2\/pages\/7404","targetHints":{"allow":["GET"]}}],"collection":[{"href":"https:\/\/www.cdecb.ca\/fr\/wp-json\/wp\/v2\/pages"}],"about":[{"href":"https:\/\/www.cdecb.ca\/fr\/wp-json\/wp\/v2\/types\/page"}],"author":[{"embeddable":true,"href":"https:\/\/www.cdecb.ca\/fr\/wp-json\/wp\/v2\/users\/1"}],"replies":[{"embeddable":true,"href":"https:\/\/www.cdecb.ca\/fr\/wp-json\/wp\/v2\/comments?post=7404"}],"version-history":[{"count":2,"href":"https:\/\/www.cdecb.ca\/fr\/wp-json\/wp\/v2\/pages\/7404\/revisions"}],"predecessor-version":[{"id":7406,"href":"https:\/\/www.cdecb.ca\/fr\/wp-json\/wp\/v2\/pages\/7404\/revisions\/7406"}],"wp:attachment":[{"href":"https:\/\/www.cdecb.ca\/fr\/wp-json\/wp\/v2\/media?parent=7404"}],"curies":[{"name":"wp","href":"https:\/\/api.w.org\/{rel}","templated":true}]}}